{"id":243578,"date":"2025-03-20T14:57:34","date_gmt":"2025-03-20T14:57:34","guid":{"rendered":"https:\/\/aromasentia.com\/product\/10x-10ml-niaouli-essential-oil-unlabelled\/"},"modified":"2025-05-31T20:45:51","modified_gmt":"2025-05-31T20:45:51","slug":"niaouli-aceite-esencial-sin-etiqueta-10ml","status":"publish","type":"product","link":"https:\/\/aromasentia.com\/es\/niaouli-aceite-esencial-sin-etiqueta-10ml\/","title":{"rendered":"Niaouli Aceite Esencial-Sin Etiqueta 10ml"},"content":{"rendered":"<p>Limpie y tonifique con este envase de 10 ml de Aceite Esencial de Niaul\u00ed sin etiquetar. Pariente del \u00e1rbol del t\u00e9, el niaul\u00ed tiene un aroma fuerte, fresco, alcanforado y ligeramente dulz\u00f3n. Es conocido por sus poderosas propiedades antis\u00e9pticas, antivirales y expectorantes, por lo que es excelente para el apoyo respiratorio y la limpieza de la piel. Su aroma estimulante tambi\u00e9n puede ayudar a despejar la mente y aumentar el estado de alerta. Un aceite robusto y purificante, ideal para difusi\u00f3n durante la estaci\u00f3n fr\u00eda o para a\u00f1adir a preparados clarificantes para el cuidado de la piel.<\/p>\n","protected":false},"excerpt":{"rendered":"<p>Limpie y tonifique con este envase de 10 ml de Aceite Esencial de Niaul\u00ed sin etiquetar. Pariente del \u00e1rbol del t\u00e9, el niaul\u00ed tiene un aroma fuerte, fresco, alcanforado y ligeramente dulz\u00f3n. Es conocido por sus poderosas propiedades antis\u00e9pticas, antivirales y expectorantes, por lo que es excelente para el apoyo respiratorio y la limpieza de [&hellip;]<\/p>\n","protected":false},"featured_media":264091,"comment_status":"closed","ping_status":"open","template":"","meta":{"_angie_page":false},"product_brand":[27095],"product_cat":[23652,25844,16460,26870,26299],"product_tag":[],"class_list":{"0":"post-243578","1":"product","2":"type-product","3":"status-publish","4":"has-post-thumbnail","6":"product_brand-ancient-wisdom","7":"product_cat-aceites-esenciales","8":"product_cat-aromas","9":"product_cat-aromaterapia-y-fragancias-para-hogar","10":"product_cat-medicinal-alcanforado","11":"product_cat-niauli","12":"pa_collection-gifts-unbranded-essential-oils-es","13":"pa_made-in-indonesia","14":"pa_size-10ml","16":"first","17":"instock","18":"purchasable","19":"product-type-simple"},"supplier_id":null,"supplier_sku":"EOUL-44","barcode":null,"atum_controlled":true,"out_stock_date":null,"out_stock_threshold":null,"inheritable":false,"inbound_stock":null,"stock_on_hold":0,"sold_today":0,"sales_last_days":0,"reserved_stock":null,"customer_returns":null,"warehouse_damage":null,"lost_in_post":null,"other_logs":null,"out_stock_days":9,"lost_sales":0,"has_location":null,"update_date":"2026-04-27T07:01:53","atum_locations":[],"atum_stock_status":"instock","restock_status":false,"low_stock_amount":"","sales_update_date":"2026-01-30T01:25:01","calc_backorders":null,"_links":{"self":[{"href":"https:\/\/aromasentia.com\/es\/wp-json\/wp\/v2\/product\/243578","targetHints":{"allow":["GET"]}}],"collection":[{"href":"https:\/\/aromasentia.com\/es\/wp-json\/wp\/v2\/product"}],"about":[{"href":"https:\/\/aromasentia.com\/es\/wp-json\/wp\/v2\/types\/product"}],"replies":[{"embeddable":true,"href":"https:\/\/aromasentia.com\/es\/wp-json\/wp\/v2\/comments?post=243578"}],"version-history":[{"count":0,"href":"https:\/\/aromasentia.com\/es\/wp-json\/wp\/v2\/product\/243578\/revisions"}],"wp:featuredmedia":[{"embeddable":true,"href":"https:\/\/aromasentia.com\/es\/wp-json\/wp\/v2\/media\/264091"}],"wp:attachment":[{"href":"https:\/\/aromasentia.com\/es\/wp-json\/wp\/v2\/media?parent=243578"}],"wp:term":[{"taxonomy":"product_brand","embeddable":true,"href":"https:\/\/aromasentia.com\/es\/wp-json\/wp\/v2\/product_brand?post=243578"},{"taxonomy":"product_cat","embeddable":true,"href":"https:\/\/aromasentia.com\/es\/wp-json\/wp\/v2\/product_cat?post=243578"},{"taxonomy":"product_tag","embeddable":true,"href":"https:\/\/aromasentia.com\/es\/wp-json\/wp\/v2\/product_tag?post=243578"}],"curies":[{"name":"wp","href":"https:\/\/api.w.org\/{rel}","templated":true}]}}