{"id":243530,"date":"2025-03-20T14:58:02","date_gmt":"2025-03-20T14:58:02","guid":{"rendered":"https:\/\/aromasentia.com\/product\/10x-10ml-melissa-blend-essential-oil-unlabelled\/"},"modified":"2025-05-31T20:45:06","modified_gmt":"2025-05-31T20:45:06","slug":"melisaaceite-esencial-sin-etiqueta-10ml","status":"publish","type":"product","link":"https:\/\/aromasentia.com\/es\/melisaaceite-esencial-sin-etiqueta-10ml\/","title":{"rendered":"MelisaAceite Esencial-Sin Etiqueta 10ml"},"content":{"rendered":"<p>Lev\u00e1ntate y refr\u00e9scate con este lote de 10 ml de Aceite Esencial de Melisa (mezcla) sin etiquetar. A menudo conocida como toronjil, la melisa tiene un aroma ligero, fresco y dulce como el lim\u00f3n, apreciado por sus propiedades calmantes y estimulantes. Esta mezcla captura su alegre esencia, perfecta para aliviar la tensi\u00f3n nerviosa, promover el bienestar emocional y crear un ambiente alegre y luminoso. Ideal para difusi\u00f3n o suaves aplicaciones t\u00f3picas cuando se diluye adecuadamente, aporta un toque de sol y serenidad a su d\u00eda, listo para su marca \u00fanica.<\/p>\n","protected":false},"excerpt":{"rendered":"<p>Lev\u00e1ntate y refr\u00e9scate con este lote de 10 ml de Aceite Esencial de Melisa (mezcla) sin etiquetar. A menudo conocida como toronjil, la melisa tiene un aroma ligero, fresco y dulce como el lim\u00f3n, apreciado por sus propiedades calmantes y estimulantes. Esta mezcla captura su alegre esencia, perfecta para aliviar la tensi\u00f3n nerviosa, promover el [&hellip;]<\/p>\n","protected":false},"featured_media":264217,"comment_status":"closed","ping_status":"open","template":"","meta":{"_angie_page":false},"product_brand":[27095],"product_cat":[23652,25844,16460,26863,26279,26652],"product_tag":[],"class_list":{"0":"post-243530","1":"product","2":"type-product","3":"status-publish","4":"has-post-thumbnail","6":"product_brand-ancient-wisdom","7":"product_cat-aceites-esenciales","8":"product_cat-aromas","9":"product_cat-aromaterapia-y-fragancias-para-hogar","10":"product_cat-herbal-aromatico","11":"product_cat-melisa-mezcla","12":"product_cat-mezclas-aceites-esenciales","13":"pa_collection-gifts-unbranded-essential-oils-es","14":"pa_made-in-reino-unido","15":"pa_size-10ml","17":"first","18":"instock","19":"purchasable","20":"product-type-simple"},"supplier_id":null,"supplier_sku":"EOUL-61","barcode":null,"atum_controlled":true,"out_stock_date":null,"out_stock_threshold":null,"inheritable":false,"inbound_stock":null,"stock_on_hold":0,"sold_today":0,"sales_last_days":0,"reserved_stock":null,"customer_returns":null,"warehouse_damage":null,"lost_in_post":null,"other_logs":null,"out_stock_days":0,"lost_sales":0,"has_location":null,"update_date":"2026-05-04T00:02:52","atum_locations":[],"atum_stock_status":"instock","restock_status":false,"low_stock_amount":"","sales_update_date":"2026-02-06T00:02:50","calc_backorders":null,"_links":{"self":[{"href":"https:\/\/aromasentia.com\/es\/wp-json\/wp\/v2\/product\/243530","targetHints":{"allow":["GET"]}}],"collection":[{"href":"https:\/\/aromasentia.com\/es\/wp-json\/wp\/v2\/product"}],"about":[{"href":"https:\/\/aromasentia.com\/es\/wp-json\/wp\/v2\/types\/product"}],"replies":[{"embeddable":true,"href":"https:\/\/aromasentia.com\/es\/wp-json\/wp\/v2\/comments?post=243530"}],"version-history":[{"count":0,"href":"https:\/\/aromasentia.com\/es\/wp-json\/wp\/v2\/product\/243530\/revisions"}],"wp:featuredmedia":[{"embeddable":true,"href":"https:\/\/aromasentia.com\/es\/wp-json\/wp\/v2\/media\/264217"}],"wp:attachment":[{"href":"https:\/\/aromasentia.com\/es\/wp-json\/wp\/v2\/media?parent=243530"}],"wp:term":[{"taxonomy":"product_brand","embeddable":true,"href":"https:\/\/aromasentia.com\/es\/wp-json\/wp\/v2\/product_brand?post=243530"},{"taxonomy":"product_cat","embeddable":true,"href":"https:\/\/aromasentia.com\/es\/wp-json\/wp\/v2\/product_cat?post=243530"},{"taxonomy":"product_tag","embeddable":true,"href":"https:\/\/aromasentia.com\/es\/wp-json\/wp\/v2\/product_tag?post=243530"}],"curies":[{"name":"wp","href":"https:\/\/api.w.org\/{rel}","templated":true}]}}