{"id":243518,"date":"2025-03-20T14:58:02","date_gmt":"2025-03-20T14:58:02","guid":{"rendered":"https:\/\/aromasentia.com\/product\/10x-10ml-dill-seed-essential-oil-unlabelled\/"},"modified":"2025-05-31T20:44:58","modified_gmt":"2025-05-31T20:44:58","slug":"semilla-de-eneldo-aceite-esencial-sin-etiqueta-10ml","status":"publish","type":"product","link":"https:\/\/aromasentia.com\/es\/semilla-de-eneldo-aceite-esencial-sin-etiqueta-10ml\/","title":{"rendered":"Semilla de Eneldo Aceite Esencial-Sin Etiqueta 10ml"},"content":{"rendered":"<p>Calme y tranquilice con este paquete de 10 unidades de Aceite Esencial de Semillas de Eneldo de 10 ml sin etiquetar. Este aceite tiene un distintivo aroma herb\u00e1ceo, ligeramente picante y dulce que recuerda al eneldo fresco. Tradicionalmente, el aceite de semillas de eneldo es conocido por sus propiedades carminativas, que ayudan a aliviar las molestias digestivas, la hinchaz\u00f3n y los gases. Su aroma calmante tambi\u00e9n puede ser sorprendentemente relajante y ayudar a aliviar la tensi\u00f3n nerviosa. Un aceite \u00fanico y suave para promover el bienestar digestivo y una sensaci\u00f3n de calma, listo para su etiquetado individual.<\/p>\n","protected":false},"excerpt":{"rendered":"<p>Calme y tranquilice con este paquete de 10 unidades de Aceite Esencial de Semillas de Eneldo de 10 ml sin etiquetar. Este aceite tiene un distintivo aroma herb\u00e1ceo, ligeramente picante y dulce que recuerda al eneldo fresco. Tradicionalmente, el aceite de semillas de eneldo es conocido por sus propiedades carminativas, que ayudan a aliviar las [&hellip;]<\/p>\n","protected":false},"featured_media":264190,"comment_status":"closed","ping_status":"open","template":"","meta":{"_angie_page":false},"product_brand":[27095],"product_cat":[23652,25844,16460,26863,26171],"product_tag":[],"class_list":{"0":"post-243518","1":"product","2":"type-product","3":"status-publish","4":"has-post-thumbnail","6":"product_brand-ancient-wisdom","7":"product_cat-aceites-esenciales","8":"product_cat-aromas","9":"product_cat-aromaterapia-y-fragancias-para-hogar","10":"product_cat-herbal-aromatico","11":"product_cat-semilla-de-eneldo","12":"pa_collection-gifts-unbranded-essential-oils-es","13":"pa_made-in-hungria","14":"pa_size-10ml","16":"first","17":"instock","18":"purchasable","19":"product-type-simple"},"supplier_id":null,"supplier_sku":"EOUL-58","barcode":null,"atum_controlled":true,"out_stock_date":null,"out_stock_threshold":null,"inheritable":false,"inbound_stock":null,"stock_on_hold":0,"sold_today":0,"sales_last_days":0,"reserved_stock":null,"customer_returns":null,"warehouse_damage":null,"lost_in_post":null,"other_logs":null,"out_stock_days":0,"lost_sales":0,"has_location":null,"update_date":"2026-04-27T07:01:53","atum_locations":[],"atum_stock_status":"instock","restock_status":false,"low_stock_amount":"","sales_update_date":"2025-09-05T00:16:42","calc_backorders":null,"_links":{"self":[{"href":"https:\/\/aromasentia.com\/es\/wp-json\/wp\/v2\/product\/243518","targetHints":{"allow":["GET"]}}],"collection":[{"href":"https:\/\/aromasentia.com\/es\/wp-json\/wp\/v2\/product"}],"about":[{"href":"https:\/\/aromasentia.com\/es\/wp-json\/wp\/v2\/types\/product"}],"replies":[{"embeddable":true,"href":"https:\/\/aromasentia.com\/es\/wp-json\/wp\/v2\/comments?post=243518"}],"version-history":[{"count":0,"href":"https:\/\/aromasentia.com\/es\/wp-json\/wp\/v2\/product\/243518\/revisions"}],"wp:featuredmedia":[{"embeddable":true,"href":"https:\/\/aromasentia.com\/es\/wp-json\/wp\/v2\/media\/264190"}],"wp:attachment":[{"href":"https:\/\/aromasentia.com\/es\/wp-json\/wp\/v2\/media?parent=243518"}],"wp:term":[{"taxonomy":"product_brand","embeddable":true,"href":"https:\/\/aromasentia.com\/es\/wp-json\/wp\/v2\/product_brand?post=243518"},{"taxonomy":"product_cat","embeddable":true,"href":"https:\/\/aromasentia.com\/es\/wp-json\/wp\/v2\/product_cat?post=243518"},{"taxonomy":"product_tag","embeddable":true,"href":"https:\/\/aromasentia.com\/es\/wp-json\/wp\/v2\/product_tag?post=243518"}],"curies":[{"name":"wp","href":"https:\/\/api.w.org\/{rel}","templated":true}]}}