{"id":243514,"date":"2025-03-20T14:58:02","date_gmt":"2025-03-20T14:58:02","guid":{"rendered":"https:\/\/aromasentia.com\/product\/10x-10ml-white-camphor-essential-oil-unlabelled\/"},"modified":"2025-05-31T20:44:55","modified_gmt":"2025-05-31T20:44:55","slug":"alcanfor-blanco-aceite-esencial-sin-etiqueta-10ml","status":"publish","type":"product","link":"https:\/\/aromasentia.com\/es\/alcanfor-blanco-aceite-esencial-sin-etiqueta-10ml\/","title":{"rendered":"Alcanfor Blanco Aceite Esencial-Sin Etiqueta 10ml"},"content":{"rendered":"<p>Experimente el potente y clarificador aroma de este paquete de 10 unidades de Aceite Esencial de Alcanfor Blanco de 10 ml sin etiquetar. Con su aroma fuerte, penetrante y medicinal, el aceite de alcanfor blanco se utiliza tradicionalmente por sus efectos estimulantes, descongestionantes y analg\u00e9sicos. Puede ser especialmente beneficioso en mezclas destinadas a favorecer la funci\u00f3n respiratoria, aliviar dolores musculares o actuar como repelente natural de insectos. Su fragancia aguda y energizante tambi\u00e9n ayuda a despejar la mente y promueve la agudeza mental. Un aceite terap\u00e9utico cl\u00e1sico.<\/p>\n","protected":false},"excerpt":{"rendered":"<p>Experimente el potente y clarificador aroma de este paquete de 10 unidades de Aceite Esencial de Alcanfor Blanco de 10 ml sin etiquetar. Con su aroma fuerte, penetrante y medicinal, el aceite de alcanfor blanco se utiliza tradicionalmente por sus efectos estimulantes, descongestionantes y analg\u00e9sicos. Puede ser especialmente beneficioso en mezclas destinadas a favorecer la [&hellip;]<\/p>\n","protected":false},"featured_media":264181,"comment_status":"closed","ping_status":"open","template":"","meta":{"_angie_page":false},"product_brand":[27095],"product_cat":[23652,26432,25844,16460,26870],"product_tag":[],"class_list":{"0":"post-243514","1":"product","2":"type-product","3":"status-publish","4":"has-post-thumbnail","6":"product_brand-ancient-wisdom","7":"product_cat-aceites-esenciales","8":"product_cat-alcanfor-blanco","9":"product_cat-aromas","10":"product_cat-aromaterapia-y-fragancias-para-hogar","11":"product_cat-medicinal-alcanforado","12":"pa_collection-gifts-unbranded-essential-oils-es","13":"pa_made-in-china","14":"pa_size-10ml","16":"first","17":"instock","18":"purchasable","19":"product-type-simple"},"supplier_id":null,"supplier_sku":"EOUL-57","barcode":null,"atum_controlled":true,"out_stock_date":null,"out_stock_threshold":null,"inheritable":false,"inbound_stock":null,"stock_on_hold":0,"sold_today":0,"sales_last_days":0,"reserved_stock":null,"customer_returns":null,"warehouse_damage":null,"lost_in_post":null,"other_logs":null,"out_stock_days":0,"lost_sales":0,"has_location":null,"update_date":"2026-05-08T05:08:28","atum_locations":[],"atum_stock_status":"instock","restock_status":false,"low_stock_amount":"","sales_update_date":"2026-01-30T01:25:52","calc_backorders":null,"_links":{"self":[{"href":"https:\/\/aromasentia.com\/es\/wp-json\/wp\/v2\/product\/243514","targetHints":{"allow":["GET"]}}],"collection":[{"href":"https:\/\/aromasentia.com\/es\/wp-json\/wp\/v2\/product"}],"about":[{"href":"https:\/\/aromasentia.com\/es\/wp-json\/wp\/v2\/types\/product"}],"replies":[{"embeddable":true,"href":"https:\/\/aromasentia.com\/es\/wp-json\/wp\/v2\/comments?post=243514"}],"version-history":[{"count":0,"href":"https:\/\/aromasentia.com\/es\/wp-json\/wp\/v2\/product\/243514\/revisions"}],"wp:featuredmedia":[{"embeddable":true,"href":"https:\/\/aromasentia.com\/es\/wp-json\/wp\/v2\/media\/264181"}],"wp:attachment":[{"href":"https:\/\/aromasentia.com\/es\/wp-json\/wp\/v2\/media?parent=243514"}],"wp:term":[{"taxonomy":"product_brand","embeddable":true,"href":"https:\/\/aromasentia.com\/es\/wp-json\/wp\/v2\/product_brand?post=243514"},{"taxonomy":"product_cat","embeddable":true,"href":"https:\/\/aromasentia.com\/es\/wp-json\/wp\/v2\/product_cat?post=243514"},{"taxonomy":"product_tag","embeddable":true,"href":"https:\/\/aromasentia.com\/es\/wp-json\/wp\/v2\/product_tag?post=243514"}],"curies":[{"name":"wp","href":"https:\/\/api.w.org\/{rel}","templated":true}]}}