{"id":243506,"date":"2025-03-20T14:58:02","date_gmt":"2025-03-20T14:58:02","guid":{"rendered":"https:\/\/aromasentia.com\/product\/10x-10ml-carrot-seed-essential-oil-unlabelled\/"},"modified":"2025-05-31T20:44:48","modified_gmt":"2025-05-31T20:44:48","slug":"semilla-de-zanahoria-aceite-esencial-sin-etiqueta-10ml","status":"publish","type":"product","link":"https:\/\/aromasentia.com\/es\/semilla-de-zanahoria-aceite-esencial-sin-etiqueta-10ml\/","title":{"rendered":"Semilla de Zanahoria Aceite Esencial-Sin Etiqueta 10ml"},"content":{"rendered":"<p>Rejuvenezca y repare con este envase de 10 ml de Aceite Esencial de Semilla de Zanahoria sin etiquetar. Este aceite posee un aroma \u00fanico, seco, terroso, amaderado y ligeramente dulce. La semilla de zanahoria es muy apreciada en el cuidado de la piel por sus poderosas propiedades rejuvenecedoras, tonificantes y antioxidantes. Ayuda a revitalizar los cutis apagados, mejora la elasticidad y favorece la cicatrizaci\u00f3n de la piel da\u00f1ada. Excelente para pieles maduras o sometidas a estr\u00e9s ambiental, favorece un brillo saludable y vibrante. Un aceite especializado para f\u00f3rmulas avanzadas de cuidado de la piel, listo para su marca.<\/p>\n","protected":false},"excerpt":{"rendered":"<p>Rejuvenezca y repare con este envase de 10 ml de Aceite Esencial de Semilla de Zanahoria sin etiquetar. Este aceite posee un aroma \u00fanico, seco, terroso, amaderado y ligeramente dulce. La semilla de zanahoria es muy apreciada en el cuidado de la piel por sus poderosas propiedades rejuvenecedoras, tonificantes y antioxidantes. Ayuda a revitalizar los [&hellip;]<\/p>\n","protected":false},"featured_media":264163,"comment_status":"closed","ping_status":"open","template":"","meta":{"_angie_page":false},"product_brand":[27095],"product_cat":[23652,25844,16460,26116,26828],"product_tag":[],"class_list":{"0":"post-243506","1":"product","2":"type-product","3":"status-publish","4":"has-post-thumbnail","6":"product_brand-ancient-wisdom","7":"product_cat-aceites-esenciales","8":"product_cat-aromas","9":"product_cat-aromaterapia-y-fragancias-para-hogar","10":"product_cat-semilla-de-zanahoria","11":"product_cat-terroso-verde","12":"pa_collection-gifts-unbranded-essential-oils-es","13":"pa_made-in-india","14":"pa_size-10ml","16":"first","17":"outofstock","18":"purchasable","19":"product-type-simple"},"supplier_id":null,"supplier_sku":"EOUL-55","barcode":null,"atum_controlled":true,"out_stock_date":"2025-09-04 23:09:46","out_stock_threshold":null,"inheritable":false,"inbound_stock":null,"stock_on_hold":0,"sold_today":0,"sales_last_days":0,"reserved_stock":null,"customer_returns":null,"warehouse_damage":null,"lost_in_post":null,"other_logs":null,"out_stock_days":0,"lost_sales":0,"has_location":null,"update_date":"2026-04-27T07:01:53","atum_locations":[],"atum_stock_status":"outofstock","restock_status":false,"low_stock_amount":"","sales_update_date":"2025-09-02T00:11:52","calc_backorders":null,"_links":{"self":[{"href":"https:\/\/aromasentia.com\/es\/wp-json\/wp\/v2\/product\/243506","targetHints":{"allow":["GET"]}}],"collection":[{"href":"https:\/\/aromasentia.com\/es\/wp-json\/wp\/v2\/product"}],"about":[{"href":"https:\/\/aromasentia.com\/es\/wp-json\/wp\/v2\/types\/product"}],"replies":[{"embeddable":true,"href":"https:\/\/aromasentia.com\/es\/wp-json\/wp\/v2\/comments?post=243506"}],"version-history":[{"count":0,"href":"https:\/\/aromasentia.com\/es\/wp-json\/wp\/v2\/product\/243506\/revisions"}],"wp:featuredmedia":[{"embeddable":true,"href":"https:\/\/aromasentia.com\/es\/wp-json\/wp\/v2\/media\/264163"}],"wp:attachment":[{"href":"https:\/\/aromasentia.com\/es\/wp-json\/wp\/v2\/media?parent=243506"}],"wp:term":[{"taxonomy":"product_brand","embeddable":true,"href":"https:\/\/aromasentia.com\/es\/wp-json\/wp\/v2\/product_brand?post=243506"},{"taxonomy":"product_cat","embeddable":true,"href":"https:\/\/aromasentia.com\/es\/wp-json\/wp\/v2\/product_cat?post=243506"},{"taxonomy":"product_tag","embeddable":true,"href":"https:\/\/aromasentia.com\/es\/wp-json\/wp\/v2\/product_tag?post=243506"}],"curies":[{"name":"wp","href":"https:\/\/api.w.org\/{rel}","templated":true}]}}