{"id":243498,"date":"2025-03-20T14:58:02","date_gmt":"2025-03-20T14:58:02","guid":{"rendered":"https:\/\/aromasentia.com\/product\/10x-10ml-may-chang-essential-oil-unlabelled\/"},"modified":"2025-05-31T20:44:41","modified_gmt":"2025-05-31T20:44:41","slug":"may-chang-aceite-esencial-sin-etiqueta-10ml","status":"publish","type":"product","link":"https:\/\/aromasentia.com\/es\/may-chang-aceite-esencial-sin-etiqueta-10ml\/","title":{"rendered":"May Chang Aceite Esencial-Sin Etiqueta 10ml"},"content":{"rendered":"<p>Alegra tu estado de \u00e1nimo con este paquete de 10 aceites esenciales May Chang de 10 ml sin etiquetar. Tambi\u00e9n conocido como Litsea Cubeba, este aceite estalla con un aroma c\u00edtrico intensamente fresco, alimonado, afrutado y dulce, a menudo descrito como \u00abm\u00e1s feliz que el lim\u00f3n.\u00bb May Chang es maravillosamente edificante, ayudando a combatir la fatiga, reducir la ansiedad y promover sentimientos de alegr\u00eda y optimismo. Sus propiedades limpiadoras tambi\u00e9n lo hacen ideal para refrescar el aire y la piel grasa. Un aceite verdaderamente alegre y vigorizante para difusi\u00f3n y mezclas vibrantes.<\/p>\n","protected":false},"excerpt":{"rendered":"<p>Alegra tu estado de \u00e1nimo con este paquete de 10 aceites esenciales May Chang de 10 ml sin etiquetar. Tambi\u00e9n conocido como Litsea Cubeba, este aceite estalla con un aroma c\u00edtrico intensamente fresco, alimonado, afrutado y dulce, a menudo descrito como \u00abm\u00e1s feliz que el lim\u00f3n.\u00bb May Chang es maravillosamente edificante, ayudando a combatir la [&hellip;]<\/p>\n","protected":false},"featured_media":264145,"comment_status":"closed","ping_status":"open","template":"","meta":[],"product_brand":[27095],"product_cat":[23652,25844,16460,26273],"product_tag":[],"class_list":{"0":"post-243498","1":"product","2":"type-product","3":"status-publish","4":"has-post-thumbnail","6":"product_brand-ancient-wisdom","7":"product_cat-aceites-esenciales","8":"product_cat-aromas","9":"product_cat-aromaterapia-y-fragancias-para-hogar","10":"product_cat-may-chang-litsea-cubeba","11":"pa_collection-gifts-unbranded-essential-oils-es","12":"pa_made-in-china","13":"pa_size-10ml","15":"first","16":"instock","17":"purchasable","18":"product-type-simple"},"supplier_id":null,"supplier_sku":"EOUL-52","barcode":null,"atum_controlled":true,"out_stock_date":null,"out_stock_threshold":null,"inheritable":false,"inbound_stock":null,"stock_on_hold":0,"sold_today":0,"sales_last_days":0,"reserved_stock":null,"customer_returns":null,"warehouse_damage":null,"lost_in_post":null,"other_logs":null,"out_stock_days":0,"lost_sales":0,"has_location":null,"update_date":"2026-02-06T00:02:35","atum_locations":[],"atum_stock_status":"instock","restock_status":false,"low_stock_amount":"","sales_update_date":"2026-02-06T00:02:35","calc_backorders":null,"_links":{"self":[{"href":"https:\/\/aromasentia.com\/es\/wp-json\/wp\/v2\/product\/243498","targetHints":{"allow":["GET"]}}],"collection":[{"href":"https:\/\/aromasentia.com\/es\/wp-json\/wp\/v2\/product"}],"about":[{"href":"https:\/\/aromasentia.com\/es\/wp-json\/wp\/v2\/types\/product"}],"replies":[{"embeddable":true,"href":"https:\/\/aromasentia.com\/es\/wp-json\/wp\/v2\/comments?post=243498"}],"version-history":[{"count":0,"href":"https:\/\/aromasentia.com\/es\/wp-json\/wp\/v2\/product\/243498\/revisions"}],"wp:featuredmedia":[{"embeddable":true,"href":"https:\/\/aromasentia.com\/es\/wp-json\/wp\/v2\/media\/264145"}],"wp:attachment":[{"href":"https:\/\/aromasentia.com\/es\/wp-json\/wp\/v2\/media?parent=243498"}],"wp:term":[{"taxonomy":"product_brand","embeddable":true,"href":"https:\/\/aromasentia.com\/es\/wp-json\/wp\/v2\/product_brand?post=243498"},{"taxonomy":"product_cat","embeddable":true,"href":"https:\/\/aromasentia.com\/es\/wp-json\/wp\/v2\/product_cat?post=243498"},{"taxonomy":"product_tag","embeddable":true,"href":"https:\/\/aromasentia.com\/es\/wp-json\/wp\/v2\/product_tag?post=243498"}],"curies":[{"name":"wp","href":"https:\/\/api.w.org\/{rel}","templated":true}]}}