{"id":243494,"date":"2025-03-20T14:58:02","date_gmt":"2025-03-20T14:58:02","guid":{"rendered":"https:\/\/aromasentia.com\/product\/10x-10ml-hyssop-essential-oil-unlabelled\/"},"modified":"2025-05-31T20:44:37","modified_gmt":"2025-05-31T20:44:37","slug":"hisopo-aceite-esencial-sin-etiqueta-10ml","status":"publish","type":"product","link":"https:\/\/aromasentia.com\/es\/hisopo-aceite-esencial-sin-etiqueta-10ml\/","title":{"rendered":"Hisopo Aceite Esencial-Sin Etiqueta 10ml"},"content":{"rendered":"<p>Purifique y levante el \u00e1nimo con este envase de 10 ml de Aceite Esencial de Hisopo sin etiquetar. El hisopo tiene un aroma fresco, alcanforado, herb\u00e1ceo y ligeramente dulce. Tradicionalmente, se ha utilizado por sus propiedades expectorantes y antivirales, ayudando a mantener la salud respiratoria y a limpiar el sistema. Su aroma puede aclarar y elevar la mente. Se trata de un aceite potente que debe usarse con conciencia y que se valora por su capacidad para favorecer una respiraci\u00f3n clara y una sensaci\u00f3n de purificaci\u00f3n espiritual, a la espera de su etiqueta personalizada.<\/p>\n","protected":false},"excerpt":{"rendered":"<p>Purifique y levante el \u00e1nimo con este envase de 10 ml de Aceite Esencial de Hisopo sin etiquetar. El hisopo tiene un aroma fresco, alcanforado, herb\u00e1ceo y ligeramente dulce. Tradicionalmente, se ha utilizado por sus propiedades expectorantes y antivirales, ayudando a mantener la salud respiratoria y a limpiar el sistema. Su aroma puede aclarar y [&hellip;]<\/p>\n","protected":false},"featured_media":264136,"comment_status":"closed","ping_status":"open","template":"","meta":{"_angie_page":false},"product_brand":[27095],"product_cat":[23652,25844,16460,26863,26217],"product_tag":[],"class_list":{"0":"post-243494","1":"product","2":"type-product","3":"status-publish","4":"has-post-thumbnail","6":"product_brand-ancient-wisdom","7":"product_cat-aceites-esenciales","8":"product_cat-aromas","9":"product_cat-aromaterapia-y-fragancias-para-hogar","10":"product_cat-herbal-aromatico","11":"product_cat-hisopo","12":"pa_collection-gifts-unbranded-essential-oils-es","13":"pa_made-in-croacia","14":"pa_size-10ml","16":"first","17":"instock","18":"purchasable","19":"product-type-simple"},"supplier_id":null,"supplier_sku":"EOUL-51","barcode":null,"atum_controlled":true,"out_stock_date":null,"out_stock_threshold":null,"inheritable":false,"inbound_stock":null,"stock_on_hold":0,"sold_today":0,"sales_last_days":0,"reserved_stock":null,"customer_returns":null,"warehouse_damage":null,"lost_in_post":null,"other_logs":null,"out_stock_days":0,"lost_sales":0,"has_location":null,"update_date":"2026-05-08T05:08:28","atum_locations":[],"atum_stock_status":"instock","restock_status":false,"low_stock_amount":"","sales_update_date":"2026-01-30T01:25:28","calc_backorders":null,"_links":{"self":[{"href":"https:\/\/aromasentia.com\/es\/wp-json\/wp\/v2\/product\/243494","targetHints":{"allow":["GET"]}}],"collection":[{"href":"https:\/\/aromasentia.com\/es\/wp-json\/wp\/v2\/product"}],"about":[{"href":"https:\/\/aromasentia.com\/es\/wp-json\/wp\/v2\/types\/product"}],"replies":[{"embeddable":true,"href":"https:\/\/aromasentia.com\/es\/wp-json\/wp\/v2\/comments?post=243494"}],"version-history":[{"count":0,"href":"https:\/\/aromasentia.com\/es\/wp-json\/wp\/v2\/product\/243494\/revisions"}],"wp:featuredmedia":[{"embeddable":true,"href":"https:\/\/aromasentia.com\/es\/wp-json\/wp\/v2\/media\/264136"}],"wp:attachment":[{"href":"https:\/\/aromasentia.com\/es\/wp-json\/wp\/v2\/media?parent=243494"}],"wp:term":[{"taxonomy":"product_brand","embeddable":true,"href":"https:\/\/aromasentia.com\/es\/wp-json\/wp\/v2\/product_brand?post=243494"},{"taxonomy":"product_cat","embeddable":true,"href":"https:\/\/aromasentia.com\/es\/wp-json\/wp\/v2\/product_cat?post=243494"},{"taxonomy":"product_tag","embeddable":true,"href":"https:\/\/aromasentia.com\/es\/wp-json\/wp\/v2\/product_tag?post=243494"}],"curies":[{"name":"wp","href":"https:\/\/api.w.org\/{rel}","templated":true}]}}