{"id":243478,"date":"2025-03-20T14:58:30","date_gmt":"2025-03-20T14:58:30","guid":{"rendered":"https:\/\/aromasentia.com\/product\/10x-10ml-ylang-ylang-iii-essential-oil-unlabelled\/"},"modified":"2025-05-31T20:44:08","modified_gmt":"2025-05-31T20:44:08","slug":"ylang-ylang-iii-aceite-esencial-sin-etiqueta-10ml","status":"publish","type":"product","link":"https:\/\/aromasentia.com\/es\/ylang-ylang-iii-aceite-esencial-sin-etiqueta-10ml\/","title":{"rendered":"Ylang Ylang III Aceite Esencial-Sin Etiqueta 10ml"},"content":{"rendered":"<p>Del\u00e9itese con las notas profundamente florales y ex\u00f3ticas de este paquete de 10 ml de aceite esencial de Ylang Ylang III sin etiquetar. Mientras que el Ylang Ylang I se considera a menudo el grado superior para perfumer\u00eda, el Ylang Ylang III ofrece un aroma floral a\u00fan hermoso, dulce y tenaz, a menudo m\u00e1s bals\u00e1mico y menos intensamente agudo. Conserva las cl\u00e1sicas cualidades relajantes, estimulantes y afrodis\u00edacas del Ylang Ylang, por lo que es excelente para aliviar el estr\u00e9s y crear un ambiente sensual. Una opci\u00f3n encantadora y asequible para disfrutar de este tesoro tropical.<\/p>\n","protected":false},"excerpt":{"rendered":"<p>Del\u00e9itese con las notas profundamente florales y ex\u00f3ticas de este paquete de 10 ml de aceite esencial de Ylang Ylang III sin etiquetar. Mientras que el Ylang Ylang I se considera a menudo el grado superior para perfumer\u00eda, el Ylang Ylang III ofrece un aroma floral a\u00fan hermoso, dulce y tenaz, a menudo m\u00e1s bals\u00e1mico [&hellip;]<\/p>\n","protected":false},"featured_media":264334,"comment_status":"closed","ping_status":"open","template":"","meta":{"_angie_page":false},"product_brand":[27095],"product_cat":[23652,25844,16460,26835,26442],"product_tag":[],"class_list":{"0":"post-243478","1":"product","2":"type-product","3":"status-publish","4":"has-post-thumbnail","6":"product_brand-ancient-wisdom","7":"product_cat-aceites-esenciales","8":"product_cat-aromas","9":"product_cat-aromaterapia-y-fragancias-para-hogar","10":"product_cat-floral","11":"product_cat-ylang-ylang","12":"pa_collection-gifts-unbranded-essential-oils-es","13":"pa_made-in-comoras","14":"pa_size-10ml","16":"first","17":"instock","18":"purchasable","19":"product-type-simple"},"supplier_id":null,"supplier_sku":"EOUL-82","barcode":null,"atum_controlled":true,"out_stock_date":null,"out_stock_threshold":null,"inheritable":false,"inbound_stock":null,"stock_on_hold":0,"sold_today":0,"sales_last_days":0,"reserved_stock":null,"customer_returns":null,"warehouse_damage":null,"lost_in_post":null,"other_logs":null,"out_stock_days":0,"lost_sales":0,"has_location":null,"update_date":"2026-05-08T05:08:29","atum_locations":[],"atum_stock_status":"instock","restock_status":false,"low_stock_amount":"","sales_update_date":"2026-01-30T01:26:17","calc_backorders":null,"_links":{"self":[{"href":"https:\/\/aromasentia.com\/es\/wp-json\/wp\/v2\/product\/243478","targetHints":{"allow":["GET"]}}],"collection":[{"href":"https:\/\/aromasentia.com\/es\/wp-json\/wp\/v2\/product"}],"about":[{"href":"https:\/\/aromasentia.com\/es\/wp-json\/wp\/v2\/types\/product"}],"replies":[{"embeddable":true,"href":"https:\/\/aromasentia.com\/es\/wp-json\/wp\/v2\/comments?post=243478"}],"version-history":[{"count":0,"href":"https:\/\/aromasentia.com\/es\/wp-json\/wp\/v2\/product\/243478\/revisions"}],"wp:featuredmedia":[{"embeddable":true,"href":"https:\/\/aromasentia.com\/es\/wp-json\/wp\/v2\/media\/264334"}],"wp:attachment":[{"href":"https:\/\/aromasentia.com\/es\/wp-json\/wp\/v2\/media?parent=243478"}],"wp:term":[{"taxonomy":"product_brand","embeddable":true,"href":"https:\/\/aromasentia.com\/es\/wp-json\/wp\/v2\/product_brand?post=243478"},{"taxonomy":"product_cat","embeddable":true,"href":"https:\/\/aromasentia.com\/es\/wp-json\/wp\/v2\/product_cat?post=243478"},{"taxonomy":"product_tag","embeddable":true,"href":"https:\/\/aromasentia.com\/es\/wp-json\/wp\/v2\/product_tag?post=243478"}],"curies":[{"name":"wp","href":"https:\/\/api.w.org\/{rel}","templated":true}]}}