{"id":243466,"date":"2025-03-20T14:58:30","date_gmt":"2025-03-20T14:58:30","guid":{"rendered":"https:\/\/aromasentia.com\/product\/10x-10ml-ravensara-essential-oil-unlabelled\/"},"modified":"2025-05-31T20:43:53","modified_gmt":"2025-05-31T20:43:53","slug":"ravensara-aceite-esencial-sin-etiqueta-10ml","status":"publish","type":"product","link":"https:\/\/aromasentia.com\/es\/ravensara-aceite-esencial-sin-etiqueta-10ml\/","title":{"rendered":"Ravensara Aceite Esencial-Sin Etiqueta 10ml"},"content":{"rendered":"<p>Apoye su bienestar con este envase de 10 ml de Aceite Esencial de Ravensara sin etiquetar. Ravensara ofrece un aroma fresco, ligeramente dulce, alcanforado y sutilmente picante como el eucalipto. Es muy apreciado por sus poderosas propiedades antivirales, antibacterianas y expectorantes, lo que lo convierte en una excelente opci\u00f3n para reforzar el sistema inmunol\u00f3gico y la salud respiratoria, especialmente durante la temporada de resfr\u00edos y gripe. Su aroma estimulante tambi\u00e9n puede ayudar a despejar la niebla mental. Un aceite fuerte y terap\u00e9utico para difusi\u00f3n o uso t\u00f3pico diluido.<\/p>\n","protected":false},"excerpt":{"rendered":"<p>Apoye su bienestar con este envase de 10 ml de Aceite Esencial de Ravensara sin etiquetar. Ravensara ofrece un aroma fresco, ligeramente dulce, alcanforado y sutilmente picante como el eucalipto. Es muy apreciado por sus poderosas propiedades antivirales, antibacterianas y expectorantes, lo que lo convierte en una excelente opci\u00f3n para reforzar el sistema inmunol\u00f3gico y [&hellip;]<\/p>\n","protected":false},"featured_media":264307,"comment_status":"closed","ping_status":"open","template":"","meta":{"_angie_page":false},"product_brand":[27095],"product_cat":[23652,25844,16460,26870,26358],"product_tag":[],"class_list":{"0":"post-243466","1":"product","2":"type-product","3":"status-publish","4":"has-post-thumbnail","6":"product_brand-ancient-wisdom","7":"product_cat-aceites-esenciales","8":"product_cat-aromas","9":"product_cat-aromaterapia-y-fragancias-para-hogar","10":"product_cat-medicinal-alcanforado","11":"product_cat-ravensara","12":"pa_collection-gifts-unbranded-essential-oils-es","13":"pa_made-in-madagascar","14":"pa_size-10ml","16":"first","17":"instock","18":"purchasable","19":"product-type-simple"},"supplier_id":null,"supplier_sku":"EOUL-74","barcode":null,"atum_controlled":true,"out_stock_date":null,"out_stock_threshold":null,"inheritable":false,"inbound_stock":null,"stock_on_hold":0,"sold_today":0,"sales_last_days":0,"reserved_stock":null,"customer_returns":null,"warehouse_damage":null,"lost_in_post":null,"other_logs":null,"out_stock_days":0,"lost_sales":0,"has_location":null,"update_date":"2026-04-27T07:02:01","atum_locations":[],"atum_stock_status":"instock","restock_status":false,"low_stock_amount":"","sales_update_date":"2026-02-06T00:01:49","calc_backorders":null,"_links":{"self":[{"href":"https:\/\/aromasentia.com\/es\/wp-json\/wp\/v2\/product\/243466","targetHints":{"allow":["GET"]}}],"collection":[{"href":"https:\/\/aromasentia.com\/es\/wp-json\/wp\/v2\/product"}],"about":[{"href":"https:\/\/aromasentia.com\/es\/wp-json\/wp\/v2\/types\/product"}],"replies":[{"embeddable":true,"href":"https:\/\/aromasentia.com\/es\/wp-json\/wp\/v2\/comments?post=243466"}],"version-history":[{"count":0,"href":"https:\/\/aromasentia.com\/es\/wp-json\/wp\/v2\/product\/243466\/revisions"}],"wp:featuredmedia":[{"embeddable":true,"href":"https:\/\/aromasentia.com\/es\/wp-json\/wp\/v2\/media\/264307"}],"wp:attachment":[{"href":"https:\/\/aromasentia.com\/es\/wp-json\/wp\/v2\/media?parent=243466"}],"wp:term":[{"taxonomy":"product_brand","embeddable":true,"href":"https:\/\/aromasentia.com\/es\/wp-json\/wp\/v2\/product_brand?post=243466"},{"taxonomy":"product_cat","embeddable":true,"href":"https:\/\/aromasentia.com\/es\/wp-json\/wp\/v2\/product_cat?post=243466"},{"taxonomy":"product_tag","embeddable":true,"href":"https:\/\/aromasentia.com\/es\/wp-json\/wp\/v2\/product_tag?post=243466"}],"curies":[{"name":"wp","href":"https:\/\/api.w.org\/{rel}","templated":true}]}}