{"id":243462,"date":"2025-03-20T14:58:30","date_gmt":"2025-03-20T14:58:30","guid":{"rendered":"https:\/\/aromasentia.com\/product\/10x-10ml-bay-leaf-essential-oil-unlabelled\/"},"modified":"2025-05-31T20:43:50","modified_gmt":"2025-05-31T20:43:50","slug":"hoja-de-laurel-aceite-esencial-sin-etiqueta-10ml","status":"publish","type":"product","link":"https:\/\/aromasentia.com\/es\/hoja-de-laurel-aceite-esencial-sin-etiqueta-10ml\/","title":{"rendered":"Hoja de Laurel Aceite Esencial-Sin Etiqueta 10ml"},"content":{"rendered":"<p>Abrace el aroma robusto y herb\u00e1ceo de este paquete de 10 unidades sin etiquetar de Aceite Esencial de Hoja de Laurel de 10 ml. Tambi\u00e9n conocido como Hoja de Laurel, este aceite tiene un aroma fuerte, picante, ligeramente dulce y alcanforado. Tradicionalmente, la hoja de laurel se asocia con el valor y la claridad, y se utiliza para fomentar la confianza y el pensamiento claro. Tambi\u00e9n tiene propiedades analg\u00e9sicas y antis\u00e9pticas, por lo que se utiliza a menudo para dolores musculares y apoyo respiratorio. Un aceite potente que a\u00f1ade una nota herb\u00e1cea cl\u00e1sica y poderosa a las mezclas para dar fuerza y vigor.<\/p>\n","protected":false},"excerpt":{"rendered":"<p>Abrace el aroma robusto y herb\u00e1ceo de este paquete de 10 unidades sin etiquetar de Aceite Esencial de Hoja de Laurel de 10 ml. Tambi\u00e9n conocido como Hoja de Laurel, este aceite tiene un aroma fuerte, picante, ligeramente dulce y alcanforado. Tradicionalmente, la hoja de laurel se asocia con el valor y la claridad, y [&hellip;]<\/p>\n","protected":false},"featured_media":264298,"comment_status":"closed","ping_status":"open","template":"","meta":{"_angie_page":false},"product_brand":[27095],"product_cat":[23652,25844,16460,26863,26094],"product_tag":[],"class_list":{"0":"post-243462","1":"product","2":"type-product","3":"status-publish","4":"has-post-thumbnail","6":"product_brand-ancient-wisdom","7":"product_cat-aceites-esenciales","8":"product_cat-aromas","9":"product_cat-aromaterapia-y-fragancias-para-hogar","10":"product_cat-herbal-aromatico","11":"product_cat-hoja-de-laurel","12":"pa_collection-gifts-unbranded-essential-oils-es","13":"pa_made-in-islas-caiman","14":"pa_size-10ml","16":"first","17":"instock","18":"purchasable","19":"product-type-simple"},"supplier_id":null,"supplier_sku":"EOUL-73","barcode":null,"atum_controlled":true,"out_stock_date":null,"out_stock_threshold":null,"inheritable":false,"inbound_stock":null,"stock_on_hold":0,"sold_today":0,"sales_last_days":0,"reserved_stock":null,"customer_returns":null,"warehouse_damage":null,"lost_in_post":null,"other_logs":null,"out_stock_days":0,"lost_sales":0,"has_location":null,"update_date":"2026-04-27T07:02:01","atum_locations":[],"atum_stock_status":"instock","restock_status":false,"low_stock_amount":"","sales_update_date":"2025-09-05T00:16:46","calc_backorders":null,"_links":{"self":[{"href":"https:\/\/aromasentia.com\/es\/wp-json\/wp\/v2\/product\/243462","targetHints":{"allow":["GET"]}}],"collection":[{"href":"https:\/\/aromasentia.com\/es\/wp-json\/wp\/v2\/product"}],"about":[{"href":"https:\/\/aromasentia.com\/es\/wp-json\/wp\/v2\/types\/product"}],"replies":[{"embeddable":true,"href":"https:\/\/aromasentia.com\/es\/wp-json\/wp\/v2\/comments?post=243462"}],"version-history":[{"count":0,"href":"https:\/\/aromasentia.com\/es\/wp-json\/wp\/v2\/product\/243462\/revisions"}],"wp:featuredmedia":[{"embeddable":true,"href":"https:\/\/aromasentia.com\/es\/wp-json\/wp\/v2\/media\/264298"}],"wp:attachment":[{"href":"https:\/\/aromasentia.com\/es\/wp-json\/wp\/v2\/media?parent=243462"}],"wp:term":[{"taxonomy":"product_brand","embeddable":true,"href":"https:\/\/aromasentia.com\/es\/wp-json\/wp\/v2\/product_brand?post=243462"},{"taxonomy":"product_cat","embeddable":true,"href":"https:\/\/aromasentia.com\/es\/wp-json\/wp\/v2\/product_cat?post=243462"},{"taxonomy":"product_tag","embeddable":true,"href":"https:\/\/aromasentia.com\/es\/wp-json\/wp\/v2\/product_tag?post=243462"}],"curies":[{"name":"wp","href":"https:\/\/api.w.org\/{rel}","templated":true}]}}