{"id":243458,"date":"2025-03-20T14:58:30","date_gmt":"2025-03-20T14:58:30","guid":{"rendered":"https:\/\/aromasentia.com\/product\/10x-10ml-lemon-tea-tree-unlabelled\/"},"modified":"2025-05-31T20:43:47","modified_gmt":"2025-05-31T20:43:47","slug":"10x-10ml-lemon-tea-tree-unlabelled","status":"publish","type":"product","link":"https:\/\/aromasentia.com\/es\/10x-10ml-lemon-tea-tree-unlabelled\/","title":{"rendered":"10x 10ml Lemon Tea Tree Unlabelled"},"content":{"rendered":"<p>Limpie y tonifique con este envase de 10 ml de Aceite Esencial de \u00c1rbol del T\u00e9 sin etiquetar. Este vibrante aceite, tambi\u00e9n conocido como \u00c1rbol del T\u00e9 con aroma a lim\u00f3n, combina las potentes propiedades antis\u00e9pticas del \u00c1rbol del T\u00e9 tradicional con un brillante y estimulante aroma a lim\u00f3n. Es excelente para purificar el aire, repeler insectos y utilizar en soluciones de limpieza naturales. Su aroma alegre y picante es menos medicinal que el del \u00c1rbol del T\u00e9 normal, lo que lo convierte en una opci\u00f3n agradable para la difusi\u00f3n sin dejar de ofrecer potentes beneficios de limpieza para el hogar y la piel.<\/p>\n","protected":false},"excerpt":{"rendered":"<p>Limpie y tonifique con este envase de 10 ml de Aceite Esencial de \u00c1rbol del T\u00e9 sin etiquetar. Este vibrante aceite, tambi\u00e9n conocido como \u00c1rbol del T\u00e9 con aroma a lim\u00f3n, combina las potentes propiedades antis\u00e9pticas del \u00c1rbol del T\u00e9 tradicional con un brillante y estimulante aroma a lim\u00f3n. Es excelente para purificar el aire, [&hellip;]<\/p>\n","protected":false},"featured_media":264289,"comment_status":"closed","ping_status":"open","template":"","meta":{"_angie_page":false},"product_brand":[27095],"product_cat":[26243,25844,16460],"product_tag":[],"class_list":{"0":"post-243458","1":"product","2":"type-product","3":"status-publish","4":"has-post-thumbnail","6":"product_brand-ancient-wisdom","7":"product_cat-arbol-de-te-de-limon","8":"product_cat-aromas","9":"product_cat-aromaterapia-y-fragancias-para-hogar","10":"pa_collection-gifts-unbranded-essential-oils-es","11":"pa_made-in-australia","12":"pa_size-10ml","14":"first","15":"instock","16":"purchasable","17":"product-type-simple"},"supplier_id":null,"supplier_sku":"EOUL-72","barcode":null,"atum_controlled":true,"out_stock_date":null,"out_stock_threshold":null,"inheritable":false,"inbound_stock":null,"stock_on_hold":0,"sold_today":0,"sales_last_days":0,"reserved_stock":null,"customer_returns":null,"warehouse_damage":null,"lost_in_post":null,"other_logs":null,"out_stock_days":0,"lost_sales":0,"has_location":null,"update_date":"2026-04-27T07:02:01","atum_locations":[],"atum_stock_status":"instock","restock_status":false,"low_stock_amount":"","sales_update_date":"2026-02-06T00:01:31","calc_backorders":null,"_links":{"self":[{"href":"https:\/\/aromasentia.com\/es\/wp-json\/wp\/v2\/product\/243458","targetHints":{"allow":["GET"]}}],"collection":[{"href":"https:\/\/aromasentia.com\/es\/wp-json\/wp\/v2\/product"}],"about":[{"href":"https:\/\/aromasentia.com\/es\/wp-json\/wp\/v2\/types\/product"}],"replies":[{"embeddable":true,"href":"https:\/\/aromasentia.com\/es\/wp-json\/wp\/v2\/comments?post=243458"}],"version-history":[{"count":0,"href":"https:\/\/aromasentia.com\/es\/wp-json\/wp\/v2\/product\/243458\/revisions"}],"wp:featuredmedia":[{"embeddable":true,"href":"https:\/\/aromasentia.com\/es\/wp-json\/wp\/v2\/media\/264289"}],"wp:attachment":[{"href":"https:\/\/aromasentia.com\/es\/wp-json\/wp\/v2\/media?parent=243458"}],"wp:term":[{"taxonomy":"product_brand","embeddable":true,"href":"https:\/\/aromasentia.com\/es\/wp-json\/wp\/v2\/product_brand?post=243458"},{"taxonomy":"product_cat","embeddable":true,"href":"https:\/\/aromasentia.com\/es\/wp-json\/wp\/v2\/product_cat?post=243458"},{"taxonomy":"product_tag","embeddable":true,"href":"https:\/\/aromasentia.com\/es\/wp-json\/wp\/v2\/product_tag?post=243458"}],"curies":[{"name":"wp","href":"https:\/\/api.w.org\/{rel}","templated":true}]}}