{"id":243406,"date":"2025-03-20T14:58:59","date_gmt":"2025-03-20T14:58:59","guid":{"rendered":"https:\/\/aromasentia.com\/product\/hh-tarot-roll-on-the-lion\/"},"modified":"2025-05-31T20:43:04","modified_gmt":"2025-05-31T20:43:04","slug":"roll-on-hop-hare-de-tarot-el-leon","status":"publish","type":"product","link":"https:\/\/aromasentia.com\/es\/roll-on-hop-hare-de-tarot-el-leon\/","title":{"rendered":"Roll On Hop Hare de Tarot- El Le\u00f3n"},"content":{"rendered":"<p>Los roll on de la marca <strong>Hop Hare<\/strong> ser\u00e1n el acompa\u00f1ante perfecto para que sus clientes los lleve siempre consigo y puedan disfrutar de su aroma y propiedades del cuarzo roca.&nbsp;<\/p>\n<p>El <strong>cuarzo roca<\/strong> es una piedra vers\u00e1til, se tiene la creencia que es una piedra de protecci\u00f3n, que ayuda a repeler las energ\u00edas negativas o no deseadas.&nbsp;<\/p>\n<p>\u00a1Deja que los roll ons del Le\u00f3n de <strong><span style=\"color: rgb(147, 101, 184);\">Aroma Sentia Espa\u00f1a<\/span><\/strong> acompa\u00f1en en todo momento a sus clientes!&nbsp;<\/p>\n<p>&nbsp;Estos roll ons son el producto perfecto para regalar en un d\u00eda especial o alguien especial. \u00a1no dude en a\u00f1adirlo en su tienda!<\/p>\n","protected":false},"excerpt":{"rendered":"<p>Los roll on de la marca Hop Hare ser\u00e1n el acompa\u00f1ante perfecto para que sus clientes los lleve siempre consigo y puedan disfrutar de su aroma y propiedades del cuarzo roca.&nbsp; El cuarzo roca es una piedra vers\u00e1til, se tiene la creencia que es una piedra de protecci\u00f3n, que ayuda a repeler las energ\u00edas negativas [&hellip;]<\/p>\n","protected":false},"featured_media":264422,"comment_status":"closed","ping_status":"open","template":"","meta":[],"product_brand":[27117],"product_cat":[16460],"product_tag":[],"class_list":{"0":"post-243406","1":"product","2":"type-product","3":"status-publish","4":"has-post-thumbnail","6":"product_brand-hop-hare","7":"product_cat-aromaterapia-y-fragancias-para-hogar","8":"pa_collection-hop-hare-essential-oil-gemstone-roll-ons-10ml-es","9":"pa_made-in-reino-unido","11":"first","12":"instock","13":"purchasable","14":"product-type-simple"},"supplier_id":null,"supplier_sku":"HHGR-06","barcode":null,"atum_controlled":true,"out_stock_date":null,"out_stock_threshold":null,"inheritable":false,"inbound_stock":null,"stock_on_hold":0,"sold_today":0,"sales_last_days":0,"reserved_stock":null,"customer_returns":null,"warehouse_damage":null,"lost_in_post":null,"other_logs":null,"out_stock_days":0,"lost_sales":0,"has_location":null,"update_date":"2026-02-11T08:30:45","atum_locations":[],"atum_stock_status":"instock","restock_status":false,"low_stock_amount":"","sales_update_date":"2025-09-05T00:16:50","calc_backorders":null,"_links":{"self":[{"href":"https:\/\/aromasentia.com\/es\/wp-json\/wp\/v2\/product\/243406","targetHints":{"allow":["GET"]}}],"collection":[{"href":"https:\/\/aromasentia.com\/es\/wp-json\/wp\/v2\/product"}],"about":[{"href":"https:\/\/aromasentia.com\/es\/wp-json\/wp\/v2\/types\/product"}],"replies":[{"embeddable":true,"href":"https:\/\/aromasentia.com\/es\/wp-json\/wp\/v2\/comments?post=243406"}],"version-history":[{"count":0,"href":"https:\/\/aromasentia.com\/es\/wp-json\/wp\/v2\/product\/243406\/revisions"}],"wp:featuredmedia":[{"embeddable":true,"href":"https:\/\/aromasentia.com\/es\/wp-json\/wp\/v2\/media\/264422"}],"wp:attachment":[{"href":"https:\/\/aromasentia.com\/es\/wp-json\/wp\/v2\/media?parent=243406"}],"wp:term":[{"taxonomy":"product_brand","embeddable":true,"href":"https:\/\/aromasentia.com\/es\/wp-json\/wp\/v2\/product_brand?post=243406"},{"taxonomy":"product_cat","embeddable":true,"href":"https:\/\/aromasentia.com\/es\/wp-json\/wp\/v2\/product_cat?post=243406"},{"taxonomy":"product_tag","embeddable":true,"href":"https:\/\/aromasentia.com\/es\/wp-json\/wp\/v2\/product_tag?post=243406"}],"curies":[{"name":"wp","href":"https:\/\/api.w.org\/{rel}","templated":true}]}}