{"id":243262,"date":"2025-03-20T15:01:07","date_gmt":"2025-03-20T15:01:07","guid":{"rendered":"https:\/\/aromasentia.com\/product\/clear-skin-1kg-massage-oil\/"},"modified":"2025-05-31T20:40:26","modified_gmt":"2025-05-31T20:40:26","slug":"aceite-de-masaje-1l-piel-limpia","status":"publish","type":"product","link":"https:\/\/aromasentia.com\/es\/aceite-de-masaje-1l-piel-limpia\/","title":{"rendered":"Aceite de Masaje 1L &#8211; Piel Limpia"},"content":{"rendered":"<p>Favorezca un cutis claro y sano con nuestro Aceite de Masaje Piel Limpia 1Kg. Esta mezcla especializada est\u00e1 formulada con aceites bot\u00e1nicos conocidos por sus propiedades purificantes, equilibrantes y calmantes, dise\u00f1ados para ayudar a tratar la piel con problemas o propensa a las imperfecciones. Un masaje regular puede ayudar a calmar la inflamaci\u00f3n, equilibrar la producci\u00f3n de sebo y mejorar la claridad general de la piel. Su base suave y nutritiva garantiza que la piel se sienta reconfortada e hidratada, no despojada, favoreciendo un aspecto naturalmente claro y radiante.<\/p>\n","protected":false},"excerpt":{"rendered":"<p>Favorezca un cutis claro y sano con nuestro Aceite de Masaje Piel Limpia 1Kg. Esta mezcla especializada est\u00e1 formulada con aceites bot\u00e1nicos conocidos por sus propiedades purificantes, equilibrantes y calmantes, dise\u00f1ados para ayudar a tratar la piel con problemas o propensa a las imperfecciones. Un masaje regular puede ayudar a calmar la inflamaci\u00f3n, equilibrar la [&hellip;]<\/p>\n","protected":false},"featured_media":265290,"comment_status":"closed","ping_status":"open","template":"","meta":{"_angie_page":false},"product_brand":[],"product_cat":[24048,19453],"product_tag":[],"class_list":{"0":"post-243262","1":"product","2":"type-product","3":"status-publish","4":"has-post-thumbnail","6":"product_cat-aceites-de-masaje","7":"product_cat-bano-y-ducha","8":"pa_collection-massage-and-bath-oils-1kg-es","9":"pa_made-in-reino-unido","11":"first","12":"instock","13":"purchasable","14":"product-type-simple"},"supplier_id":null,"supplier_sku":"MOB-16","barcode":null,"atum_controlled":true,"out_stock_date":null,"out_stock_threshold":null,"inheritable":false,"inbound_stock":0,"stock_on_hold":0,"sold_today":0,"sales_last_days":0,"reserved_stock":0,"customer_returns":0,"warehouse_damage":0,"lost_in_post":0,"other_logs":0,"out_stock_days":0,"lost_sales":0,"has_location":false,"update_date":"2026-04-29T05:08:19","atum_locations":[],"atum_stock_status":"instock","restock_status":false,"low_stock_amount":"","sales_update_date":"2026-01-30T01:24:52","calc_backorders":null,"_links":{"self":[{"href":"https:\/\/aromasentia.com\/es\/wp-json\/wp\/v2\/product\/243262","targetHints":{"allow":["GET"]}}],"collection":[{"href":"https:\/\/aromasentia.com\/es\/wp-json\/wp\/v2\/product"}],"about":[{"href":"https:\/\/aromasentia.com\/es\/wp-json\/wp\/v2\/types\/product"}],"replies":[{"embeddable":true,"href":"https:\/\/aromasentia.com\/es\/wp-json\/wp\/v2\/comments?post=243262"}],"version-history":[{"count":0,"href":"https:\/\/aromasentia.com\/es\/wp-json\/wp\/v2\/product\/243262\/revisions"}],"wp:featuredmedia":[{"embeddable":true,"href":"https:\/\/aromasentia.com\/es\/wp-json\/wp\/v2\/media\/265290"}],"wp:attachment":[{"href":"https:\/\/aromasentia.com\/es\/wp-json\/wp\/v2\/media?parent=243262"}],"wp:term":[{"taxonomy":"product_brand","embeddable":true,"href":"https:\/\/aromasentia.com\/es\/wp-json\/wp\/v2\/product_brand?post=243262"},{"taxonomy":"product_cat","embeddable":true,"href":"https:\/\/aromasentia.com\/es\/wp-json\/wp\/v2\/product_cat?post=243262"},{"taxonomy":"product_tag","embeddable":true,"href":"https:\/\/aromasentia.com\/es\/wp-json\/wp\/v2\/product_tag?post=243262"}],"curies":[{"name":"wp","href":"https:\/\/api.w.org\/{rel}","templated":true}]}}