{"id":243258,"date":"2025-03-20T15:01:07","date_gmt":"2025-03-20T15:01:07","guid":{"rendered":"https:\/\/aromasentia.com\/product\/nag-champa-1kg-massage-oil\/"},"modified":"2025-05-31T20:40:23","modified_gmt":"2025-05-31T20:40:23","slug":"aceite-de-masaje-1l-nag-champa","status":"publish","type":"product","link":"https:\/\/aromasentia.com\/es\/aceite-de-masaje-1l-nag-champa\/","title":{"rendered":"Aceite de Masaje 1L &#8211; Nag Champa"},"content":{"rendered":"<p>Sum\u00e9rjase en el ex\u00f3tico y meditativo aroma de nuestro Aceite de Masaje Nag Champa 1Kg. Inspirado en el ic\u00f3nico incienso, este aceite de masaje captura las notas ricas, dulces, florales y ligeramente amaderadas de la fragancia tradicional de Nag Champa. Crea una atm\u00f3sfera profundamente calmante y espiritualmente edificante, perfecta para la relajaci\u00f3n, la meditaci\u00f3n o simplemente para desconectar. Los aceites de base nutritivos proporcionan un deslizamiento suave y lujoso, dejando la piel suave y bellamente perfumada con este aroma sagrado e intemporal.<\/p>\n","protected":false},"excerpt":{"rendered":"<p>Sum\u00e9rjase en el ex\u00f3tico y meditativo aroma de nuestro Aceite de Masaje Nag Champa 1Kg. Inspirado en el ic\u00f3nico incienso, este aceite de masaje captura las notas ricas, dulces, florales y ligeramente amaderadas de la fragancia tradicional de Nag Champa. Crea una atm\u00f3sfera profundamente calmante y espiritualmente edificante, perfecta para la relajaci\u00f3n, la meditaci\u00f3n o [&hellip;]<\/p>\n","protected":false},"featured_media":265265,"comment_status":"closed","ping_status":"open","template":"","meta":{"_angie_page":false},"product_brand":[],"product_cat":[24048,19453],"product_tag":[],"class_list":{"0":"post-243258","1":"product","2":"type-product","3":"status-publish","4":"has-post-thumbnail","6":"product_cat-aceites-de-masaje","7":"product_cat-bano-y-ducha","8":"pa_collection-massage-and-bath-oils-1kg-es","9":"pa_made-in-reino-unido","11":"first","12":"instock","13":"purchasable","14":"product-type-simple"},"supplier_id":null,"supplier_sku":"MOB-15","barcode":null,"atum_controlled":true,"out_stock_date":null,"out_stock_threshold":null,"inheritable":false,"inbound_stock":null,"stock_on_hold":0,"sold_today":0,"sales_last_days":0,"reserved_stock":null,"customer_returns":null,"warehouse_damage":null,"lost_in_post":null,"other_logs":null,"out_stock_days":0,"lost_sales":0,"has_location":null,"update_date":"2026-05-04T00:03:58","atum_locations":[],"atum_stock_status":"instock","restock_status":false,"low_stock_amount":"","sales_update_date":"2026-01-30T01:26:09","calc_backorders":null,"_links":{"self":[{"href":"https:\/\/aromasentia.com\/es\/wp-json\/wp\/v2\/product\/243258","targetHints":{"allow":["GET"]}}],"collection":[{"href":"https:\/\/aromasentia.com\/es\/wp-json\/wp\/v2\/product"}],"about":[{"href":"https:\/\/aromasentia.com\/es\/wp-json\/wp\/v2\/types\/product"}],"replies":[{"embeddable":true,"href":"https:\/\/aromasentia.com\/es\/wp-json\/wp\/v2\/comments?post=243258"}],"version-history":[{"count":0,"href":"https:\/\/aromasentia.com\/es\/wp-json\/wp\/v2\/product\/243258\/revisions"}],"wp:featuredmedia":[{"embeddable":true,"href":"https:\/\/aromasentia.com\/es\/wp-json\/wp\/v2\/media\/265265"}],"wp:attachment":[{"href":"https:\/\/aromasentia.com\/es\/wp-json\/wp\/v2\/media?parent=243258"}],"wp:term":[{"taxonomy":"product_brand","embeddable":true,"href":"https:\/\/aromasentia.com\/es\/wp-json\/wp\/v2\/product_brand?post=243258"},{"taxonomy":"product_cat","embeddable":true,"href":"https:\/\/aromasentia.com\/es\/wp-json\/wp\/v2\/product_cat?post=243258"},{"taxonomy":"product_tag","embeddable":true,"href":"https:\/\/aromasentia.com\/es\/wp-json\/wp\/v2\/product_tag?post=243258"}],"curies":[{"name":"wp","href":"https:\/\/api.w.org\/{rel}","templated":true}]}}