{"id":243250,"date":"2025-03-20T15:01:07","date_gmt":"2025-03-20T15:01:07","guid":{"rendered":"https:\/\/aromasentia.com\/product\/madame-punaises-scalp-massage-1kg\/"},"modified":"2025-05-31T20:40:18","modified_gmt":"2025-05-31T20:40:18","slug":"aceite-de-masaje-1l-para-la-cabeza","status":"publish","type":"product","link":"https:\/\/aromasentia.com\/es\/aceite-de-masaje-1l-para-la-cabeza\/","title":{"rendered":"Aceite de Masaje 1L &#8211; Para la Cabeza"},"content":{"rendered":"<p>Revitalice su cuero cabelludo y su cabello con Madame Punaise&#8217;S Scalp Massage 1Kg. Este aceite de tratamiento \u00fanico, de tama\u00f1o generoso, est\u00e1 especialmente mezclado para nutrir el cuero cabelludo, estimular la circulaci\u00f3n y promover el crecimiento sano y vibrante del cabello. Su f\u00f3rmula vigorizante y calmante puede ayudar a aliviar la sequedad, el picor y la descamaci\u00f3n, creando un entorno \u00f3ptimo para que su cabello prospere. Disfrute de un relajante masaje del cuero cabelludo con este aceite arom\u00e1tico para liberar tensiones y otorgar un brillo hermoso y saludable a sus mechones.<\/p>\n","protected":false},"excerpt":{"rendered":"<p>Revitalice su cuero cabelludo y su cabello con Madame Punaise&#8217;S Scalp Massage 1Kg. Este aceite de tratamiento \u00fanico, de tama\u00f1o generoso, est\u00e1 especialmente mezclado para nutrir el cuero cabelludo, estimular la circulaci\u00f3n y promover el crecimiento sano y vibrante del cabello. Su f\u00f3rmula vigorizante y calmante puede ayudar a aliviar la sequedad, el picor y [&hellip;]<\/p>\n","protected":false},"featured_media":265215,"comment_status":"closed","ping_status":"open","template":"","meta":{"_angie_page":false},"product_brand":[],"product_cat":[24048,19453],"product_tag":[],"class_list":{"0":"post-243250","1":"product","2":"type-product","3":"status-publish","4":"has-post-thumbnail","6":"product_cat-aceites-de-masaje","7":"product_cat-bano-y-ducha","8":"pa_collection-massage-and-bath-oils-1kg-es","9":"pa_made-in-reino-unido","11":"first","12":"instock","13":"purchasable","14":"product-type-simple"},"supplier_id":null,"supplier_sku":"MOB-13","barcode":null,"atum_controlled":true,"out_stock_date":null,"out_stock_threshold":null,"inheritable":false,"inbound_stock":null,"stock_on_hold":0,"sold_today":0,"sales_last_days":0,"reserved_stock":null,"customer_returns":null,"warehouse_damage":null,"lost_in_post":null,"other_logs":null,"out_stock_days":0,"lost_sales":0,"has_location":null,"update_date":"2026-04-27T07:13:22","atum_locations":[],"atum_stock_status":"instock","restock_status":false,"low_stock_amount":"","sales_update_date":"2026-01-30T01:25:38","calc_backorders":null,"_links":{"self":[{"href":"https:\/\/aromasentia.com\/es\/wp-json\/wp\/v2\/product\/243250","targetHints":{"allow":["GET"]}}],"collection":[{"href":"https:\/\/aromasentia.com\/es\/wp-json\/wp\/v2\/product"}],"about":[{"href":"https:\/\/aromasentia.com\/es\/wp-json\/wp\/v2\/types\/product"}],"replies":[{"embeddable":true,"href":"https:\/\/aromasentia.com\/es\/wp-json\/wp\/v2\/comments?post=243250"}],"version-history":[{"count":0,"href":"https:\/\/aromasentia.com\/es\/wp-json\/wp\/v2\/product\/243250\/revisions"}],"wp:featuredmedia":[{"embeddable":true,"href":"https:\/\/aromasentia.com\/es\/wp-json\/wp\/v2\/media\/265215"}],"wp:attachment":[{"href":"https:\/\/aromasentia.com\/es\/wp-json\/wp\/v2\/media?parent=243250"}],"wp:term":[{"taxonomy":"product_brand","embeddable":true,"href":"https:\/\/aromasentia.com\/es\/wp-json\/wp\/v2\/product_brand?post=243250"},{"taxonomy":"product_cat","embeddable":true,"href":"https:\/\/aromasentia.com\/es\/wp-json\/wp\/v2\/product_cat?post=243250"},{"taxonomy":"product_tag","embeddable":true,"href":"https:\/\/aromasentia.com\/es\/wp-json\/wp\/v2\/product_tag?post=243250"}],"curies":[{"name":"wp","href":"https:\/\/api.w.org\/{rel}","templated":true}]}}