{"id":243238,"date":"2025-03-20T15:01:07","date_gmt":"2025-03-20T15:01:07","guid":{"rendered":"https:\/\/aromasentia.com\/product\/heighten-awareness-1kg-massage-oil\/"},"modified":"2025-05-31T20:39:58","modified_gmt":"2025-05-31T20:39:58","slug":"aceite-de-masaje-1l-conocimiento-y-memoria","status":"publish","type":"product","link":"https:\/\/aromasentia.com\/es\/aceite-de-masaje-1l-conocimiento-y-memoria\/","title":{"rendered":"Aceite de Masaje 1L &#8211; Conocimiento y Memoria"},"content":{"rendered":"<p>Agudice su concentraci\u00f3n y despierte sus sentidos con nuestro Aceite de Masaje Heighten Awareness 1Kg. Esta vigorizante mezcla contiene una combinaci\u00f3n cuidadosamente seleccionada de aceites esenciales estimulantes conocidos por favorecer la claridad mental, mejorar la concentraci\u00f3n y potenciar el estado de alerta. La base de aceite suave y nutritivo es perfecta para un masaje revitalizante que no s\u00f3lo calma el cuerpo sino que tambi\u00e9n despeja la mente. Ideal antes de realizar tareas importantes o siempre que necesite un est\u00edmulo cognitivo natural, le dejar\u00e1 una sensaci\u00f3n de frescura, concentraci\u00f3n y disposici\u00f3n para el compromiso.<\/p>\n","protected":false},"excerpt":{"rendered":"<p>Agudice su concentraci\u00f3n y despierte sus sentidos con nuestro Aceite de Masaje Heighten Awareness 1Kg. Esta vigorizante mezcla contiene una combinaci\u00f3n cuidadosamente seleccionada de aceites esenciales estimulantes conocidos por favorecer la claridad mental, mejorar la concentraci\u00f3n y potenciar el estado de alerta. La base de aceite suave y nutritivo es perfecta para un masaje revitalizante [&hellip;]<\/p>\n","protected":false},"featured_media":265140,"comment_status":"closed","ping_status":"open","template":"","meta":{"_angie_page":false},"product_brand":[],"product_cat":[24048,19453],"product_tag":[],"class_list":{"0":"post-243238","1":"product","2":"type-product","3":"status-publish","4":"has-post-thumbnail","6":"product_cat-aceites-de-masaje","7":"product_cat-bano-y-ducha","8":"pa_collection-massage-and-bath-oils-1kg-es","9":"pa_made-in-reino-unido","11":"first","12":"instock","13":"purchasable","14":"product-type-simple"},"supplier_id":null,"supplier_sku":"MOB-10","barcode":null,"atum_controlled":true,"out_stock_date":null,"out_stock_threshold":null,"inheritable":false,"inbound_stock":null,"stock_on_hold":0,"sold_today":0,"sales_last_days":0,"reserved_stock":null,"customer_returns":null,"warehouse_damage":null,"lost_in_post":null,"other_logs":null,"out_stock_days":0,"lost_sales":0,"has_location":null,"update_date":"2026-04-29T05:08:19","atum_locations":[],"atum_stock_status":"instock","restock_status":false,"low_stock_amount":"","sales_update_date":"2026-02-06T00:02:46","calc_backorders":null,"_links":{"self":[{"href":"https:\/\/aromasentia.com\/es\/wp-json\/wp\/v2\/product\/243238","targetHints":{"allow":["GET"]}}],"collection":[{"href":"https:\/\/aromasentia.com\/es\/wp-json\/wp\/v2\/product"}],"about":[{"href":"https:\/\/aromasentia.com\/es\/wp-json\/wp\/v2\/types\/product"}],"replies":[{"embeddable":true,"href":"https:\/\/aromasentia.com\/es\/wp-json\/wp\/v2\/comments?post=243238"}],"version-history":[{"count":0,"href":"https:\/\/aromasentia.com\/es\/wp-json\/wp\/v2\/product\/243238\/revisions"}],"wp:featuredmedia":[{"embeddable":true,"href":"https:\/\/aromasentia.com\/es\/wp-json\/wp\/v2\/media\/265140"}],"wp:attachment":[{"href":"https:\/\/aromasentia.com\/es\/wp-json\/wp\/v2\/media?parent=243238"}],"wp:term":[{"taxonomy":"product_brand","embeddable":true,"href":"https:\/\/aromasentia.com\/es\/wp-json\/wp\/v2\/product_brand?post=243238"},{"taxonomy":"product_cat","embeddable":true,"href":"https:\/\/aromasentia.com\/es\/wp-json\/wp\/v2\/product_cat?post=243238"},{"taxonomy":"product_tag","embeddable":true,"href":"https:\/\/aromasentia.com\/es\/wp-json\/wp\/v2\/product_tag?post=243238"}],"curies":[{"name":"wp","href":"https:\/\/api.w.org\/{rel}","templated":true}]}}