{"id":243234,"date":"2025-03-20T15:01:07","date_gmt":"2025-03-20T15:01:07","guid":{"rendered":"https:\/\/aromasentia.com\/product\/warm-and-uplifting-1kg-massage-oil\/"},"modified":"2025-05-31T20:39:56","modified_gmt":"2025-05-31T20:39:56","slug":"aceite-de-masaje-1l-calido-y-edificante","status":"publish","type":"product","link":"https:\/\/aromasentia.com\/es\/aceite-de-masaje-1l-calido-y-edificante\/","title":{"rendered":"Aceite de Masaje 1L &#8211; C\u00e1lido y Edificante"},"content":{"rendered":"<p>Eleve su estado de \u00e1nimo y su esp\u00edritu con nuestro aceite de masaje c\u00e1lido y estimulante de 1 kg. Esta deliciosa mezcla est\u00e1 elaborada con aceites esenciales brillantes y alegres dise\u00f1ados para disipar la melancol\u00eda, promover la positividad y crear una sensaci\u00f3n de alegre bienestar. Los nutritivos aceites base proporcionan un lujoso deslizamiento para una reconfortante experiencia de masaje. Deje que su soleado aroma le envuelva, disipando el estr\u00e9s e invitando a una sensaci\u00f3n de calidez y optimismo, dejando su piel suave y su esp\u00edritu maravillosamente elevado.<\/p>\n","protected":false},"excerpt":{"rendered":"<p>Eleve su estado de \u00e1nimo y su esp\u00edritu con nuestro aceite de masaje c\u00e1lido y estimulante de 1 kg. Esta deliciosa mezcla est\u00e1 elaborada con aceites esenciales brillantes y alegres dise\u00f1ados para disipar la melancol\u00eda, promover la positividad y crear una sensaci\u00f3n de alegre bienestar. Los nutritivos aceites base proporcionan un lujoso deslizamiento para una [&hellip;]<\/p>\n","protected":false},"featured_media":265115,"comment_status":"closed","ping_status":"open","template":"","meta":{"_angie_page":false},"product_brand":[],"product_cat":[24048,19453],"product_tag":[],"class_list":{"0":"post-243234","1":"product","2":"type-product","3":"status-publish","4":"has-post-thumbnail","6":"product_cat-aceites-de-masaje","7":"product_cat-bano-y-ducha","8":"pa_collection-massage-and-bath-oils-1kg-es","9":"pa_made-in-reino-unido","11":"first","12":"instock","13":"purchasable","14":"product-type-simple"},"supplier_id":null,"supplier_sku":"MOB-09","barcode":null,"atum_controlled":true,"out_stock_date":null,"out_stock_threshold":null,"inheritable":false,"inbound_stock":null,"stock_on_hold":0,"sold_today":0,"sales_last_days":0,"reserved_stock":null,"customer_returns":null,"warehouse_damage":null,"lost_in_post":null,"other_logs":null,"out_stock_days":0,"lost_sales":0,"has_location":null,"update_date":"2026-04-29T05:08:19","atum_locations":[],"atum_stock_status":"instock","restock_status":false,"low_stock_amount":"","sales_update_date":"2026-01-30T01:24:32","calc_backorders":null,"_links":{"self":[{"href":"https:\/\/aromasentia.com\/es\/wp-json\/wp\/v2\/product\/243234","targetHints":{"allow":["GET"]}}],"collection":[{"href":"https:\/\/aromasentia.com\/es\/wp-json\/wp\/v2\/product"}],"about":[{"href":"https:\/\/aromasentia.com\/es\/wp-json\/wp\/v2\/types\/product"}],"replies":[{"embeddable":true,"href":"https:\/\/aromasentia.com\/es\/wp-json\/wp\/v2\/comments?post=243234"}],"version-history":[{"count":0,"href":"https:\/\/aromasentia.com\/es\/wp-json\/wp\/v2\/product\/243234\/revisions"}],"wp:featuredmedia":[{"embeddable":true,"href":"https:\/\/aromasentia.com\/es\/wp-json\/wp\/v2\/media\/265115"}],"wp:attachment":[{"href":"https:\/\/aromasentia.com\/es\/wp-json\/wp\/v2\/media?parent=243234"}],"wp:term":[{"taxonomy":"product_brand","embeddable":true,"href":"https:\/\/aromasentia.com\/es\/wp-json\/wp\/v2\/product_brand?post=243234"},{"taxonomy":"product_cat","embeddable":true,"href":"https:\/\/aromasentia.com\/es\/wp-json\/wp\/v2\/product_cat?post=243234"},{"taxonomy":"product_tag","embeddable":true,"href":"https:\/\/aromasentia.com\/es\/wp-json\/wp\/v2\/product_tag?post=243234"}],"curies":[{"name":"wp","href":"https:\/\/api.w.org\/{rel}","templated":true}]}}