{"id":243186,"date":"2025-03-20T15:01:24","date_gmt":"2025-03-20T15:01:24","guid":{"rendered":"https:\/\/aromasentia.com\/product\/sandalwood-glow-massage-oil-100ml\/"},"modified":"2025-05-31T20:39:22","modified_gmt":"2025-05-31T20:39:22","slug":"aceite-de-masaje-100ml-piel-radiante","status":"publish","type":"product","link":"https:\/\/aromasentia.com\/es\/aceite-de-masaje-100ml-piel-radiante\/","title":{"rendered":"Aceite de Masaje 100ml &#8211; Piel radiante"},"content":{"rendered":"<p>Sum\u00e9rgete en una experiencia de bienestar y relajaci\u00f3n con el Aceite de Masaje &#8211; Piel Radiante de Aroma Sentia Espa\u00f1a.&nbsp;<\/p>\n<p><strong>Elaborado a partir de una mezcla \u00fanica de aceites esenciales de S\u00e1ndalo Amyris, Pimienta Negra y Mandarina, combinados con Aceite de Semilla de Uva,<\/strong> no solo ofrece un masaje revitalizante, sino tambi\u00e9n cuidados excepcionales para tu piel.<\/p>\n<p>La fragancia suave y reconfortante del s\u00e1ndalo ayuda a crear una atm\u00f3sfera de calma, mientras que los aceites esenciales de mandarina y pimienta pegra aportan frescura y energ\u00eda.<\/p>\n<p>Modo de uso: Vierte una peque\u00f1a cantidad en la palma de la mano, frota ambas palmas para generar calor, y aplica el aceite de masaje sobre la piel. Masajea como desees para aliviar tensiones y disfrutar de una experiencia reconfortante.&nbsp;<\/p>\n<p><strong>Los aceites de masaje de Aroma Sentia Espa\u00f1a son ideales para tiendas que desean ofrecer un producto de alta calidad a sus clientes. Al ser mayoristas, pueden disfrutar de precios competitivos y ofrecer una experiencia exclusiva.<\/strong><\/p>\n","protected":false},"excerpt":{"rendered":"<p>Sum\u00e9rgete en una experiencia de bienestar y relajaci\u00f3n con el Aceite de Masaje &#8211; Piel Radiante de Aroma Sentia Espa\u00f1a.&nbsp; Elaborado a partir de una mezcla \u00fanica de aceites esenciales de S\u00e1ndalo Amyris, Pimienta Negra y Mandarina, combinados con Aceite de Semilla de Uva, no solo ofrece un masaje revitalizante, sino tambi\u00e9n cuidados excepcionales para [&hellip;]<\/p>\n","protected":false},"featured_media":265415,"comment_status":"closed","ping_status":"open","template":"","meta":{"_angie_page":false},"product_brand":[27095],"product_cat":[24048,26898,25844,19453,26390],"product_tag":[],"class_list":{"0":"post-243186","1":"product","2":"type-product","3":"status-publish","4":"has-post-thumbnail","6":"product_brand-ancient-wisdom","7":"product_cat-aceites-de-masaje","8":"product_cat-amaderado","9":"product_cat-aromas","10":"product_cat-bano-y-ducha","11":"product_cat-sandalo","12":"pa_collection-massage-oils-bottles-100ml-es","13":"pa_made-in-reino-unido","14":"pa_size-100ml","16":"first","17":"instock","18":"purchasable","19":"product-type-simple"},"supplier_id":null,"supplier_sku":"MOL-03","barcode":null,"atum_controlled":true,"out_stock_date":null,"out_stock_threshold":null,"inheritable":false,"inbound_stock":null,"stock_on_hold":0,"sold_today":0,"sales_last_days":0,"reserved_stock":null,"customer_returns":null,"warehouse_damage":null,"lost_in_post":null,"other_logs":null,"out_stock_days":0,"lost_sales":0,"has_location":null,"update_date":"2026-05-04T00:03:58","atum_locations":[],"atum_stock_status":"instock","restock_status":false,"low_stock_amount":"","sales_update_date":"2025-09-05T00:17:06","calc_backorders":null,"_links":{"self":[{"href":"https:\/\/aromasentia.com\/es\/wp-json\/wp\/v2\/product\/243186","targetHints":{"allow":["GET"]}}],"collection":[{"href":"https:\/\/aromasentia.com\/es\/wp-json\/wp\/v2\/product"}],"about":[{"href":"https:\/\/aromasentia.com\/es\/wp-json\/wp\/v2\/types\/product"}],"replies":[{"embeddable":true,"href":"https:\/\/aromasentia.com\/es\/wp-json\/wp\/v2\/comments?post=243186"}],"version-history":[{"count":0,"href":"https:\/\/aromasentia.com\/es\/wp-json\/wp\/v2\/product\/243186\/revisions"}],"wp:featuredmedia":[{"embeddable":true,"href":"https:\/\/aromasentia.com\/es\/wp-json\/wp\/v2\/media\/265415"}],"wp:attachment":[{"href":"https:\/\/aromasentia.com\/es\/wp-json\/wp\/v2\/media?parent=243186"}],"wp:term":[{"taxonomy":"product_brand","embeddable":true,"href":"https:\/\/aromasentia.com\/es\/wp-json\/wp\/v2\/product_brand?post=243186"},{"taxonomy":"product_cat","embeddable":true,"href":"https:\/\/aromasentia.com\/es\/wp-json\/wp\/v2\/product_cat?post=243186"},{"taxonomy":"product_tag","embeddable":true,"href":"https:\/\/aromasentia.com\/es\/wp-json\/wp\/v2\/product_tag?post=243186"}],"curies":[{"name":"wp","href":"https:\/\/api.w.org\/{rel}","templated":true}]}}