{"id":243178,"date":"2025-03-20T15:01:24","date_gmt":"2025-03-20T15:01:24","guid":{"rendered":"https:\/\/aromasentia.com\/product\/relaxing-massage-oil-100ml\/"},"modified":"2025-05-31T20:39:17","modified_gmt":"2025-05-31T20:39:17","slug":"aceite-de-masaje-100ml-relajante","status":"publish","type":"product","link":"https:\/\/aromasentia.com\/es\/aceite-de-masaje-100ml-relajante\/","title":{"rendered":"Aceite de Masaje 100ml &#8211; Relajante"},"content":{"rendered":"<p><strong>Descubre el poder de la relajaci\u00f3n y el bienestar con nuestro Aceite de Masaje de Aroma Sentia Espa\u00f1a.<\/strong><\/p>\n<p>Este aceite de masaje relajante restaura la piel, dej\u00e1ndola suave y nutrida, aportando sensaci\u00f3n de bienestar al utilizarlo. Adem\u00e1s, ayudar\u00e1 a sus clientes a reducir el estr\u00e9s y las tensiones del d\u00eda a d\u00eda.&nbsp;<\/p>\n<p><strong>Est\u00e1 elaborado con una mezcla de aceites esenciales 100% naturales, entre ellos: Aceite de Lavanda, Menta y Manzanilla, mezclado con un aceite base Aceite de Semilla de Uva.&nbsp;<\/strong><\/p>\n<p>Modo de uso: Vierte una peque\u00f1a cantidad en la palma de la mano, frota ambas palmas para generar calor, y aplica el aceite de masaje sobre la piel. Masajea como desees para aliviar tensiones y disfrutar de una experiencia reconfortante.<\/p>\n<p><strong>\u00a1Haz tu pedido antes de que se agoten, revende productos de calidad y destaca en el mercado del bienestar!&nbsp;<\/strong><\/p>\n","protected":false},"excerpt":{"rendered":"<p>Descubre el poder de la relajaci\u00f3n y el bienestar con nuestro Aceite de Masaje de Aroma Sentia Espa\u00f1a. Este aceite de masaje relajante restaura la piel, dej\u00e1ndola suave y nutrida, aportando sensaci\u00f3n de bienestar al utilizarlo. Adem\u00e1s, ayudar\u00e1 a sus clientes a reducir el estr\u00e9s y las tensiones del d\u00eda a d\u00eda.&nbsp; Est\u00e1 elaborado con [&hellip;]<\/p>\n","protected":false},"featured_media":265365,"comment_status":"closed","ping_status":"open","template":"","meta":{"_angie_page":false},"product_brand":[27095],"product_cat":[24048,19453],"product_tag":[],"class_list":{"0":"post-243178","1":"product","2":"type-product","3":"status-publish","4":"has-post-thumbnail","6":"product_brand-ancient-wisdom","7":"product_cat-aceites-de-masaje","8":"product_cat-bano-y-ducha","9":"pa_collection-massage-oils-bottles-100ml-es","10":"pa_made-in-reino-unido","11":"pa_size-100ml","13":"first","14":"instock","15":"purchasable","16":"product-type-simple"},"supplier_id":null,"supplier_sku":"MOL-01","barcode":null,"atum_controlled":true,"out_stock_date":null,"out_stock_threshold":null,"inheritable":false,"inbound_stock":null,"stock_on_hold":0,"sold_today":0,"sales_last_days":0,"reserved_stock":null,"customer_returns":null,"warehouse_damage":null,"lost_in_post":null,"other_logs":null,"out_stock_days":0,"lost_sales":0,"has_location":null,"update_date":"2026-04-27T07:13:23","atum_locations":[],"atum_stock_status":"instock","restock_status":false,"low_stock_amount":"","sales_update_date":"2025-09-05T00:17:05","calc_backorders":null,"_links":{"self":[{"href":"https:\/\/aromasentia.com\/es\/wp-json\/wp\/v2\/product\/243178","targetHints":{"allow":["GET"]}}],"collection":[{"href":"https:\/\/aromasentia.com\/es\/wp-json\/wp\/v2\/product"}],"about":[{"href":"https:\/\/aromasentia.com\/es\/wp-json\/wp\/v2\/types\/product"}],"replies":[{"embeddable":true,"href":"https:\/\/aromasentia.com\/es\/wp-json\/wp\/v2\/comments?post=243178"}],"version-history":[{"count":0,"href":"https:\/\/aromasentia.com\/es\/wp-json\/wp\/v2\/product\/243178\/revisions"}],"wp:featuredmedia":[{"embeddable":true,"href":"https:\/\/aromasentia.com\/es\/wp-json\/wp\/v2\/media\/265365"}],"wp:attachment":[{"href":"https:\/\/aromasentia.com\/es\/wp-json\/wp\/v2\/media?parent=243178"}],"wp:term":[{"taxonomy":"product_brand","embeddable":true,"href":"https:\/\/aromasentia.com\/es\/wp-json\/wp\/v2\/product_brand?post=243178"},{"taxonomy":"product_cat","embeddable":true,"href":"https:\/\/aromasentia.com\/es\/wp-json\/wp\/v2\/product_cat?post=243178"},{"taxonomy":"product_tag","embeddable":true,"href":"https:\/\/aromasentia.com\/es\/wp-json\/wp\/v2\/product_tag?post=243178"}],"curies":[{"name":"wp","href":"https:\/\/api.w.org\/{rel}","templated":true}]}}