{"id":243154,"date":"2025-03-20T15:03:30","date_gmt":"2025-03-20T15:03:30","guid":{"rendered":"https:\/\/aromasentia.com\/product\/large-mango-box-burner-tree-of-life\/"},"modified":"2025-05-31T20:38:45","modified_gmt":"2025-05-31T20:38:45","slug":"quemador-de-madera-de-mango-arbol-de-la-vida","status":"publish","type":"product","link":"https:\/\/aromasentia.com\/es\/quemador-de-madera-de-mango-arbol-de-la-vida\/","title":{"rendered":"Quemador de Madera de Mango &#8211; \u00c1rbol de la vida"},"content":{"rendered":"<p>Descubre el equilibrio perfecto entre funcionalidad y est\u00e9tica con nuestros quemadores de aceite elaborados en madera de mango. con el grabado del \u00e1rbol de la vida.&nbsp;<\/p>\n<p>El s\u00edmbolo del \u00e1rbol de la vida, representa la interconexi\u00f3n de toda la vida. Sus ra\u00edces, tronco y ramas simbolizan la conexi\u00f3n entre el cielo, la tierra y todo lo que habita en el universo.<\/p>\n<p><strong>Medidas del producto; 12.5&#215;12.5&#215;12.5<\/strong> <\/p>\n<p>\u00a1Crea un<strong>&nbsp;pack de relajaci\u00f3n<\/strong> con estos quemadores <strong>hechos a mano<\/strong>, junto a una vela y <strong>aceites esenciales&nbsp;<\/strong>para que sus clientes puedan regalarlo a sus m\u00e1s cercanos y sorprenderlos!<\/p>\n","protected":false},"excerpt":{"rendered":"<p>Descubre el equilibrio perfecto entre funcionalidad y est\u00e9tica con nuestros quemadores de aceite elaborados en madera de mango. con el grabado del \u00e1rbol de la vida.&nbsp; El s\u00edmbolo del \u00e1rbol de la vida, representa la interconexi\u00f3n de toda la vida. Sus ra\u00edces, tronco y ramas simbolizan la conexi\u00f3n entre el cielo, la tierra y todo [&hellip;]<\/p>\n","protected":false},"featured_media":265873,"comment_status":"closed","ping_status":"open","template":"","meta":{"_angie_page":false},"product_brand":[],"product_cat":[16524,18411],"product_tag":[],"class_list":{"0":"post-243154","1":"product","2":"type-product","3":"status-publish","4":"has-post-thumbnail","6":"product_cat-difusores-de-aroma-y-barritas-aromaticas","7":"product_cat-quemadores-de-aceite","8":"pa_collection-mango-wood-oil-burners-es","9":"pa_made-in-india","11":"first","12":"instock","13":"purchasable","14":"product-type-simple"},"supplier_id":null,"supplier_sku":"MWOB-03","barcode":null,"atum_controlled":true,"out_stock_date":null,"out_stock_threshold":null,"inheritable":false,"inbound_stock":null,"stock_on_hold":0,"sold_today":0,"sales_last_days":0,"reserved_stock":null,"customer_returns":null,"warehouse_damage":null,"lost_in_post":null,"other_logs":null,"out_stock_days":0,"lost_sales":0,"has_location":null,"update_date":"2026-05-08T05:14:27","atum_locations":[],"atum_stock_status":"instock","restock_status":false,"low_stock_amount":"","sales_update_date":"2025-09-05T00:17:11","calc_backorders":null,"_links":{"self":[{"href":"https:\/\/aromasentia.com\/es\/wp-json\/wp\/v2\/product\/243154","targetHints":{"allow":["GET"]}}],"collection":[{"href":"https:\/\/aromasentia.com\/es\/wp-json\/wp\/v2\/product"}],"about":[{"href":"https:\/\/aromasentia.com\/es\/wp-json\/wp\/v2\/types\/product"}],"replies":[{"embeddable":true,"href":"https:\/\/aromasentia.com\/es\/wp-json\/wp\/v2\/comments?post=243154"}],"version-history":[{"count":0,"href":"https:\/\/aromasentia.com\/es\/wp-json\/wp\/v2\/product\/243154\/revisions"}],"wp:featuredmedia":[{"embeddable":true,"href":"https:\/\/aromasentia.com\/es\/wp-json\/wp\/v2\/media\/265873"}],"wp:attachment":[{"href":"https:\/\/aromasentia.com\/es\/wp-json\/wp\/v2\/media?parent=243154"}],"wp:term":[{"taxonomy":"product_brand","embeddable":true,"href":"https:\/\/aromasentia.com\/es\/wp-json\/wp\/v2\/product_brand?post=243154"},{"taxonomy":"product_cat","embeddable":true,"href":"https:\/\/aromasentia.com\/es\/wp-json\/wp\/v2\/product_cat?post=243154"},{"taxonomy":"product_tag","embeddable":true,"href":"https:\/\/aromasentia.com\/es\/wp-json\/wp\/v2\/product_tag?post=243154"}],"curies":[{"name":"wp","href":"https:\/\/api.w.org\/{rel}","templated":true}]}}