{"id":243150,"date":"2025-03-20T15:03:30","date_gmt":"2025-03-20T15:03:30","guid":{"rendered":"https:\/\/aromasentia.com\/product\/large-mango-box-burner-buddha\/"},"modified":"2025-05-31T20:38:42","modified_gmt":"2025-05-31T20:38:42","slug":"quemador-de-madera-de-mango-buda","status":"publish","type":"product","link":"https:\/\/aromasentia.com\/es\/quemador-de-madera-de-mango-buda\/","title":{"rendered":"Quemador de Madera de Mango &#8211; Buda"},"content":{"rendered":"<p>Si buscas una manera especial de que tus clientes disfruten de un momento de relajaci\u00f3n gracias a los <strong>aceites esenciales,<\/strong> nuestros <strong>quemadores de aceite de madera de mango al por mayor<\/strong> son la elecci\u00f3n perfecta.&nbsp;<\/p>\n<p>Medidas del quemador: 12.5&#215;12.5&#215;12.5&nbsp;<\/p>\n<p><strong>Disponibles en tres dise\u00f1os:<\/strong> Elefante, Buda y \u00e1rbol de la Vida, estos quemadores est\u00e1n hechos a mano con gran atenci\u00f3n al detalle. <strong>\u00a1Revende los diferentes modelos en su tienda!<\/strong><\/p>\n<p>El <strong>Buda&nbsp;<\/strong>es considerado un protector espiritual que aleja las influencias negativas y gu\u00eda a los practicantes en su camino hacia la paz y la iluminaci\u00f3n.<\/p>\n<p><strong>Consejo<\/strong>: Combina estos quemadores con aceites de fregancia o aceites esenciales para aportar un aroma envolvente en su tienda y captar clientes.&nbsp;<\/p>\n","protected":false},"excerpt":{"rendered":"<p>Si buscas una manera especial de que tus clientes disfruten de un momento de relajaci\u00f3n gracias a los aceites esenciales, nuestros quemadores de aceite de madera de mango al por mayor son la elecci\u00f3n perfecta.&nbsp; Medidas del quemador: 12.5&#215;12.5&#215;12.5&nbsp; Disponibles en tres dise\u00f1os: Elefante, Buda y \u00e1rbol de la Vida, estos quemadores est\u00e1n hechos a [&hellip;]<\/p>\n","protected":false},"featured_media":265824,"comment_status":"closed","ping_status":"open","template":"","meta":{"_angie_page":false},"product_brand":[],"product_cat":[16524,18411],"product_tag":[],"class_list":{"0":"post-243150","1":"product","2":"type-product","3":"status-publish","4":"has-post-thumbnail","6":"product_cat-difusores-de-aroma-y-barritas-aromaticas","7":"product_cat-quemadores-de-aceite","8":"pa_collection-mango-wood-oil-burners-es","9":"pa_made-in-india","11":"first","12":"instock","13":"purchasable","14":"product-type-simple"},"supplier_id":null,"supplier_sku":"MWOB-02","barcode":null,"atum_controlled":true,"out_stock_date":null,"out_stock_threshold":null,"inheritable":false,"inbound_stock":null,"stock_on_hold":0,"sold_today":0,"sales_last_days":0,"reserved_stock":null,"customer_returns":null,"warehouse_damage":null,"lost_in_post":null,"other_logs":null,"out_stock_days":0,"lost_sales":0,"has_location":null,"update_date":"2026-05-08T05:14:27","atum_locations":[],"atum_stock_status":"instock","restock_status":false,"low_stock_amount":"","sales_update_date":"2026-02-06T00:01:37","calc_backorders":null,"_links":{"self":[{"href":"https:\/\/aromasentia.com\/es\/wp-json\/wp\/v2\/product\/243150","targetHints":{"allow":["GET"]}}],"collection":[{"href":"https:\/\/aromasentia.com\/es\/wp-json\/wp\/v2\/product"}],"about":[{"href":"https:\/\/aromasentia.com\/es\/wp-json\/wp\/v2\/types\/product"}],"replies":[{"embeddable":true,"href":"https:\/\/aromasentia.com\/es\/wp-json\/wp\/v2\/comments?post=243150"}],"version-history":[{"count":0,"href":"https:\/\/aromasentia.com\/es\/wp-json\/wp\/v2\/product\/243150\/revisions"}],"wp:featuredmedia":[{"embeddable":true,"href":"https:\/\/aromasentia.com\/es\/wp-json\/wp\/v2\/media\/265824"}],"wp:attachment":[{"href":"https:\/\/aromasentia.com\/es\/wp-json\/wp\/v2\/media?parent=243150"}],"wp:term":[{"taxonomy":"product_brand","embeddable":true,"href":"https:\/\/aromasentia.com\/es\/wp-json\/wp\/v2\/product_brand?post=243150"},{"taxonomy":"product_cat","embeddable":true,"href":"https:\/\/aromasentia.com\/es\/wp-json\/wp\/v2\/product_cat?post=243150"},{"taxonomy":"product_tag","embeddable":true,"href":"https:\/\/aromasentia.com\/es\/wp-json\/wp\/v2\/product_tag?post=243150"}],"curies":[{"name":"wp","href":"https:\/\/api.w.org\/{rel}","templated":true}]}}