{"id":243146,"date":"2025-03-20T15:03:30","date_gmt":"2025-03-20T15:03:30","guid":{"rendered":"https:\/\/aromasentia.com\/product\/large-mango-box-burner-elephant\/"},"modified":"2025-05-31T20:38:39","modified_gmt":"2025-05-31T20:38:39","slug":"quemador-de-madera-de-mango-elefante","status":"publish","type":"product","link":"https:\/\/aromasentia.com\/es\/quemador-de-madera-de-mango-elefante\/","title":{"rendered":"Quemador de Madera de Mango &#8211; Elefante"},"content":{"rendered":"<p>\u00bfQuieres vender productos en tu tienda de calidad y que destaquen por su tama\u00f1o?<\/p>\n<p>No dudes en a\u00f1adir los quemadores de madera de mango con el signo del&nbsp; elefante grabado. Este quemador es un producto hecho a mano en la India, por lo que se considera un producto \u00fanico.&nbsp;<\/p>\n<p>Estos quemadores no solo mejoran el ambiente de tu hogar, sino que tambi\u00e9n aportan un toque espiritual y decorativo.&nbsp;<\/p>\n<p><strong>Medidas del producto 12.5 x 12.5 x 12.5 cm.<\/strong><\/p>\n<p><strong>La simbolog\u00eda del elefante en m\u00faltiples culturas se le tiene mucho respecto, ya que &nbsp;simboliza sabidur\u00eda y poder debido a su tama\u00f1o y longevidad.<\/strong> <br \/>\u00a1A\u00f1ade uno de estos hermosos quemadores a tu hogar y transforma la casa de sus clientes en un lugar de calma y paz!<\/p>\n","protected":false},"excerpt":{"rendered":"<p>\u00bfQuieres vender productos en tu tienda de calidad y que destaquen por su tama\u00f1o? No dudes en a\u00f1adir los quemadores de madera de mango con el signo del&nbsp; elefante grabado. Este quemador es un producto hecho a mano en la India, por lo que se considera un producto \u00fanico.&nbsp; Estos quemadores no solo mejoran el [&hellip;]<\/p>\n","protected":false},"featured_media":265775,"comment_status":"closed","ping_status":"open","template":"","meta":{"_angie_page":false},"product_brand":[],"product_cat":[16524,18411],"product_tag":[],"class_list":{"0":"post-243146","1":"product","2":"type-product","3":"status-publish","4":"has-post-thumbnail","6":"product_cat-difusores-de-aroma-y-barritas-aromaticas","7":"product_cat-quemadores-de-aceite","8":"pa_collection-mango-wood-oil-burners-es","9":"pa_made-in-india","11":"first","12":"instock","13":"purchasable","14":"product-type-simple"},"supplier_id":null,"supplier_sku":"MWOB-01","barcode":null,"atum_controlled":true,"out_stock_date":null,"out_stock_threshold":null,"inheritable":false,"inbound_stock":null,"stock_on_hold":0,"sold_today":0,"sales_last_days":0,"reserved_stock":null,"customer_returns":null,"warehouse_damage":null,"lost_in_post":null,"other_logs":null,"out_stock_days":0,"lost_sales":0,"has_location":null,"update_date":"2026-05-08T05:14:27","atum_locations":[],"atum_stock_status":"instock","restock_status":false,"low_stock_amount":"","sales_update_date":"2026-01-30T01:25:02","calc_backorders":null,"_links":{"self":[{"href":"https:\/\/aromasentia.com\/es\/wp-json\/wp\/v2\/product\/243146","targetHints":{"allow":["GET"]}}],"collection":[{"href":"https:\/\/aromasentia.com\/es\/wp-json\/wp\/v2\/product"}],"about":[{"href":"https:\/\/aromasentia.com\/es\/wp-json\/wp\/v2\/types\/product"}],"replies":[{"embeddable":true,"href":"https:\/\/aromasentia.com\/es\/wp-json\/wp\/v2\/comments?post=243146"}],"version-history":[{"count":0,"href":"https:\/\/aromasentia.com\/es\/wp-json\/wp\/v2\/product\/243146\/revisions"}],"wp:featuredmedia":[{"embeddable":true,"href":"https:\/\/aromasentia.com\/es\/wp-json\/wp\/v2\/media\/265775"}],"wp:attachment":[{"href":"https:\/\/aromasentia.com\/es\/wp-json\/wp\/v2\/media?parent=243146"}],"wp:term":[{"taxonomy":"product_brand","embeddable":true,"href":"https:\/\/aromasentia.com\/es\/wp-json\/wp\/v2\/product_brand?post=243146"},{"taxonomy":"product_cat","embeddable":true,"href":"https:\/\/aromasentia.com\/es\/wp-json\/wp\/v2\/product_cat?post=243146"},{"taxonomy":"product_tag","embeddable":true,"href":"https:\/\/aromasentia.com\/es\/wp-json\/wp\/v2\/product_tag?post=243146"}],"curies":[{"name":"wp","href":"https:\/\/api.w.org\/{rel}","templated":true}]}}