{"id":243130,"date":"2025-03-20T15:03:30","date_gmt":"2025-03-20T15:03:30","guid":{"rendered":"https:\/\/aromasentia.com\/product\/nag-champa-massage-oil-100ml\/"},"modified":"2025-05-31T20:38:27","modified_gmt":"2025-05-31T20:38:27","slug":"aceite-de-masaje-100ml-nag-champa","status":"publish","type":"product","link":"https:\/\/aromasentia.com\/es\/aceite-de-masaje-100ml-nag-champa\/","title":{"rendered":"Aceite de Masaje 100ml &#8211; Nag Champa"},"content":{"rendered":"<p><strong>\u00bfQuieres un aceite con aromas envolventes que promueva la relajaci\u00f3n?&nbsp;<\/strong>El aceite de Masaje Nag Champa de Aroma Sentia Espa\u00f1a es el producto que buscabas.&nbsp;<\/p>\n<p><strong>Infundido con la legendaria fragancia Nag Champa, este aceite ofrece un aroma intenso y ex\u00f3tico. Adem\u00e1s, este aceite est\u00e1 combinado con aceite de semilla de uva, lo que aporta hidrataci\u00f3n.<\/strong><\/p>\n<p>Modo de uso: Vierte una peque\u00f1a cantidad en la palma de la mano, frota ambas palmas para generar calor, y aplica el aceite de masaje sobre la piel. Masajea como desees para aliviar tensiones y disfrutar de una experiencia reconfortante.<\/p>\n<p><strong>\u00a1D\u00e9jate sorprender por su aroma y m\u00faltiples beneficios y a\u00f1ade este producto a tu cat\u00e1logo!<\/strong><\/p>\n","protected":false},"excerpt":{"rendered":"<p>\u00bfQuieres un aceite con aromas envolventes que promueva la relajaci\u00f3n?&nbsp;El aceite de Masaje Nag Champa de Aroma Sentia Espa\u00f1a es el producto que buscabas.&nbsp; Infundido con la legendaria fragancia Nag Champa, este aceite ofrece un aroma intenso y ex\u00f3tico. Adem\u00e1s, este aceite est\u00e1 combinado con aceite de semilla de uva, lo que aporta hidrataci\u00f3n. Modo [&hellip;]<\/p>\n","protected":false},"featured_media":265683,"comment_status":"closed","ping_status":"open","template":"","meta":{"_angie_page":false},"product_brand":[27095],"product_cat":[24048,19453],"product_tag":[],"class_list":{"0":"post-243130","1":"product","2":"type-product","3":"status-publish","4":"has-post-thumbnail","6":"product_brand-ancient-wisdom","7":"product_cat-aceites-de-masaje","8":"product_cat-bano-y-ducha","9":"pa_collection-massage-oils-bottles-100ml-es","10":"pa_made-in-reino-unido","11":"pa_size-100ml","13":"first","14":"instock","15":"purchasable","16":"product-type-simple"},"supplier_id":null,"supplier_sku":"MOL-15","barcode":null,"atum_controlled":true,"out_stock_date":null,"out_stock_threshold":null,"inheritable":false,"inbound_stock":null,"stock_on_hold":0,"sold_today":0,"sales_last_days":0,"reserved_stock":null,"customer_returns":null,"warehouse_damage":null,"lost_in_post":null,"other_logs":null,"out_stock_days":15,"lost_sales":0,"has_location":null,"update_date":"2026-04-27T07:13:29","atum_locations":[],"atum_stock_status":"instock","restock_status":false,"low_stock_amount":"","sales_update_date":"2026-02-06T00:01:30","calc_backorders":null,"_links":{"self":[{"href":"https:\/\/aromasentia.com\/es\/wp-json\/wp\/v2\/product\/243130","targetHints":{"allow":["GET"]}}],"collection":[{"href":"https:\/\/aromasentia.com\/es\/wp-json\/wp\/v2\/product"}],"about":[{"href":"https:\/\/aromasentia.com\/es\/wp-json\/wp\/v2\/types\/product"}],"replies":[{"embeddable":true,"href":"https:\/\/aromasentia.com\/es\/wp-json\/wp\/v2\/comments?post=243130"}],"version-history":[{"count":0,"href":"https:\/\/aromasentia.com\/es\/wp-json\/wp\/v2\/product\/243130\/revisions"}],"wp:featuredmedia":[{"embeddable":true,"href":"https:\/\/aromasentia.com\/es\/wp-json\/wp\/v2\/media\/265683"}],"wp:attachment":[{"href":"https:\/\/aromasentia.com\/es\/wp-json\/wp\/v2\/media?parent=243130"}],"wp:term":[{"taxonomy":"product_brand","embeddable":true,"href":"https:\/\/aromasentia.com\/es\/wp-json\/wp\/v2\/product_brand?post=243130"},{"taxonomy":"product_cat","embeddable":true,"href":"https:\/\/aromasentia.com\/es\/wp-json\/wp\/v2\/product_cat?post=243130"},{"taxonomy":"product_tag","embeddable":true,"href":"https:\/\/aromasentia.com\/es\/wp-json\/wp\/v2\/product_tag?post=243130"}],"curies":[{"name":"wp","href":"https:\/\/api.w.org\/{rel}","templated":true}]}}