{"id":243006,"date":"2025-03-20T15:10:52","date_gmt":"2025-03-20T15:10:52","guid":{"rendered":"https:\/\/aromasentia.com\/product\/classic-white-oil-burner-short-owl\/"},"modified":"2025-05-31T20:36:34","modified_gmt":"2025-05-31T20:36:34","slug":"quemador-aceite-clasico-buho-corto","status":"publish","type":"product","link":"https:\/\/aromasentia.com\/es\/quemador-aceite-clasico-buho-corto\/","title":{"rendered":"Quemador aceite cl\u00e1sico &#8211;  B\u00faho Corto"},"content":{"rendered":"<p>Quemador de aceite cl\u00e1sico en color blanco. Hecho con la mejor cer\u00e1mica posible, lo que le da un alto nivel de calidad. Este quemador de aceite al por mayor es una gran idea de regalo para cualquier ocasi\u00f3n especial debido a la calidad y el valor.<\/p>\n<p><\/p>\n<p>Ideal para su uso con aceites de fragancia o ceras perfumadas. Tambi\u00e9n hacen una decoraci\u00f3n muy atractiva en cualquier habitaci\u00f3n gracias a su hermosa cer\u00e1mica blanca. Los peque\u00f1os huecos del dibujo permiten que la luz de la vela brille a trav\u00e9s de ellos, creando una atm\u00f3sfera relajante.<\/p>\n<p><\/p>\n<p>Medidas: &nbsp;7,5&#215;8 (cm)<\/p>\n","protected":false},"excerpt":{"rendered":"<p>Quemador de aceite cl\u00e1sico en color blanco. Hecho con la mejor cer\u00e1mica posible, lo que le da un alto nivel de calidad. Este quemador de aceite al por mayor es una gran idea de regalo para cualquier ocasi\u00f3n especial debido a la calidad y el valor. Ideal para su uso con aceites de fragancia o [&hellip;]<\/p>\n","protected":false},"featured_media":266954,"comment_status":"closed","ping_status":"open","template":"","meta":{"_angie_page":false},"product_brand":[],"product_cat":[16524,18411],"product_tag":[],"class_list":{"0":"post-243006","1":"product","2":"type-product","3":"status-publish","4":"has-post-thumbnail","6":"product_cat-difusores-de-aroma-y-barritas-aromaticas","7":"product_cat-quemadores-de-aceite","8":"pa_collection-classic-white-oil-burner-es","9":"pa_made-in-china","11":"first","12":"instock","13":"purchasable","14":"product-type-simple"},"supplier_id":null,"supplier_sku":"OBCW-07","barcode":null,"atum_controlled":true,"out_stock_date":null,"out_stock_threshold":null,"inheritable":false,"inbound_stock":null,"stock_on_hold":0,"sold_today":0,"sales_last_days":0,"reserved_stock":null,"customer_returns":null,"warehouse_damage":null,"lost_in_post":null,"other_logs":null,"out_stock_days":0,"lost_sales":0,"has_location":null,"update_date":"2026-05-08T05:15:40","atum_locations":[],"atum_stock_status":"instock","restock_status":false,"low_stock_amount":"","sales_update_date":"2025-09-05T00:17:21","calc_backorders":null,"_links":{"self":[{"href":"https:\/\/aromasentia.com\/es\/wp-json\/wp\/v2\/product\/243006","targetHints":{"allow":["GET"]}}],"collection":[{"href":"https:\/\/aromasentia.com\/es\/wp-json\/wp\/v2\/product"}],"about":[{"href":"https:\/\/aromasentia.com\/es\/wp-json\/wp\/v2\/types\/product"}],"replies":[{"embeddable":true,"href":"https:\/\/aromasentia.com\/es\/wp-json\/wp\/v2\/comments?post=243006"}],"version-history":[{"count":0,"href":"https:\/\/aromasentia.com\/es\/wp-json\/wp\/v2\/product\/243006\/revisions"}],"wp:featuredmedia":[{"embeddable":true,"href":"https:\/\/aromasentia.com\/es\/wp-json\/wp\/v2\/media\/266954"}],"wp:attachment":[{"href":"https:\/\/aromasentia.com\/es\/wp-json\/wp\/v2\/media?parent=243006"}],"wp:term":[{"taxonomy":"product_brand","embeddable":true,"href":"https:\/\/aromasentia.com\/es\/wp-json\/wp\/v2\/product_brand?post=243006"},{"taxonomy":"product_cat","embeddable":true,"href":"https:\/\/aromasentia.com\/es\/wp-json\/wp\/v2\/product_cat?post=243006"},{"taxonomy":"product_tag","embeddable":true,"href":"https:\/\/aromasentia.com\/es\/wp-json\/wp\/v2\/product_tag?post=243006"}],"curies":[{"name":"wp","href":"https:\/\/api.w.org\/{rel}","templated":true}]}}