{"id":242866,"date":"2025-03-20T15:12:55","date_gmt":"2025-03-20T15:12:55","guid":{"rendered":"https:\/\/aromasentia.com\/product\/organic-castor-oil-1-litre\/"},"modified":"2025-05-31T20:33:59","modified_gmt":"2025-05-31T20:33:59","slug":"organic-castor-oil-1-litre","status":"publish","type":"product","link":"https:\/\/aromasentia.com\/es\/organic-castor-oil-1-litre\/","title":{"rendered":"Organic Castor Oil 1 Litre"},"content":{"rendered":"<p>Nutra la piel y el cabello en profundidad con nuestro Aceite de Ricino Ecol\u00f3gico en una generosa botella de 1 litro. Prensado en fr\u00edo y certificado ecol\u00f3gico, este aceite espeso y rico es famoso por sus excepcionales propiedades hidratantes y acondicionadoras. Se utiliza tradicionalmente para estimular el crecimiento del cabello, espesar las pesta\u00f1as y las cejas y calmar la piel seca e irritada. Su naturaleza emoliente ayuda a retener la humedad, convirti\u00e9ndolo en un poderoso tratamiento natural para una hidrataci\u00f3n intensiva de la cabeza a los pies, garantizando pureza y potencia para sus rutinas de cuidado natural.<\/p>\n","protected":false},"excerpt":{"rendered":"<p>Nutra la piel y el cabello en profundidad con nuestro Aceite de Ricino Ecol\u00f3gico en una generosa botella de 1 litro. Prensado en fr\u00edo y certificado ecol\u00f3gico, este aceite espeso y rico es famoso por sus excepcionales propiedades hidratantes y acondicionadoras. Se utiliza tradicionalmente para estimular el crecimiento del cabello, espesar las pesta\u00f1as y las [&hellip;]<\/p>\n","protected":false},"featured_media":267155,"comment_status":"closed","ping_status":"open","template":"","meta":{"_angie_page":false},"product_brand":[],"product_cat":[23932,16460],"product_tag":[],"class_list":{"0":"post-242866","1":"product","2":"type-product","3":"status-publish","4":"has-post-thumbnail","6":"product_cat-aceites-base","7":"product_cat-aromaterapia-y-fragancias-para-hogar","8":"pa_collection-bulk-organic-carrier-oils-es","9":"pa_made-in-india","11":"first","12":"instock","13":"purchasable","14":"product-type-simple"},"supplier_id":null,"supplier_sku":"OrgBOz-11","barcode":null,"atum_controlled":true,"out_stock_date":null,"out_stock_threshold":null,"inheritable":false,"inbound_stock":null,"stock_on_hold":0,"sold_today":0,"sales_last_days":0,"reserved_stock":null,"customer_returns":null,"warehouse_damage":null,"lost_in_post":null,"other_logs":null,"out_stock_days":93,"lost_sales":0,"has_location":null,"update_date":"2026-04-27T07:16:49","atum_locations":[],"atum_stock_status":"instock","restock_status":false,"low_stock_amount":"","sales_update_date":"2026-02-06T00:01:10","calc_backorders":null,"_links":{"self":[{"href":"https:\/\/aromasentia.com\/es\/wp-json\/wp\/v2\/product\/242866","targetHints":{"allow":["GET"]}}],"collection":[{"href":"https:\/\/aromasentia.com\/es\/wp-json\/wp\/v2\/product"}],"about":[{"href":"https:\/\/aromasentia.com\/es\/wp-json\/wp\/v2\/types\/product"}],"replies":[{"embeddable":true,"href":"https:\/\/aromasentia.com\/es\/wp-json\/wp\/v2\/comments?post=242866"}],"version-history":[{"count":0,"href":"https:\/\/aromasentia.com\/es\/wp-json\/wp\/v2\/product\/242866\/revisions"}],"wp:featuredmedia":[{"embeddable":true,"href":"https:\/\/aromasentia.com\/es\/wp-json\/wp\/v2\/media\/267155"}],"wp:attachment":[{"href":"https:\/\/aromasentia.com\/es\/wp-json\/wp\/v2\/media?parent=242866"}],"wp:term":[{"taxonomy":"product_brand","embeddable":true,"href":"https:\/\/aromasentia.com\/es\/wp-json\/wp\/v2\/product_brand?post=242866"},{"taxonomy":"product_cat","embeddable":true,"href":"https:\/\/aromasentia.com\/es\/wp-json\/wp\/v2\/product_cat?post=242866"},{"taxonomy":"product_tag","embeddable":true,"href":"https:\/\/aromasentia.com\/es\/wp-json\/wp\/v2\/product_tag?post=242866"}],"curies":[{"name":"wp","href":"https:\/\/api.w.org\/{rel}","templated":true}]}}