{"id":242862,"date":"2025-03-20T15:13:10","date_gmt":"2025-03-20T15:13:10","guid":{"rendered":"https:\/\/aromasentia.com\/product\/grapefruit-organic-essential-oil-10ml\/"},"modified":"2025-05-31T20:33:52","modified_gmt":"2025-05-31T20:33:52","slug":"aceites-esenciales-organicos-pomelo","status":"publish","type":"product","link":"https:\/\/aromasentia.com\/es\/aceites-esenciales-organicos-pomelo\/","title":{"rendered":"Aceites esenciales org\u00e1nicos &#8211; Pomelo"},"content":{"rendered":"<p><strong>Nombre latino:<\/strong> Citrus Paradisi<\/p>\n<p><strong>Parte de la planta utilizada:<\/strong> c\u00e1scara de fruta<\/p>\n<p><strong>Fuente:<\/strong> Argentina<\/p>\n<p><strong>M\u00e9todo de extracci\u00f3n: <\/strong>prensa en fr\u00edo<\/p>\n<p><\/p>\n<p><strong>El aceite esencial org\u00e1nico <\/strong><strong>de pomelo tiene propiedades<\/strong> distintas que pueden ofrecer una variedad de beneficios para la salud, incluida la reducci\u00f3n de la presi\u00f3n arterial y los niveles de estr\u00e9s. Provenientes de la c\u00e1scara de la fruta Citrus paradisi, los proponentes sugieren que respirar el olor \u00e1cido del aceite puede ayudar a levantar el \u00e1nimo y ofrecer una variedad de beneficios.<\/p>\n<p><\/p>\n<p>Se cree que la inhalaci\u00f3n del aroma del aceite esencial de toronja (o la absorci\u00f3n del aceite esencial de toronja a trav\u00e9s de la piel) transmite mensajes a una regi\u00f3n del cerebro involucrada en el control de las emociones. Conocido como el sistema l\u00edmbico, esta regi\u00f3n del cerebro tambi\u00e9n influye en el sistema nervioso. Los defensores de la aromaterapia sugieren que los aceites esenciales pueden afectar una serie de factores biol\u00f3gicos, incluidos la frecuencia card\u00edaca, los niveles de estr\u00e9s, la presi\u00f3n arterial, la respiraci\u00f3n y la funci\u00f3n inmune.<\/p>\n<p><\/p>\n<p><strong>El aceite esencial de pomelo tambi\u00e9n se usa<\/strong> para reducir el estr\u00e9s, estimular la circulaci\u00f3n, aumentar la energ\u00eda, mejorar el estado de \u00e1nimo y mejorar la digesti\u00f3n.<\/p>\n","protected":false},"excerpt":{"rendered":"<p>Nombre latino: Citrus Paradisi Parte de la planta utilizada: c\u00e1scara de fruta Fuente: Argentina M\u00e9todo de extracci\u00f3n: prensa en fr\u00edo El aceite esencial org\u00e1nico de pomelo tiene propiedades distintas que pueden ofrecer una variedad de beneficios para la salud, incluida la reducci\u00f3n de la presi\u00f3n arterial y los niveles de estr\u00e9s. Provenientes de la c\u00e1scara [&hellip;]<\/p>\n","protected":false},"featured_media":267380,"comment_status":"closed","ping_status":"open","template":"","meta":{"_angie_page":false},"product_brand":[27095],"product_cat":[26660,23652,25844,16460,26821,26205],"product_tag":[],"class_list":{"0":"post-242862","1":"product","2":"type-product","3":"status-publish","4":"has-post-thumbnail","6":"product_brand-ancient-wisdom","7":"product_cat-aceites-esenciales-ecologicos","8":"product_cat-aceites-esenciales","9":"product_cat-aromas","10":"product_cat-aromaterapia-y-fragancias-para-hogar","11":"product_cat-citrico","12":"product_cat-pomelo","13":"pa_collection-10ml-organic-essential-oils-es","14":"pa_made-in-argentina","15":"pa_size-10ml","17":"first","18":"instock","19":"purchasable","20":"product-type-simple"},"supplier_id":null,"supplier_sku":"OrgEO-15","barcode":null,"atum_controlled":true,"out_stock_date":null,"out_stock_threshold":null,"inheritable":false,"inbound_stock":null,"stock_on_hold":0,"sold_today":0,"sales_last_days":0,"reserved_stock":null,"customer_returns":null,"warehouse_damage":null,"lost_in_post":null,"other_logs":null,"out_stock_days":0,"lost_sales":0,"has_location":null,"update_date":"2026-04-27T07:16:58","atum_locations":[],"atum_stock_status":"instock","restock_status":false,"low_stock_amount":"","sales_update_date":"2026-02-06T00:00:47","calc_backorders":null,"_links":{"self":[{"href":"https:\/\/aromasentia.com\/es\/wp-json\/wp\/v2\/product\/242862","targetHints":{"allow":["GET"]}}],"collection":[{"href":"https:\/\/aromasentia.com\/es\/wp-json\/wp\/v2\/product"}],"about":[{"href":"https:\/\/aromasentia.com\/es\/wp-json\/wp\/v2\/types\/product"}],"replies":[{"embeddable":true,"href":"https:\/\/aromasentia.com\/es\/wp-json\/wp\/v2\/comments?post=242862"}],"version-history":[{"count":0,"href":"https:\/\/aromasentia.com\/es\/wp-json\/wp\/v2\/product\/242862\/revisions"}],"wp:featuredmedia":[{"embeddable":true,"href":"https:\/\/aromasentia.com\/es\/wp-json\/wp\/v2\/media\/267380"}],"wp:attachment":[{"href":"https:\/\/aromasentia.com\/es\/wp-json\/wp\/v2\/media?parent=242862"}],"wp:term":[{"taxonomy":"product_brand","embeddable":true,"href":"https:\/\/aromasentia.com\/es\/wp-json\/wp\/v2\/product_brand?post=242862"},{"taxonomy":"product_cat","embeddable":true,"href":"https:\/\/aromasentia.com\/es\/wp-json\/wp\/v2\/product_cat?post=242862"},{"taxonomy":"product_tag","embeddable":true,"href":"https:\/\/aromasentia.com\/es\/wp-json\/wp\/v2\/product_tag?post=242862"}],"curies":[{"name":"wp","href":"https:\/\/api.w.org\/{rel}","templated":true}]}}