{"id":242858,"date":"2025-03-20T15:13:10","date_gmt":"2025-03-20T15:13:10","guid":{"rendered":"https:\/\/aromasentia.com\/product\/clary-sage-organic-essential-oil-10ml\/"},"modified":"2025-05-31T20:33:45","modified_gmt":"2025-05-31T20:33:45","slug":"aceites-esenciales-organicos-sabio-clary","status":"publish","type":"product","link":"https:\/\/aromasentia.com\/es\/aceites-esenciales-organicos-sabio-clary\/","title":{"rendered":"Aceites esenciales org\u00e1nicos &#8211; Sabio clary"},"content":{"rendered":"<p><strong>Nombre latino:<\/strong> Salvia Sclarea<\/p>\n<p><strong>Parte de la planta utilizada:<\/strong> hojas y Parte superior de la flor&nbsp;<\/p>\n<p><strong>Fuente:&nbsp;<\/strong>Hungr\u00eda<\/p>\n<p><strong>M\u00e9todo de extracci\u00f3n:&nbsp;<\/strong>destilaci\u00f3n al vapor<\/p>\n<p><\/p>\n<p style=\"text-align: justify;\">El Aceite Esencial Org\u00e1nico Clary Sage se extrae por destilaci\u00f3n al vapor de la parte superior de las flores y las hojas de Salvia sclarea. Es originaria del sur de Europa y se cultiva por su petr\u00f3leo en Francia y Rusia. El mayor beneficio de este aceite es su influencia calmante sobre los nervios y es particularmente \u00fatil para las dolencias y dolencias femeninas. Tambi\u00e9n se dice que ayuda a problemas de la piel como el acn\u00e9, for\u00fanculos y \u00falceras y alivia los m\u00fasculos y las articulaciones dolorosas.<\/p>\n<p style=\"text-align: justify;\"><\/p>\n<p style=\"text-align: justify;\">Clary sage es \u00fatil para aquellos que sufren de depresi\u00f3n, estr\u00e9s e insomnio. Se ha utilizado para ayudar en problemas de la mujer como per\u00edodos dolorosos, menstruaci\u00f3n irregular y durante el parto. Durante la menopausia, se cree que este aceite reduce los sofocos, sudores nocturnos, palpitaciones, irritabilidad, as\u00ed como dolores de cabeza y mareos. Se ha utilizado como afrodis\u00edaco. Tambi\u00e9n es bueno para la digesti\u00f3n y los ri\u00f1ones. Se debe evitar el aceite de salvia al consumir alcohol, ya que puede aumentar la intoxicaci\u00f3n. Usar en peque\u00f1as cantidades ya que una dosis grande puede causarle dolor de cabeza.<\/p>\n<p style=\"text-align: justify;\"><\/p>\n<p style=\"text-align: justify;\">En la Edad Media, Clary Sage era conocido como Oculus Christi, que significaba &quot;el ojo de Cristo&quot;. Fue una medicina muy estimada desde entonces. En Jamaica, fue utilizado por la poblaci\u00f3n local para limpiar y enfriar las \u00falceras y para la inflamaci\u00f3n de los ojos. Es un aceite caro y ha sido importante y \u00fatil en aromaterapia y medicina natural durante mucho tiempo.<\/p>\n","protected":false},"excerpt":{"rendered":"<p>Nombre latino: Salvia Sclarea Parte de la planta utilizada: hojas y Parte superior de la flor&nbsp; Fuente:&nbsp;Hungr\u00eda M\u00e9todo de extracci\u00f3n:&nbsp;destilaci\u00f3n al vapor El Aceite Esencial Org\u00e1nico Clary Sage se extrae por destilaci\u00f3n al vapor de la parte superior de las flores y las hojas de Salvia sclarea. Es originaria del sur de Europa y se [&hellip;]<\/p>\n","protected":false},"featured_media":267371,"comment_status":"closed","ping_status":"open","template":"","meta":[],"product_brand":[27095],"product_cat":[26660,23652,25844,16460,26863,26142],"product_tag":[],"class_list":{"0":"post-242858","1":"product","2":"type-product","3":"status-publish","4":"has-post-thumbnail","6":"product_brand-ancient-wisdom","7":"product_cat-aceites-esenciales-ecologicos","8":"product_cat-aceites-esenciales","9":"product_cat-aromas","10":"product_cat-aromaterapia-y-fragancias-para-hogar","11":"product_cat-herbal-aromatico","12":"product_cat-salvia-sclarea","13":"pa_collection-10ml-organic-essential-oils-es","14":"pa_made-in-francia","15":"pa_size-10ml","17":"first","18":"instock","19":"purchasable","20":"product-type-simple"},"supplier_id":null,"supplier_sku":"OrgEO-14","barcode":null,"atum_controlled":true,"out_stock_date":null,"out_stock_threshold":null,"inheritable":false,"inbound_stock":null,"stock_on_hold":0,"sold_today":0,"sales_last_days":0,"reserved_stock":null,"customer_returns":null,"warehouse_damage":null,"lost_in_post":null,"other_logs":null,"out_stock_days":0,"lost_sales":0,"has_location":null,"update_date":"2026-02-06T00:02:26","atum_locations":[],"atum_stock_status":"instock","restock_status":false,"low_stock_amount":"","sales_update_date":"2026-02-06T00:02:26","calc_backorders":null,"_links":{"self":[{"href":"https:\/\/aromasentia.com\/es\/wp-json\/wp\/v2\/product\/242858","targetHints":{"allow":["GET"]}}],"collection":[{"href":"https:\/\/aromasentia.com\/es\/wp-json\/wp\/v2\/product"}],"about":[{"href":"https:\/\/aromasentia.com\/es\/wp-json\/wp\/v2\/types\/product"}],"replies":[{"embeddable":true,"href":"https:\/\/aromasentia.com\/es\/wp-json\/wp\/v2\/comments?post=242858"}],"version-history":[{"count":0,"href":"https:\/\/aromasentia.com\/es\/wp-json\/wp\/v2\/product\/242858\/revisions"}],"wp:featuredmedia":[{"embeddable":true,"href":"https:\/\/aromasentia.com\/es\/wp-json\/wp\/v2\/media\/267371"}],"wp:attachment":[{"href":"https:\/\/aromasentia.com\/es\/wp-json\/wp\/v2\/media?parent=242858"}],"wp:term":[{"taxonomy":"product_brand","embeddable":true,"href":"https:\/\/aromasentia.com\/es\/wp-json\/wp\/v2\/product_brand?post=242858"},{"taxonomy":"product_cat","embeddable":true,"href":"https:\/\/aromasentia.com\/es\/wp-json\/wp\/v2\/product_cat?post=242858"},{"taxonomy":"product_tag","embeddable":true,"href":"https:\/\/aromasentia.com\/es\/wp-json\/wp\/v2\/product_tag?post=242858"}],"curies":[{"name":"wp","href":"https:\/\/api.w.org\/{rel}","templated":true}]}}