{"id":242834,"date":"2025-03-20T15:13:10","date_gmt":"2025-03-20T15:13:10","guid":{"rendered":"https:\/\/aromasentia.com\/product\/rosemary-organic-essential-oil-10ml\/"},"modified":"2025-05-31T20:33:00","modified_gmt":"2025-05-31T20:33:00","slug":"aceites-esenciales-organicos-romero","status":"publish","type":"product","link":"https:\/\/aromasentia.com\/es\/aceites-esenciales-organicos-romero\/","title":{"rendered":"Aceites esenciales org\u00e1nicos &#8211; Romero"},"content":{"rendered":"<p><strong>Nombre latino:<\/strong> Rosmarinus Officinalis<\/p>\n<p><strong>Parte de la planta utilizada:<\/strong> tapas de floraci\u00f3n<\/p>\n<p><strong>Fuente:<\/strong> Italia<\/p>\n<p><strong>M\u00e9todo de extracci\u00f3n:<\/strong> destilaci\u00f3n al vapor<\/p>\n<p><\/p>\n<p style=\"text-align: justify;\"><strong>El aceite esencial org\u00e1nico de la hierba de romero se destila al vapor<\/strong> de las flores, tallos y hojas de la planta. Seg\u00fan la Farmacopea Brit\u00e1nica, el aceite destilado de la parte superior de la floraci\u00f3n es superior al obtenido del tallo y las hojas, que es donde se dice que se destila casi todo el aceite comercial. El olor del aceite esencial de romero es de madera y hierbas y se utiliza en aromaterapia para refrescar y estimular la mente.<\/p>\n<p style=\"text-align: justify;\"><\/p>\n<p style=\"text-align: justify;\"><strong>Este aceite es \u00fatil para<\/strong> tratar heridas, quemaduras, resfriados, gripe, fatiga, problemas digestivos, dolores de cabeza, asma, bronquitis, gota, reumatismo, problemas de h\u00edgado y ves\u00edcula biliar, retenci\u00f3n de l\u00edquidos y mala circulaci\u00f3n. Para un masaje, el aceite de romero a menudo se mezcla con un aceite base o dos, como el aceite de almendras, albaricoques o avellanas. Es bueno para el cabello, ya que se dice que aumenta la circulaci\u00f3n en el cuero cabelludo y promueve el crecimiento del cabello. Nunca use este aceite internamente y ev\u00edtelo si est\u00e1 embarazada o sufre de presi\u00f3n arterial alta o epilepsia.<\/p>\n<p style=\"text-align: justify;\"><\/p>\n<p style=\"text-align: justify;\">Rosemary era bien conocida y utilizada en el mundo antiguo. Se cre\u00eda que mejoraba la memoria, por lo que se convirti\u00f3 en un s\u00edmbolo de fidelidad y se us\u00f3 en bodas, funerales y otras ceremonias religiosas. Una ramita de romero fue atada maravillosamente con cintas y entregada a los invitados a la boda como s\u00edmbolo de amor y lealtad. El &laquo;agua de Hungr\u00eda&raquo;, hecha de tapas de romero frescas empapadas en vino durante unos d\u00edas, fue hecha para la reina de Hungr\u00eda y se dice que la cur\u00f3 de la par\u00e1lisis.<\/p>\n","protected":false},"excerpt":{"rendered":"<p>Nombre latino: Rosmarinus Officinalis Parte de la planta utilizada: tapas de floraci\u00f3n Fuente: Italia M\u00e9todo de extracci\u00f3n: destilaci\u00f3n al vapor El aceite esencial org\u00e1nico de la hierba de romero se destila al vapor de las flores, tallos y hojas de la planta. Seg\u00fan la Farmacopea Brit\u00e1nica, el aceite destilado de la parte superior de la [&hellip;]<\/p>\n","protected":false},"featured_media":267317,"comment_status":"closed","ping_status":"open","template":"","meta":{"_angie_page":false},"product_brand":[27095],"product_cat":[26660,23652,25844,16460,26863,26375],"product_tag":[],"class_list":{"0":"post-242834","1":"product","2":"type-product","3":"status-publish","4":"has-post-thumbnail","6":"product_brand-ancient-wisdom","7":"product_cat-aceites-esenciales-ecologicos","8":"product_cat-aceites-esenciales","9":"product_cat-aromas","10":"product_cat-aromaterapia-y-fragancias-para-hogar","11":"product_cat-herbal-aromatico","12":"product_cat-romero","13":"pa_collection-10ml-organic-essential-oils-es","14":"pa_made-in-tunez","15":"pa_size-10ml","17":"first","18":"instock","19":"purchasable","20":"product-type-simple"},"supplier_id":null,"supplier_sku":"OrgEO-08","barcode":null,"atum_controlled":true,"out_stock_date":null,"out_stock_threshold":null,"inheritable":false,"inbound_stock":0,"stock_on_hold":0,"sold_today":0,"sales_last_days":0,"reserved_stock":0,"customer_returns":0,"warehouse_damage":0,"lost_in_post":0,"other_logs":0,"out_stock_days":0,"lost_sales":0,"has_location":false,"update_date":"2026-04-27T07:16:58","atum_locations":[],"atum_stock_status":"instock","restock_status":false,"low_stock_amount":"","sales_update_date":"2025-09-05T00:17:30","calc_backorders":null,"_links":{"self":[{"href":"https:\/\/aromasentia.com\/es\/wp-json\/wp\/v2\/product\/242834","targetHints":{"allow":["GET"]}}],"collection":[{"href":"https:\/\/aromasentia.com\/es\/wp-json\/wp\/v2\/product"}],"about":[{"href":"https:\/\/aromasentia.com\/es\/wp-json\/wp\/v2\/types\/product"}],"replies":[{"embeddable":true,"href":"https:\/\/aromasentia.com\/es\/wp-json\/wp\/v2\/comments?post=242834"}],"version-history":[{"count":0,"href":"https:\/\/aromasentia.com\/es\/wp-json\/wp\/v2\/product\/242834\/revisions"}],"wp:featuredmedia":[{"embeddable":true,"href":"https:\/\/aromasentia.com\/es\/wp-json\/wp\/v2\/media\/267317"}],"wp:attachment":[{"href":"https:\/\/aromasentia.com\/es\/wp-json\/wp\/v2\/media?parent=242834"}],"wp:term":[{"taxonomy":"product_brand","embeddable":true,"href":"https:\/\/aromasentia.com\/es\/wp-json\/wp\/v2\/product_brand?post=242834"},{"taxonomy":"product_cat","embeddable":true,"href":"https:\/\/aromasentia.com\/es\/wp-json\/wp\/v2\/product_cat?post=242834"},{"taxonomy":"product_tag","embeddable":true,"href":"https:\/\/aromasentia.com\/es\/wp-json\/wp\/v2\/product_tag?post=242834"}],"curies":[{"name":"wp","href":"https:\/\/api.w.org\/{rel}","templated":true}]}}