{"id":242826,"date":"2025-03-20T15:13:10","date_gmt":"2025-03-20T15:13:10","guid":{"rendered":"https:\/\/aromasentia.com\/product\/peppermint-organic-essential-oil-10ml\/"},"modified":"2025-05-31T20:32:55","modified_gmt":"2025-05-31T20:32:55","slug":"aceites-esenciales-organicos-menta","status":"publish","type":"product","link":"https:\/\/aromasentia.com\/es\/aceites-esenciales-organicos-menta\/","title":{"rendered":"Aceites esenciales org\u00e1nicos &#8211; Menta"},"content":{"rendered":"<p><strong>Nombre latino: <\/strong>Mentha Piperita<\/p>\n<p><strong>Parte de la planta utilizada:<\/strong> hierba floreciente<\/p>\n<p><strong>Fuente<\/strong>: Reino Unido<\/p>\n<p><strong>M\u00e9todo de extracci\u00f3n: <\/strong>destilaci\u00f3n al vapor<\/p>\n<p><\/p>\n<p style=\"text-align: justify;\">Se dice que el aceite esencial org\u00e1nico de menta es bueno para dolencias como asma, c\u00f3lico, fiebre, flatulencia, dolor de cabeza, n\u00e1useas, congesti\u00f3n en el pecho y v\u00e9rtigo. Se supone que este aceite es excelente para la fatiga mental y la depresi\u00f3n, refrescante y estimulante con su contenido de mentol. Es bueno para la piel y se usa en lociones para tratar quemaduras solares, picaz\u00f3n o inflamaci\u00f3n de la piel. Ayuda a combatir el mal aliento y las infecciones de las enc\u00edas cuando se usa en enjuagues bucales. Cuando se usa en un quemador de aceite, no solo es terap\u00e9utico, sino que tambi\u00e9n mantiene alejados a los mosquitos y otros insectos.<\/p>\n<p style=\"text-align: justify;\"><\/p>\n<p style=\"text-align: justify;\"><strong>La menta es nativa del Mediterr\u00e1neo<\/strong>, pero ahora se cultiva en otros pa\u00edses de Europa, Am\u00e9rica y Asia. Los descubrimientos demuestran que la menta se ha usado desde la antig\u00fcedad en Egipto, Grecia, Roma, China y Jap\u00f3n. Seg\u00fan el mito griego, la esposa de su amante Pers\u00e9fone convirti\u00f3 a una ninfa llamada Mentha, en un ataque de ira. Seg\u00fan Plinio, la menta se us\u00f3 para coronar a los griegos y romanos durante las fiestas. Se ha utilizado con fines medicinales en Inglaterra durante los \u00faltimos siglos.<\/p>\n","protected":false},"excerpt":{"rendered":"<p>Nombre latino: Mentha Piperita Parte de la planta utilizada: hierba floreciente Fuente: Reino Unido M\u00e9todo de extracci\u00f3n: destilaci\u00f3n al vapor Se dice que el aceite esencial org\u00e1nico de menta es bueno para dolencias como asma, c\u00f3lico, fiebre, flatulencia, dolor de cabeza, n\u00e1useas, congesti\u00f3n en el pecho y v\u00e9rtigo. Se supone que este aceite es excelente [&hellip;]<\/p>\n","protected":false},"featured_media":267299,"comment_status":"closed","ping_status":"open","template":"","meta":[],"product_brand":[27095],"product_cat":[26660,23652,25844,16460,26339,26877],"product_tag":[],"class_list":{"0":"post-242826","1":"product","2":"type-product","3":"status-publish","4":"has-post-thumbnail","6":"product_brand-ancient-wisdom","7":"product_cat-aceites-esenciales-ecologicos","8":"product_cat-aceites-esenciales","9":"product_cat-aromas","10":"product_cat-aromaterapia-y-fragancias-para-hogar","11":"product_cat-menta-piperita","12":"product_cat-mentolado","13":"pa_collection-10ml-organic-essential-oils-es","14":"pa_made-in-india","15":"pa_size-10ml","17":"first","18":"instock","19":"purchasable","20":"product-type-simple"},"supplier_id":null,"supplier_sku":"OrgEO-06","barcode":null,"atum_controlled":true,"out_stock_date":null,"out_stock_threshold":null,"inheritable":false,"inbound_stock":null,"stock_on_hold":0,"sold_today":0,"sales_last_days":0,"reserved_stock":null,"customer_returns":null,"warehouse_damage":null,"lost_in_post":null,"other_logs":null,"out_stock_days":0,"lost_sales":0,"has_location":null,"update_date":"2026-01-30T01:25:02","atum_locations":[],"atum_stock_status":"instock","restock_status":false,"low_stock_amount":"","sales_update_date":"2026-01-30T01:25:02","calc_backorders":null,"_links":{"self":[{"href":"https:\/\/aromasentia.com\/es\/wp-json\/wp\/v2\/product\/242826","targetHints":{"allow":["GET"]}}],"collection":[{"href":"https:\/\/aromasentia.com\/es\/wp-json\/wp\/v2\/product"}],"about":[{"href":"https:\/\/aromasentia.com\/es\/wp-json\/wp\/v2\/types\/product"}],"replies":[{"embeddable":true,"href":"https:\/\/aromasentia.com\/es\/wp-json\/wp\/v2\/comments?post=242826"}],"version-history":[{"count":0,"href":"https:\/\/aromasentia.com\/es\/wp-json\/wp\/v2\/product\/242826\/revisions"}],"wp:featuredmedia":[{"embeddable":true,"href":"https:\/\/aromasentia.com\/es\/wp-json\/wp\/v2\/media\/267299"}],"wp:attachment":[{"href":"https:\/\/aromasentia.com\/es\/wp-json\/wp\/v2\/media?parent=242826"}],"wp:term":[{"taxonomy":"product_brand","embeddable":true,"href":"https:\/\/aromasentia.com\/es\/wp-json\/wp\/v2\/product_brand?post=242826"},{"taxonomy":"product_cat","embeddable":true,"href":"https:\/\/aromasentia.com\/es\/wp-json\/wp\/v2\/product_cat?post=242826"},{"taxonomy":"product_tag","embeddable":true,"href":"https:\/\/aromasentia.com\/es\/wp-json\/wp\/v2\/product_tag?post=242826"}],"curies":[{"name":"wp","href":"https:\/\/api.w.org\/{rel}","templated":true}]}}