{"id":242818,"date":"2025-03-20T15:13:10","date_gmt":"2025-03-20T15:13:10","guid":{"rendered":"https:\/\/aromasentia.com\/product\/patchouli-organic-essential-oil-10ml\/"},"modified":"2025-05-31T20:32:49","modified_gmt":"2025-05-31T20:32:49","slug":"aceites-esenciales-organicos-patchouli","status":"publish","type":"product","link":"https:\/\/aromasentia.com\/es\/aceites-esenciales-organicos-patchouli\/","title":{"rendered":"Aceites esenciales org\u00e1nicos &#8211; Patchouli"},"content":{"rendered":"<p><strong>Nombre latino:<\/strong> Pogostemon Cablin<\/p>\n<p><strong>Parte de la planta utilizada:&nbsp;<\/strong>hojas secas<\/p>\n<p><strong>Fuente<\/strong>: India<\/p>\n<p><strong>M\u00e9todo de extracci\u00f3n:<\/strong> destilaci\u00f3n al vapor<\/p>\n<p><\/p>\n<p style=\"text-align: justify;\"><strong>El aceite esencial org\u00e1nico de pachuli<\/strong> de la familia de la menta y tiene un rico olor a almizcle dulce y picante. La planta es originaria de Malasia e India, donde se la conoce como &#39;puchaput&#39;. La palabra pachuli se deriva del tamil &#39;pachchaiilai&#39; que significa, simplemente, &#39;hoja verde&#39;. El aceite de pachuli se extrae de las hojas j\u00f3venes, que se secan y fermentan antes de la destilaci\u00f3n al vapor. Este aceite mejora su fragancia y potencia con la edad. Es muy valorado en el cuidado de la piel, especialmente en la cicatrizaci\u00f3n.<\/p>\n<p style=\"text-align: justify;\"><\/p>\n<p style=\"text-align: justify;\">En los pa\u00edses orientales, el aceite de pachuli se usa en popurr\u00ed y bolsitas entre la ropa y la ropa para la fragancia, as\u00ed como para mantener alejadas a las chinches e insectos. Se dice que el aceite tiene un efecto de equilibrio en las emociones y crea una atm\u00f3sfera amorosa. Cuando se usa en un quemador de aceite, alivia la ansiedad y la depresi\u00f3n. Utilizado en el agua del ba\u00f1o, se cree que ayuda con las quejas de la piel y el cuero cabelludo, las infecciones por hongos, la retenci\u00f3n de l\u00edquidos, descompone la celulitis y alivia el estre\u00f1imiento. Tiene excelentes propiedades de regeneraci\u00f3n de tejidos, acelera la curaci\u00f3n y combate las infecciones. Por lo tanto, ayuda con el acn\u00e9, el eccema, las llagas, las \u00falceras y el pie de atleta.<\/p>\n<p style=\"text-align: justify;\"><\/p>\n<p style=\"text-align: justify;\"><strong>Parece que el pachul\u00ed<\/strong> se coloc\u00f3 entre los chales indios de cachemir antes de ser enviado a la Inglaterra victoriana, para proteger la mercanc\u00eda de las polillas. Sin este olor caracter\u00edstico de hojas secas de pachul\u00ed, los chales no podr\u00edan venderse en Inglaterra. En Europa y Am\u00e9rica, el aceite de pachuli y el incienso fueron inmensamente populares en los a\u00f1os 60 y 70 entre los hippies, ya que el olor del pachul\u00ed cubr\u00eda el olor corporal y el olor a cannabis quemado. El pachul\u00ed se us\u00f3 como acondicionador para el cabello para las rastas. En muchos pa\u00edses asi\u00e1ticos, el pachuli tambi\u00e9n se usa como ant\u00eddoto contra la mordedura de serpiente.<\/p>\n","protected":false},"excerpt":{"rendered":"<p>Nombre latino: Pogostemon Cablin Parte de la planta utilizada:&nbsp;hojas secas Fuente: India M\u00e9todo de extracci\u00f3n: destilaci\u00f3n al vapor El aceite esencial org\u00e1nico de pachuli de la familia de la menta y tiene un rico olor a almizcle dulce y picante. La planta es originaria de Malasia e India, donde se la conoce como &#39;puchaput&#39;. La [&hellip;]<\/p>\n","protected":false},"featured_media":267281,"comment_status":"closed","ping_status":"open","template":"","meta":{"_angie_page":false},"product_brand":[27095],"product_cat":[26660,23652,25844,16460,26332,26828],"product_tag":[],"class_list":{"0":"post-242818","1":"product","2":"type-product","3":"status-publish","4":"has-post-thumbnail","6":"product_brand-ancient-wisdom","7":"product_cat-aceites-esenciales-ecologicos","8":"product_cat-aceites-esenciales","9":"product_cat-aromas","10":"product_cat-aromaterapia-y-fragancias-para-hogar","11":"product_cat-pachuli","12":"product_cat-terroso-verde","13":"pa_collection-10ml-organic-essential-oils-es","14":"pa_made-in-indonesia","15":"pa_size-10ml","17":"first","18":"instock","19":"purchasable","20":"product-type-simple"},"supplier_id":null,"supplier_sku":"OrgEO-04","barcode":null,"atum_controlled":true,"out_stock_date":null,"out_stock_threshold":null,"inheritable":false,"inbound_stock":null,"stock_on_hold":0,"sold_today":0,"sales_last_days":0,"reserved_stock":null,"customer_returns":null,"warehouse_damage":null,"lost_in_post":null,"other_logs":null,"out_stock_days":100,"lost_sales":0,"has_location":null,"update_date":"2026-04-27T07:16:58","atum_locations":[],"atum_stock_status":"instock","restock_status":false,"low_stock_amount":"","sales_update_date":"2026-01-30T01:24:20","calc_backorders":null,"_links":{"self":[{"href":"https:\/\/aromasentia.com\/es\/wp-json\/wp\/v2\/product\/242818","targetHints":{"allow":["GET"]}}],"collection":[{"href":"https:\/\/aromasentia.com\/es\/wp-json\/wp\/v2\/product"}],"about":[{"href":"https:\/\/aromasentia.com\/es\/wp-json\/wp\/v2\/types\/product"}],"replies":[{"embeddable":true,"href":"https:\/\/aromasentia.com\/es\/wp-json\/wp\/v2\/comments?post=242818"}],"version-history":[{"count":0,"href":"https:\/\/aromasentia.com\/es\/wp-json\/wp\/v2\/product\/242818\/revisions"}],"wp:featuredmedia":[{"embeddable":true,"href":"https:\/\/aromasentia.com\/es\/wp-json\/wp\/v2\/media\/267281"}],"wp:attachment":[{"href":"https:\/\/aromasentia.com\/es\/wp-json\/wp\/v2\/media?parent=242818"}],"wp:term":[{"taxonomy":"product_brand","embeddable":true,"href":"https:\/\/aromasentia.com\/es\/wp-json\/wp\/v2\/product_brand?post=242818"},{"taxonomy":"product_cat","embeddable":true,"href":"https:\/\/aromasentia.com\/es\/wp-json\/wp\/v2\/product_cat?post=242818"},{"taxonomy":"product_tag","embeddable":true,"href":"https:\/\/aromasentia.com\/es\/wp-json\/wp\/v2\/product_tag?post=242818"}],"curies":[{"name":"wp","href":"https:\/\/api.w.org\/{rel}","templated":true}]}}