{"id":242810,"date":"2025-03-20T15:13:31","date_gmt":"2025-03-20T15:13:31","guid":{"rendered":"https:\/\/aromasentia.com\/product\/rosemary-organic-essential-oil-0-5kg\/"},"modified":"2025-06-28T22:24:10","modified_gmt":"2025-06-28T22:24:10","slug":"romero-aceite-esencial-organico-500ml","status":"publish","type":"product","link":"https:\/\/aromasentia.com\/es\/romero-aceite-esencial-organico-500ml\/","title":{"rendered":"Romero Aceite Esencial Org\u00e1nico 500ml"},"content":{"rendered":"<p>Agudice su mente con nuestro Aceite Esencial de Romero Ecol\u00f3gico de 500 ml. Certificado org\u00e1nico, este aceite de romero ofrece un aroma fuerte, fresco, herb\u00e1ceo y alcanforado, c\u00e9lebre por su capacidad para estimular la claridad mental, mejorar la memoria y vigorizar los sentidos. Tambi\u00e9n es muy beneficioso para el cuidado org\u00e1nico del cabello, promoviendo la salud del cuero cabelludo y el crecimiento vibrante. Obtenido con integridad, este aceite puro es ideal para difundirlo durante el estudio o el trabajo, o para a\u00f1adirlo a masajes revitalizantes y preparados para el cuidado del cabello.<\/p>\n","protected":false},"excerpt":{"rendered":"<p>Agudice su mente con nuestro Aceite Esencial de Romero Ecol\u00f3gico de 500 ml. Certificado org\u00e1nico, este aceite de romero ofrece un aroma fuerte, fresco, herb\u00e1ceo y alcanforado, c\u00e9lebre por su capacidad para estimular la claridad mental, mejorar la memoria y vigorizar los sentidos. Tambi\u00e9n es muy beneficioso para el cuidado org\u00e1nico del cabello, promoviendo la [&hellip;]<\/p>\n","protected":false},"featured_media":267505,"comment_status":"closed","ping_status":"open","template":"","meta":{"_angie_page":false},"product_brand":[27095],"product_cat":[26660,23652,25844,16460,26863,26375],"product_tag":[],"class_list":{"0":"post-242810","1":"product","2":"type-product","3":"status-publish","4":"has-post-thumbnail","6":"product_brand-ancient-wisdom","7":"product_cat-aceites-esenciales-ecologicos","8":"product_cat-aceites-esenciales","9":"product_cat-aromas","10":"product_cat-aromaterapia-y-fragancias-para-hogar","11":"product_cat-herbal-aromatico","12":"product_cat-romero","13":"pa_collection-bulk-organic-essential-oils-es","14":"pa_made-in-tunez","15":"pa_size-500ml","17":"first","18":"instock","19":"purchasable","20":"product-type-simple"},"supplier_id":null,"supplier_sku":"OrgEOB-08","barcode":null,"atum_controlled":true,"out_stock_date":null,"out_stock_threshold":null,"inheritable":false,"inbound_stock":null,"stock_on_hold":0,"sold_today":0,"sales_last_days":0,"reserved_stock":null,"customer_returns":null,"warehouse_damage":null,"lost_in_post":null,"other_logs":null,"out_stock_days":0,"lost_sales":0,"has_location":null,"update_date":"2026-04-27T07:17:04","atum_locations":[],"atum_stock_status":"instock","restock_status":false,"low_stock_amount":"","sales_update_date":"2026-01-30T01:25:59","calc_backorders":null,"_links":{"self":[{"href":"https:\/\/aromasentia.com\/es\/wp-json\/wp\/v2\/product\/242810","targetHints":{"allow":["GET"]}}],"collection":[{"href":"https:\/\/aromasentia.com\/es\/wp-json\/wp\/v2\/product"}],"about":[{"href":"https:\/\/aromasentia.com\/es\/wp-json\/wp\/v2\/types\/product"}],"replies":[{"embeddable":true,"href":"https:\/\/aromasentia.com\/es\/wp-json\/wp\/v2\/comments?post=242810"}],"version-history":[{"count":0,"href":"https:\/\/aromasentia.com\/es\/wp-json\/wp\/v2\/product\/242810\/revisions"}],"wp:featuredmedia":[{"embeddable":true,"href":"https:\/\/aromasentia.com\/es\/wp-json\/wp\/v2\/media\/267505"}],"wp:attachment":[{"href":"https:\/\/aromasentia.com\/es\/wp-json\/wp\/v2\/media?parent=242810"}],"wp:term":[{"taxonomy":"product_brand","embeddable":true,"href":"https:\/\/aromasentia.com\/es\/wp-json\/wp\/v2\/product_brand?post=242810"},{"taxonomy":"product_cat","embeddable":true,"href":"https:\/\/aromasentia.com\/es\/wp-json\/wp\/v2\/product_cat?post=242810"},{"taxonomy":"product_tag","embeddable":true,"href":"https:\/\/aromasentia.com\/es\/wp-json\/wp\/v2\/product_tag?post=242810"}],"curies":[{"name":"wp","href":"https:\/\/api.w.org\/{rel}","templated":true}]}}