{"id":242806,"date":"2025-03-20T15:13:31","date_gmt":"2025-03-20T15:13:31","guid":{"rendered":"https:\/\/aromasentia.com\/product\/lemon-organic-essential-oil-0-5kg\/"},"modified":"2025-06-28T22:24:10","modified_gmt":"2025-06-28T22:24:10","slug":"limon-aceite-esencial-organico-500ml","status":"publish","type":"product","link":"https:\/\/aromasentia.com\/es\/limon-aceite-esencial-organico-500ml\/","title":{"rendered":"Lim\u00f3n Aceite Esencial Org\u00e1nico 500ml"},"content":{"rendered":"<p>Ilumine y limpie con nuestro Aceite Esencial de Lim\u00f3n Ecol\u00f3gico de 500 ml. Certificado org\u00e1nico, este aceite vibrante irradia una fragancia c\u00edtrica, fresca y maravillosamente edificante, como los limones reci\u00e9n cortados. Es un estimulante natural del estado de \u00e1nimo, un purificador del aire y un desengrasante eficaz, por lo que es perfecto para soluciones de limpieza naturales. Su alegre aroma puede energizar la mente y promover un ambiente positivo. De origen org\u00e1nico para una m\u00e1xima pureza, es un aceite delicioso y vers\u00e1til para difusi\u00f3n, limpieza y para a\u00f1adir chispa a su d\u00eda.<\/p>\n","protected":false},"excerpt":{"rendered":"<p>Ilumine y limpie con nuestro Aceite Esencial de Lim\u00f3n Ecol\u00f3gico de 500 ml. Certificado org\u00e1nico, este aceite vibrante irradia una fragancia c\u00edtrica, fresca y maravillosamente edificante, como los limones reci\u00e9n cortados. Es un estimulante natural del estado de \u00e1nimo, un purificador del aire y un desengrasante eficaz, por lo que es perfecto para soluciones de [&hellip;]<\/p>\n","protected":false},"featured_media":267496,"comment_status":"closed","ping_status":"open","template":"","meta":[],"product_brand":[27095],"product_cat":[26660,23652,25844,16460,26821,26236],"product_tag":[],"class_list":{"0":"post-242806","1":"product","2":"type-product","3":"status-publish","4":"has-post-thumbnail","6":"product_brand-ancient-wisdom","7":"product_cat-aceites-esenciales-ecologicos","8":"product_cat-aceites-esenciales","9":"product_cat-aromas","10":"product_cat-aromaterapia-y-fragancias-para-hogar","11":"product_cat-citrico","12":"product_cat-limon","13":"pa_collection-bulk-organic-essential-oils-es","14":"pa_made-in-italia","15":"pa_size-500ml","17":"first","18":"instock","19":"purchasable","20":"product-type-simple"},"supplier_id":null,"supplier_sku":"OrgEOB-07","barcode":null,"atum_controlled":true,"out_stock_date":null,"out_stock_threshold":null,"inheritable":false,"inbound_stock":null,"stock_on_hold":0,"sold_today":0,"sales_last_days":0,"reserved_stock":null,"customer_returns":null,"warehouse_damage":null,"lost_in_post":null,"other_logs":null,"out_stock_days":0,"lost_sales":0,"has_location":null,"update_date":"2026-01-30T01:26:00","atum_locations":[],"atum_stock_status":"instock","restock_status":false,"low_stock_amount":"","sales_update_date":"2026-01-30T01:26:00","calc_backorders":null,"_links":{"self":[{"href":"https:\/\/aromasentia.com\/es\/wp-json\/wp\/v2\/product\/242806","targetHints":{"allow":["GET"]}}],"collection":[{"href":"https:\/\/aromasentia.com\/es\/wp-json\/wp\/v2\/product"}],"about":[{"href":"https:\/\/aromasentia.com\/es\/wp-json\/wp\/v2\/types\/product"}],"replies":[{"embeddable":true,"href":"https:\/\/aromasentia.com\/es\/wp-json\/wp\/v2\/comments?post=242806"}],"version-history":[{"count":0,"href":"https:\/\/aromasentia.com\/es\/wp-json\/wp\/v2\/product\/242806\/revisions"}],"wp:featuredmedia":[{"embeddable":true,"href":"https:\/\/aromasentia.com\/es\/wp-json\/wp\/v2\/media\/267496"}],"wp:attachment":[{"href":"https:\/\/aromasentia.com\/es\/wp-json\/wp\/v2\/media?parent=242806"}],"wp:term":[{"taxonomy":"product_brand","embeddable":true,"href":"https:\/\/aromasentia.com\/es\/wp-json\/wp\/v2\/product_brand?post=242806"},{"taxonomy":"product_cat","embeddable":true,"href":"https:\/\/aromasentia.com\/es\/wp-json\/wp\/v2\/product_cat?post=242806"},{"taxonomy":"product_tag","embeddable":true,"href":"https:\/\/aromasentia.com\/es\/wp-json\/wp\/v2\/product_tag?post=242806"}],"curies":[{"name":"wp","href":"https:\/\/api.w.org\/{rel}","templated":true}]}}