{"id":242802,"date":"2025-03-20T15:13:31","date_gmt":"2025-03-20T15:13:31","guid":{"rendered":"https:\/\/aromasentia.com\/product\/peppermint-organic-essential-oil-0-5kg\/"},"modified":"2025-06-28T22:24:09","modified_gmt":"2025-06-28T22:24:09","slug":"menta-aceite-esencial-organico-500ml","status":"publish","type":"product","link":"https:\/\/aromasentia.com\/es\/menta-aceite-esencial-organico-500ml\/","title":{"rendered":"Menta Aceite Esencial Org\u00e1nico 500ml"},"content":{"rendered":"<p>Vigorice y refresque con nuestro Aceite Esencial de Menta Piperita Org\u00e1nica de 500ml. Certificado org\u00e1nico, este aceite de menta estalla con un aroma intensamente mentolado, agudo y refrescante que estimula la mente y energiza el cuerpo. Es muy conocido por su capacidad para aliviar los dolores de cabeza, calmar las molestias digestivas y refrescar los m\u00fasculos sobrecargados. Su aroma limpio y estimulante es perfecto para difundirlo con el fin de mejorar la concentraci\u00f3n o crear una atm\u00f3sfera revitalizante. Obtenido org\u00e1nicamente para su pureza, es una adici\u00f3n potente y vers\u00e1til a su caja de herramientas de bienestar natural.<\/p>\n","protected":false},"excerpt":{"rendered":"<p>Vigorice y refresque con nuestro Aceite Esencial de Menta Piperita Org\u00e1nica de 500ml. Certificado org\u00e1nico, este aceite de menta estalla con un aroma intensamente mentolado, agudo y refrescante que estimula la mente y energiza el cuerpo. Es muy conocido por su capacidad para aliviar los dolores de cabeza, calmar las molestias digestivas y refrescar los [&hellip;]<\/p>\n","protected":false},"featured_media":267487,"comment_status":"closed","ping_status":"open","template":"","meta":[],"product_brand":[27095],"product_cat":[26660,23652,25844,16460,26339,26877],"product_tag":[],"class_list":{"0":"post-242802","1":"product","2":"type-product","3":"status-publish","4":"has-post-thumbnail","6":"product_brand-ancient-wisdom","7":"product_cat-aceites-esenciales-ecologicos","8":"product_cat-aceites-esenciales","9":"product_cat-aromas","10":"product_cat-aromaterapia-y-fragancias-para-hogar","11":"product_cat-menta-piperita","12":"product_cat-mentolado","13":"pa_collection-bulk-organic-essential-oils-es","14":"pa_made-in-india","15":"pa_size-500ml","17":"first","18":"instock","19":"purchasable","20":"product-type-simple"},"supplier_id":null,"supplier_sku":"OrgEOB-06","barcode":null,"atum_controlled":true,"out_stock_date":null,"out_stock_threshold":null,"inheritable":false,"inbound_stock":null,"stock_on_hold":0,"sold_today":0,"sales_last_days":0,"reserved_stock":null,"customer_returns":null,"warehouse_damage":null,"lost_in_post":null,"other_logs":null,"out_stock_days":0,"lost_sales":0,"has_location":null,"update_date":"2026-01-30T08:23:04","atum_locations":[],"atum_stock_status":"instock","restock_status":false,"low_stock_amount":"","sales_update_date":"2026-01-30T01:25:32","calc_backorders":null,"_links":{"self":[{"href":"https:\/\/aromasentia.com\/es\/wp-json\/wp\/v2\/product\/242802","targetHints":{"allow":["GET"]}}],"collection":[{"href":"https:\/\/aromasentia.com\/es\/wp-json\/wp\/v2\/product"}],"about":[{"href":"https:\/\/aromasentia.com\/es\/wp-json\/wp\/v2\/types\/product"}],"replies":[{"embeddable":true,"href":"https:\/\/aromasentia.com\/es\/wp-json\/wp\/v2\/comments?post=242802"}],"version-history":[{"count":0,"href":"https:\/\/aromasentia.com\/es\/wp-json\/wp\/v2\/product\/242802\/revisions"}],"wp:featuredmedia":[{"embeddable":true,"href":"https:\/\/aromasentia.com\/es\/wp-json\/wp\/v2\/media\/267487"}],"wp:attachment":[{"href":"https:\/\/aromasentia.com\/es\/wp-json\/wp\/v2\/media?parent=242802"}],"wp:term":[{"taxonomy":"product_brand","embeddable":true,"href":"https:\/\/aromasentia.com\/es\/wp-json\/wp\/v2\/product_brand?post=242802"},{"taxonomy":"product_cat","embeddable":true,"href":"https:\/\/aromasentia.com\/es\/wp-json\/wp\/v2\/product_cat?post=242802"},{"taxonomy":"product_tag","embeddable":true,"href":"https:\/\/aromasentia.com\/es\/wp-json\/wp\/v2\/product_tag?post=242802"}],"curies":[{"name":"wp","href":"https:\/\/api.w.org\/{rel}","templated":true}]}}