{"id":242798,"date":"2025-03-20T15:13:31","date_gmt":"2025-03-20T15:13:31","guid":{"rendered":"https:\/\/aromasentia.com\/product\/ylang-ylang-organic-essential-oil-0-5kg\/"},"modified":"2025-06-28T22:24:08","modified_gmt":"2025-06-28T22:24:08","slug":"ylang-ylang-aceite-esencial-organico-500ml","status":"publish","type":"product","link":"https:\/\/aromasentia.com\/es\/ylang-ylang-aceite-esencial-organico-500ml\/","title":{"rendered":"Ylang Ylang Aceite Esencial Org\u00e1nico 500ml"},"content":{"rendered":"<p>Del\u00e9itese con el ex\u00f3tico aroma floral de nuestro Aceite Esencial de Ylang Ylang Ecol\u00f3gico de 500 ml. Certificado org\u00e1nico, este Ylang Ylang (probablemente un grado completo o mixto) ofrece un aroma floral intensamente dulce, rico y embriagador, conocido por sus cualidades relajantes, estimulantes del estado de \u00e1nimo y afrodis\u00edacas. Ayuda a aliviar el estr\u00e9s, inspira sensualidad y favorece el equilibrio emocional. Su pureza org\u00e1nica garantiza una fragancia hermosa y sin adulterar, perfecta para perfumes de lujo, difusores y mezclas relajantes para ba\u00f1o o masaje, que nutren el cuerpo y el esp\u00edritu.<\/p>\n","protected":false},"excerpt":{"rendered":"<p>Del\u00e9itese con el ex\u00f3tico aroma floral de nuestro Aceite Esencial de Ylang Ylang Ecol\u00f3gico de 500 ml. Certificado org\u00e1nico, este Ylang Ylang (probablemente un grado completo o mixto) ofrece un aroma floral intensamente dulce, rico y embriagador, conocido por sus cualidades relajantes, estimulantes del estado de \u00e1nimo y afrodis\u00edacas. Ayuda a aliviar el estr\u00e9s, inspira [&hellip;]<\/p>\n","protected":false},"featured_media":267478,"comment_status":"closed","ping_status":"open","template":"","meta":{"_angie_page":false},"product_brand":[27095],"product_cat":[26660,23652,25844,16460,26835,26442],"product_tag":[],"class_list":{"0":"post-242798","1":"product","2":"type-product","3":"status-publish","4":"has-post-thumbnail","6":"product_brand-ancient-wisdom","7":"product_cat-aceites-esenciales-ecologicos","8":"product_cat-aceites-esenciales","9":"product_cat-aromas","10":"product_cat-aromaterapia-y-fragancias-para-hogar","11":"product_cat-floral","12":"product_cat-ylang-ylang","13":"pa_collection-bulk-organic-essential-oils-es","14":"pa_made-in-comoras","15":"pa_size-500ml","17":"first","18":"outofstock","19":"purchasable","20":"product-type-simple"},"supplier_id":null,"supplier_sku":"OrgEOB-05","barcode":null,"atum_controlled":true,"out_stock_date":"2026-04-25 15:12:51","out_stock_threshold":null,"inheritable":false,"inbound_stock":0,"stock_on_hold":0,"sold_today":0,"sales_last_days":0,"reserved_stock":0,"customer_returns":0,"warehouse_damage":0,"lost_in_post":0,"other_logs":0,"out_stock_days":0,"lost_sales":0,"has_location":false,"update_date":"2026-04-27T07:17:04","atum_locations":[],"atum_stock_status":"outofstock","restock_status":false,"low_stock_amount":"","sales_update_date":"2025-09-05T00:17:36","calc_backorders":null,"_links":{"self":[{"href":"https:\/\/aromasentia.com\/es\/wp-json\/wp\/v2\/product\/242798","targetHints":{"allow":["GET"]}}],"collection":[{"href":"https:\/\/aromasentia.com\/es\/wp-json\/wp\/v2\/product"}],"about":[{"href":"https:\/\/aromasentia.com\/es\/wp-json\/wp\/v2\/types\/product"}],"replies":[{"embeddable":true,"href":"https:\/\/aromasentia.com\/es\/wp-json\/wp\/v2\/comments?post=242798"}],"version-history":[{"count":0,"href":"https:\/\/aromasentia.com\/es\/wp-json\/wp\/v2\/product\/242798\/revisions"}],"wp:featuredmedia":[{"embeddable":true,"href":"https:\/\/aromasentia.com\/es\/wp-json\/wp\/v2\/media\/267478"}],"wp:attachment":[{"href":"https:\/\/aromasentia.com\/es\/wp-json\/wp\/v2\/media?parent=242798"}],"wp:term":[{"taxonomy":"product_brand","embeddable":true,"href":"https:\/\/aromasentia.com\/es\/wp-json\/wp\/v2\/product_brand?post=242798"},{"taxonomy":"product_cat","embeddable":true,"href":"https:\/\/aromasentia.com\/es\/wp-json\/wp\/v2\/product_cat?post=242798"},{"taxonomy":"product_tag","embeddable":true,"href":"https:\/\/aromasentia.com\/es\/wp-json\/wp\/v2\/product_tag?post=242798"}],"curies":[{"name":"wp","href":"https:\/\/api.w.org\/{rel}","templated":true}]}}