{"id":242778,"date":"2025-03-20T15:13:31","date_gmt":"2025-03-20T15:13:31","guid":{"rendered":"https:\/\/aromasentia.com\/product\/rose-geranium-organic-essential-oil-10ml\/"},"modified":"2025-05-31T20:32:19","modified_gmt":"2025-05-31T20:32:19","slug":"aceites-esenciales-organicos-rosa-geranio","status":"publish","type":"product","link":"https:\/\/aromasentia.com\/es\/aceites-esenciales-organicos-rosa-geranio\/","title":{"rendered":"Aceites esenciales org\u00e1nicos &#8211; Rosa Geranio"},"content":{"rendered":"<p style=\"text-align: justify;\"><strong>Nombre latino:&nbsp;<\/strong>Pelargonium Graveolens y P \/ Rosa Egipto<\/p>\n<p style=\"text-align: justify;\"><strong>Mezcla de aceites esenciales<\/strong><\/p>\n<p style=\"text-align: justify;\"><\/p>\n<p style=\"text-align: justify;\">Rose Geranium Organic Essential Oil es un ingrediente activo en algunos productos cosm\u00e9ticos, como lociones y fragancias. Una revisi\u00f3n de estudios de 2017 demostr\u00f3 que las propiedades antioxidantes en el aceite de geranio rosa pueden ayudar a reducir los signos del envejecimiento. Los antioxidantes est\u00e1n bien establecidos como agentes naturales para mejorar la capacidad de su piel para curarse de las toxinas y la exposici\u00f3n ambiental.<\/p>\n<p style=\"text-align: justify;\"><\/p>\n<p style=\"text-align: justify;\">El aceite de geranio rosa tiene fuertes propiedades antimicrobianas, antif\u00fangicas y antivirales.<\/p>\n","protected":false},"excerpt":{"rendered":"<p>Nombre latino:&nbsp;Pelargonium Graveolens y P \/ Rosa Egipto Mezcla de aceites esenciales Rose Geranium Organic Essential Oil es un ingrediente activo en algunos productos cosm\u00e9ticos, como lociones y fragancias. Una revisi\u00f3n de estudios de 2017 demostr\u00f3 que las propiedades antioxidantes en el aceite de geranio rosa pueden ayudar a reducir los signos del envejecimiento. Los [&hellip;]<\/p>\n","protected":false},"featured_media":267425,"comment_status":"closed","ping_status":"open","template":"","meta":{"_angie_page":false},"product_brand":[27095],"product_cat":[26660,23652,25844,16460,26835,26189,26367],"product_tag":[],"class_list":{"0":"post-242778","1":"product","2":"type-product","3":"status-publish","4":"has-post-thumbnail","6":"product_brand-ancient-wisdom","7":"product_cat-aceites-esenciales-ecologicos","8":"product_cat-aceites-esenciales","9":"product_cat-aromas","10":"product_cat-aromaterapia-y-fragancias-para-hogar","11":"product_cat-floral","12":"product_cat-incienso","13":"product_cat-rosa","14":"pa_collection-10ml-organic-essential-oils-es","15":"pa_made-in-reunion","16":"pa_size-10ml","18":"first","19":"instock","20":"purchasable","21":"product-type-simple"},"supplier_id":null,"supplier_sku":"OrgEO-20","barcode":null,"atum_controlled":true,"out_stock_date":null,"out_stock_threshold":null,"inheritable":false,"inbound_stock":null,"stock_on_hold":0,"sold_today":0,"sales_last_days":0,"reserved_stock":null,"customer_returns":null,"warehouse_damage":null,"lost_in_post":null,"other_logs":null,"out_stock_days":0,"lost_sales":0,"has_location":null,"update_date":"2026-05-08T05:15:42","atum_locations":[],"atum_stock_status":"instock","restock_status":false,"low_stock_amount":"","sales_update_date":"2026-02-06T00:01:31","calc_backorders":null,"_links":{"self":[{"href":"https:\/\/aromasentia.com\/es\/wp-json\/wp\/v2\/product\/242778","targetHints":{"allow":["GET"]}}],"collection":[{"href":"https:\/\/aromasentia.com\/es\/wp-json\/wp\/v2\/product"}],"about":[{"href":"https:\/\/aromasentia.com\/es\/wp-json\/wp\/v2\/types\/product"}],"replies":[{"embeddable":true,"href":"https:\/\/aromasentia.com\/es\/wp-json\/wp\/v2\/comments?post=242778"}],"version-history":[{"count":0,"href":"https:\/\/aromasentia.com\/es\/wp-json\/wp\/v2\/product\/242778\/revisions"}],"wp:featuredmedia":[{"embeddable":true,"href":"https:\/\/aromasentia.com\/es\/wp-json\/wp\/v2\/media\/267425"}],"wp:attachment":[{"href":"https:\/\/aromasentia.com\/es\/wp-json\/wp\/v2\/media?parent=242778"}],"wp:term":[{"taxonomy":"product_brand","embeddable":true,"href":"https:\/\/aromasentia.com\/es\/wp-json\/wp\/v2\/product_brand?post=242778"},{"taxonomy":"product_cat","embeddable":true,"href":"https:\/\/aromasentia.com\/es\/wp-json\/wp\/v2\/product_cat?post=242778"},{"taxonomy":"product_tag","embeddable":true,"href":"https:\/\/aromasentia.com\/es\/wp-json\/wp\/v2\/product_tag?post=242778"}],"curies":[{"name":"wp","href":"https:\/\/api.w.org\/{rel}","templated":true}]}}