{"id":242774,"date":"2025-03-20T15:13:31","date_gmt":"2025-03-20T15:13:31","guid":{"rendered":"https:\/\/aromasentia.com\/product\/ginger-organic-essential-oil-10ml\/"},"modified":"2025-05-31T20:32:16","modified_gmt":"2025-05-31T20:32:16","slug":"aceites-esenciales-organicos-jengibre","status":"publish","type":"product","link":"https:\/\/aromasentia.com\/es\/aceites-esenciales-organicos-jengibre\/","title":{"rendered":"Aceites esenciales org\u00e1nicos &#8211; Jengibre"},"content":{"rendered":"<p><strong>Nombre latino:<\/strong> Zingiber Officinale<\/p>\n<p><strong>Parte de la planta utilizada:<\/strong> ra\u00edz<\/p>\n<p><strong>Fuente: <\/strong>China<\/p>\n<p><strong>M\u00e9todo de extracci\u00f3n: <\/strong>destilaci\u00f3n al vapor<\/p>\n<p><\/p>\n<p style=\"text-align: justify;\">El Aceite Esencial Org\u00e1nico de Jengibre se extrae de la planta Zingiberaceae officinale, tambi\u00e9n conocida como Jengibre Com\u00fan o Jamaica. El nombre de jengibre se deriva del lugar llamado Gingi en el estado de Tamil Nadu, India, y la palabra tamil para jengibre, inji-ver. El aceite se extrae por destilaci\u00f3n al vapor de la ra\u00edz molida sin pelar o seca de la planta. Es un aceite que se calienta y es particularmente bueno para la digesti\u00f3n y para combatir las n\u00e1useas y los v\u00f3mitos.<\/p>\n<p style=\"text-align: justify;\"><\/p>\n<p style=\"text-align: justify;\"><strong>El aceite de jengibre tiene muchas propiedades terap\u00e9uticas<\/strong>. Se utiliza en el tratamiento de fracturas, aliviando el dolor del reumatismo, la artritis y los carbuncos. Ayuda con resacas, mareos, resfriados, gripe, tos, sinusitis, dolor de garganta, llagas en la piel, diarrea, c\u00f3lico, calambres, escalofr\u00edos y fiebre. Utilizado en un vaporizador, este aceite combate la soledad y la depresi\u00f3n, y sus propiedades energizantes lo convierten en un buen afrodis\u00edaco. Ponga una gota de aceite en un pa\u00f1uelo e inhale para controlar las n\u00e1useas, el mareo y los resfriados.<\/p>\n<p style=\"text-align: justify;\"><\/p>\n<p style=\"text-align: justify;\">El jengibre tiene sus or\u00edgenes en India, China y Java, pero tambi\u00e9n es originario de \u00e1frica y las Antillas. Los textos en s\u00e1nscrito y chino mencionan el uso del jengibre como medicina. Tambi\u00e9n se menciona en la literatura griega, romana y \u00e1rabe antigua. El jengibre seco se usa para dolores de est\u00f3mago, diarrea, problemas de garganta y n\u00e1useas. Los chinos tambi\u00e9n lo usan para estimular el coraz\u00f3n y reducir la mucosidad y la flema.<\/p>\n","protected":false},"excerpt":{"rendered":"<p>Nombre latino: Zingiber Officinale Parte de la planta utilizada: ra\u00edz Fuente: China M\u00e9todo de extracci\u00f3n: destilaci\u00f3n al vapor El Aceite Esencial Org\u00e1nico de Jengibre se extrae de la planta Zingiberaceae officinale, tambi\u00e9n conocida como Jengibre Com\u00fan o Jamaica. El nombre de jengibre se deriva del lugar llamado Gingi en el estado de Tamil Nadu, India, [&hellip;]<\/p>\n","protected":false},"featured_media":267416,"comment_status":"closed","ping_status":"open","template":"","meta":[],"product_brand":[27095],"product_cat":[26660,23652,25844,16460,26891,26192],"product_tag":[],"class_list":{"0":"post-242774","1":"product","2":"type-product","3":"status-publish","4":"has-post-thumbnail","6":"product_brand-ancient-wisdom","7":"product_cat-aceites-esenciales-ecologicos","8":"product_cat-aceites-esenciales","9":"product_cat-aromas","10":"product_cat-aromaterapia-y-fragancias-para-hogar","11":"product_cat-especiado","12":"product_cat-geranio","13":"pa_collection-10ml-organic-essential-oils-es","14":"pa_made-in-india","15":"pa_size-10ml","17":"first","18":"instock","19":"purchasable","20":"product-type-simple"},"supplier_id":null,"supplier_sku":"OrgEO-19","barcode":null,"atum_controlled":true,"out_stock_date":null,"out_stock_threshold":null,"inheritable":false,"inbound_stock":null,"stock_on_hold":0,"sold_today":0,"sales_last_days":0,"reserved_stock":null,"customer_returns":null,"warehouse_damage":null,"lost_in_post":null,"other_logs":null,"out_stock_days":0,"lost_sales":0,"has_location":null,"update_date":"2026-02-05T22:33:33","atum_locations":[],"atum_stock_status":"instock","restock_status":false,"low_stock_amount":"","sales_update_date":"2026-01-30T01:26:20","calc_backorders":null,"_links":{"self":[{"href":"https:\/\/aromasentia.com\/es\/wp-json\/wp\/v2\/product\/242774","targetHints":{"allow":["GET"]}}],"collection":[{"href":"https:\/\/aromasentia.com\/es\/wp-json\/wp\/v2\/product"}],"about":[{"href":"https:\/\/aromasentia.com\/es\/wp-json\/wp\/v2\/types\/product"}],"replies":[{"embeddable":true,"href":"https:\/\/aromasentia.com\/es\/wp-json\/wp\/v2\/comments?post=242774"}],"version-history":[{"count":0,"href":"https:\/\/aromasentia.com\/es\/wp-json\/wp\/v2\/product\/242774\/revisions"}],"wp:featuredmedia":[{"embeddable":true,"href":"https:\/\/aromasentia.com\/es\/wp-json\/wp\/v2\/media\/267416"}],"wp:attachment":[{"href":"https:\/\/aromasentia.com\/es\/wp-json\/wp\/v2\/media?parent=242774"}],"wp:term":[{"taxonomy":"product_brand","embeddable":true,"href":"https:\/\/aromasentia.com\/es\/wp-json\/wp\/v2\/product_brand?post=242774"},{"taxonomy":"product_cat","embeddable":true,"href":"https:\/\/aromasentia.com\/es\/wp-json\/wp\/v2\/product_cat?post=242774"},{"taxonomy":"product_tag","embeddable":true,"href":"https:\/\/aromasentia.com\/es\/wp-json\/wp\/v2\/product_tag?post=242774"}],"curies":[{"name":"wp","href":"https:\/\/api.w.org\/{rel}","templated":true}]}}