{"id":242770,"date":"2025-03-20T15:13:31","date_gmt":"2025-03-20T15:13:31","guid":{"rendered":"https:\/\/aromasentia.com\/product\/petitgrain-organic-essential-oil-10ml\/"},"modified":"2025-05-31T20:32:12","modified_gmt":"2025-05-31T20:32:12","slug":"aceites-esenciales-organicos-petitgrain","status":"publish","type":"product","link":"https:\/\/aromasentia.com\/es\/aceites-esenciales-organicos-petitgrain\/","title":{"rendered":"Aceites esenciales org\u00e1nicos &#8211; Petitgrain"},"content":{"rendered":"<p><strong>Nombre latino:<\/strong> Citrus Aurantium var. Amara<\/p>\n<p><strong>Parte de la planta utilizada<\/strong>: hojas y ramitas<\/p>\n<p><strong>Fuente:<\/strong> Paraguay<\/p>\n<p><strong>M\u00e9todo de extracci\u00f3n: <\/strong>destilaci\u00f3n al vapor<\/p>\n<p><\/p>\n<p style=\"text-align: justify;\">El aceite esencial org\u00e1nico de Petitgrain se deriva del naranjo amargo, que tiene una larga historia de uso en las pr\u00e1cticas tradicionales de salud. Hist\u00f3ricamente, el aceite esencial de Petitgrain se ha utilizado con fines de limpieza. Petitgrain es ampliamente utilizado en la industria de perfumes, dando a los aerosoles corporales, fragancias, lociones y colonias una nota fresca y herb\u00e1cea que es popular entre mujeres y hombres.<\/p>\n<p style=\"text-align: justify;\"><\/p>\n<p style=\"text-align: justify;\">El aceite Petitgrain posee un aroma dulce, pero \u00e1cido con sutiles caracter\u00edsticas florales y amaderadas. Se combina especialmente bien con aceites c\u00edtricos, florales y de madera. Petitgrain aumentar\u00e1 los sentimientos de alegr\u00eda y valent\u00eda al enfrentar un desaf\u00edo y ayudar\u00e1 a promover la esperanza y la calma.<\/p>\n","protected":false},"excerpt":{"rendered":"<p>Nombre latino: Citrus Aurantium var. Amara Parte de la planta utilizada: hojas y ramitas Fuente: Paraguay M\u00e9todo de extracci\u00f3n: destilaci\u00f3n al vapor El aceite esencial org\u00e1nico de Petitgrain se deriva del naranjo amargo, que tiene una larga historia de uso en las pr\u00e1cticas tradicionales de salud. Hist\u00f3ricamente, el aceite esencial de Petitgrain se ha utilizado [&hellip;]<\/p>\n","protected":false},"featured_media":267407,"comment_status":"closed","ping_status":"open","template":"","meta":{"_angie_page":false},"product_brand":[27095],"product_cat":[26660,23652,25844,16460,26821,26343],"product_tag":[],"class_list":{"0":"post-242770","1":"product","2":"type-product","3":"status-publish","4":"has-post-thumbnail","6":"product_brand-ancient-wisdom","7":"product_cat-aceites-esenciales-ecologicos","8":"product_cat-aceites-esenciales","9":"product_cat-aromas","10":"product_cat-aromaterapia-y-fragancias-para-hogar","11":"product_cat-citrico","12":"product_cat-petitgrain","13":"pa_collection-10ml-organic-essential-oils-es","14":"pa_made-in-paraguay","15":"pa_size-10ml","17":"first","18":"instock","19":"purchasable","20":"product-type-simple"},"supplier_id":null,"supplier_sku":"OrgEO-18","barcode":null,"atum_controlled":true,"out_stock_date":null,"out_stock_threshold":null,"inheritable":false,"inbound_stock":null,"stock_on_hold":0,"sold_today":0,"sales_last_days":0,"reserved_stock":null,"customer_returns":null,"warehouse_damage":null,"lost_in_post":null,"other_logs":null,"out_stock_days":0,"lost_sales":0,"has_location":null,"update_date":"2026-04-27T07:17:04","atum_locations":[],"atum_stock_status":"instock","restock_status":false,"low_stock_amount":"","sales_update_date":"2025-09-05T00:17:33","calc_backorders":null,"_links":{"self":[{"href":"https:\/\/aromasentia.com\/es\/wp-json\/wp\/v2\/product\/242770","targetHints":{"allow":["GET"]}}],"collection":[{"href":"https:\/\/aromasentia.com\/es\/wp-json\/wp\/v2\/product"}],"about":[{"href":"https:\/\/aromasentia.com\/es\/wp-json\/wp\/v2\/types\/product"}],"replies":[{"embeddable":true,"href":"https:\/\/aromasentia.com\/es\/wp-json\/wp\/v2\/comments?post=242770"}],"version-history":[{"count":0,"href":"https:\/\/aromasentia.com\/es\/wp-json\/wp\/v2\/product\/242770\/revisions"}],"wp:featuredmedia":[{"embeddable":true,"href":"https:\/\/aromasentia.com\/es\/wp-json\/wp\/v2\/media\/267407"}],"wp:attachment":[{"href":"https:\/\/aromasentia.com\/es\/wp-json\/wp\/v2\/media?parent=242770"}],"wp:term":[{"taxonomy":"product_brand","embeddable":true,"href":"https:\/\/aromasentia.com\/es\/wp-json\/wp\/v2\/product_brand?post=242770"},{"taxonomy":"product_cat","embeddable":true,"href":"https:\/\/aromasentia.com\/es\/wp-json\/wp\/v2\/product_cat?post=242770"},{"taxonomy":"product_tag","embeddable":true,"href":"https:\/\/aromasentia.com\/es\/wp-json\/wp\/v2\/product_tag?post=242770"}],"curies":[{"name":"wp","href":"https:\/\/api.w.org\/{rel}","templated":true}]}}