{"id":242766,"date":"2025-03-20T15:13:31","date_gmt":"2025-03-20T15:13:31","guid":{"rendered":"https:\/\/aromasentia.com\/product\/cedarwood-organic-essential-oil-10ml\/"},"modified":"2025-05-31T20:32:09","modified_gmt":"2025-05-31T20:32:09","slug":"aceites-esenciales-organicos-cedro","status":"publish","type":"product","link":"https:\/\/aromasentia.com\/es\/aceites-esenciales-organicos-cedro\/","title":{"rendered":"Aceites esenciales org\u00e1nicos &#8211; Cedro"},"content":{"rendered":"<p><strong>Nombre latino: <\/strong>Juniperus Virginiana<\/p>\n<p><strong>Parte de la planta utilizada:<\/strong> madera<\/p>\n<p><strong>Fuente:<\/strong> EE. UU.<\/p>\n<p><strong>M\u00e9todo de extracci\u00f3n: <\/strong>destilaci\u00f3n al vapor<\/p>\n<p><\/p>\n<p style=\"text-align: justify;\">El cedro es b\u00e1sicamente una planta nativa de climas fr\u00edos y normalmente se encuentra a grandes altitudes. Los beneficios para la salud del aceite esencial de madera de cedro se pueden atribuir a sus propiedades como sustancia antiseborreica, antis\u00e9ptica, antiespasm\u00f3dica, t\u00f3nica, astringente, diur\u00e9tica, emenagoga, expectorante, insecticida, sedante y fungicida.<\/p>\n<p style=\"text-align: justify;\"><\/p>\n<p style=\"text-align: justify;\">El aceite esencial org\u00e1nico&nbsp;de Cedarwood alivia los s\u00edntomas de la seborrea. La seborrea o eccema seborreico es una enfermedad terrible causada por un mal funcionamiento de las gl\u00e1ndulas seb\u00e1ceas. Esto da como resultado una mayor producci\u00f3n de sebo y la posterior infecci\u00f3n de las c\u00e9lulas epid\u00e9rmicas. Se ve muy feo, ya que la piel, de color blanco o amarillo p\u00e1lido, comienza a desprenderse, particularmente del cuero cabelludo, las cejas, el o\u00eddo interno y en cualquier otro lugar con fol\u00edculos pilosos. El aceite de cedro puede ser beneficioso para curar esta situaci\u00f3n inflamatoria y puede reducir esta descamaci\u00f3n de la piel, regularizar la producci\u00f3n de sebo y tratar la infecci\u00f3n. El aceite tambi\u00e9n reduce el enrojecimiento feo y los signos obvios de la condici\u00f3n al tiempo que lo elimina.<\/p>\n<p style=\"text-align: justify;\"><\/p>\n<p style=\"text-align: justify;\"><strong>El aceite de madera de cedro evita que las heridas se vuelvan s\u00e9pticas<\/strong>, adem\u00e1s de protegerlas de los g\u00e9rmenes del t\u00e9tanos. Al defender al cuerpo contra las toxinas, el aceite esencial de madera de cedro alivia a los gl\u00f3bulos blancos y al sistema inmunitario del estr\u00e9s adicional, lo que les permite proteger las funciones internas.<\/p>\n<p style=\"text-align: justify;\"><\/p>\n<p style=\"text-align: justify;\">El aceite de cedro se puede usar como un t\u00f3nico para la salud general, ya que tonifica los sistemas de \u00f3rganos y estimula el metabolismo. Aprieta y tonifica los m\u00fasculos de la piel, el est\u00f3mago, el sistema digestivo y regula las funciones cerebrales. Aumenta la funcionalidad del ri\u00f1\u00f3n y el h\u00edgado, lo que mejora a\u00fan m\u00e1s la salud y el bienestar general.<\/p>\n","protected":false},"excerpt":{"rendered":"<p>Nombre latino: Juniperus Virginiana Parte de la planta utilizada: madera Fuente: EE. UU. M\u00e9todo de extracci\u00f3n: destilaci\u00f3n al vapor El cedro es b\u00e1sicamente una planta nativa de climas fr\u00edos y normalmente se encuentra a grandes altitudes. Los beneficios para la salud del aceite esencial de madera de cedro se pueden atribuir a sus propiedades como [&hellip;]<\/p>\n","protected":false},"featured_media":267398,"comment_status":"closed","ping_status":"open","template":"","meta":{"_angie_page":false},"product_brand":[27095],"product_cat":[26660,23652,26898,25844,16460,26123],"product_tag":[],"class_list":{"0":"post-242766","1":"product","2":"type-product","3":"status-publish","4":"has-post-thumbnail","6":"product_brand-ancient-wisdom","7":"product_cat-aceites-esenciales-ecologicos","8":"product_cat-aceites-esenciales","9":"product_cat-amaderado","10":"product_cat-aromas","11":"product_cat-aromaterapia-y-fragancias-para-hogar","12":"product_cat-cedro","13":"pa_collection-10ml-organic-essential-oils-es","14":"pa_made-in-marruecos","15":"pa_size-10ml","17":"first","18":"instock","19":"purchasable","20":"product-type-simple"},"supplier_id":null,"supplier_sku":"OrgEO-17","barcode":null,"atum_controlled":true,"out_stock_date":null,"out_stock_threshold":null,"inheritable":false,"inbound_stock":null,"stock_on_hold":0,"sold_today":0,"sales_last_days":0,"reserved_stock":null,"customer_returns":null,"warehouse_damage":null,"lost_in_post":null,"other_logs":null,"out_stock_days":0,"lost_sales":0,"has_location":null,"update_date":"2026-04-27T07:17:04","atum_locations":[],"atum_stock_status":"instock","restock_status":false,"low_stock_amount":"","sales_update_date":"2025-09-05T00:17:31","calc_backorders":null,"_links":{"self":[{"href":"https:\/\/aromasentia.com\/es\/wp-json\/wp\/v2\/product\/242766","targetHints":{"allow":["GET"]}}],"collection":[{"href":"https:\/\/aromasentia.com\/es\/wp-json\/wp\/v2\/product"}],"about":[{"href":"https:\/\/aromasentia.com\/es\/wp-json\/wp\/v2\/types\/product"}],"replies":[{"embeddable":true,"href":"https:\/\/aromasentia.com\/es\/wp-json\/wp\/v2\/comments?post=242766"}],"version-history":[{"count":0,"href":"https:\/\/aromasentia.com\/es\/wp-json\/wp\/v2\/product\/242766\/revisions"}],"wp:featuredmedia":[{"embeddable":true,"href":"https:\/\/aromasentia.com\/es\/wp-json\/wp\/v2\/media\/267398"}],"wp:attachment":[{"href":"https:\/\/aromasentia.com\/es\/wp-json\/wp\/v2\/media?parent=242766"}],"wp:term":[{"taxonomy":"product_brand","embeddable":true,"href":"https:\/\/aromasentia.com\/es\/wp-json\/wp\/v2\/product_brand?post=242766"},{"taxonomy":"product_cat","embeddable":true,"href":"https:\/\/aromasentia.com\/es\/wp-json\/wp\/v2\/product_cat?post=242766"},{"taxonomy":"product_tag","embeddable":true,"href":"https:\/\/aromasentia.com\/es\/wp-json\/wp\/v2\/product_tag?post=242766"}],"curies":[{"name":"wp","href":"https:\/\/api.w.org\/{rel}","templated":true}]}}