{"id":242754,"date":"2025-03-20T15:13:48","date_gmt":"2025-03-20T15:13:48","guid":{"rendered":"https:\/\/aromasentia.com\/product\/rose-geranium-organic-essential-oil-0-5kg\/"},"modified":"2025-06-28T22:24:02","modified_gmt":"2025-06-28T22:24:02","slug":"geranio-rosa-aceite-esencial-organico-500ml","status":"publish","type":"product","link":"https:\/\/aromasentia.com\/es\/geranio-rosa-aceite-esencial-organico-500ml\/","title":{"rendered":"Geranio Rosa Aceite Esencial Org\u00e1nico 500ml"},"content":{"rendered":"<p>Disfrute de la armoniosa fragancia floral de nuestro Aceite Esencial de Geranio Rosa Ecol\u00f3gico de 500 ml. Certificado org\u00e1nico, este hermoso aceite mezcla las notas dulces y rosadas del geranio con un car\u00e1cter que recuerda a la verdadera rosa, ofreciendo una fragancia edificante y emocionalmente equilibradora. Es muy apreciado en el cuidado de la piel org\u00e1nica por su capacidad para equilibrar el sebo, calmar la piel y promover un brillo saludable. Su delicioso aroma tambi\u00e9n ayuda a calmar los nervios y fomentar una sensaci\u00f3n de bienestar. Un floral puro y vers\u00e1til para la belleza natural y la armon\u00eda emocional.<\/p>\n","protected":false},"excerpt":{"rendered":"<p>Disfrute de la armoniosa fragancia floral de nuestro Aceite Esencial de Geranio Rosa Ecol\u00f3gico de 500 ml. Certificado org\u00e1nico, este hermoso aceite mezcla las notas dulces y rosadas del geranio con un car\u00e1cter que recuerda a la verdadera rosa, ofreciendo una fragancia edificante y emocionalmente equilibradora. Es muy apreciado en el cuidado de la piel [&hellip;]<\/p>\n","protected":false},"featured_media":267613,"comment_status":"closed","ping_status":"open","template":"","meta":{"_angie_page":false},"product_brand":[27095],"product_cat":[26660,23652,25844,16460,26835,26189,26367],"product_tag":[],"class_list":{"0":"post-242754","1":"product","2":"type-product","3":"status-publish","4":"has-post-thumbnail","6":"product_brand-ancient-wisdom","7":"product_cat-aceites-esenciales-ecologicos","8":"product_cat-aceites-esenciales","9":"product_cat-aromas","10":"product_cat-aromaterapia-y-fragancias-para-hogar","11":"product_cat-floral","12":"product_cat-incienso","13":"product_cat-rosa","14":"pa_collection-bulk-organic-essential-oils-es","15":"pa_made-in-reunion","16":"pa_size-500ml","18":"first","19":"instock","20":"purchasable","21":"product-type-simple"},"supplier_id":null,"supplier_sku":"OrgEOB-20","barcode":null,"atum_controlled":true,"out_stock_date":null,"out_stock_threshold":null,"inheritable":false,"inbound_stock":0,"stock_on_hold":0,"sold_today":0,"sales_last_days":0,"reserved_stock":0,"customer_returns":0,"warehouse_damage":0,"lost_in_post":0,"other_logs":0,"out_stock_days":0,"lost_sales":0,"has_location":false,"update_date":"2026-05-08T05:15:42","atum_locations":[],"atum_stock_status":"instock","restock_status":false,"low_stock_amount":"","sales_update_date":"2026-01-30T01:26:00","calc_backorders":null,"_links":{"self":[{"href":"https:\/\/aromasentia.com\/es\/wp-json\/wp\/v2\/product\/242754","targetHints":{"allow":["GET"]}}],"collection":[{"href":"https:\/\/aromasentia.com\/es\/wp-json\/wp\/v2\/product"}],"about":[{"href":"https:\/\/aromasentia.com\/es\/wp-json\/wp\/v2\/types\/product"}],"replies":[{"embeddable":true,"href":"https:\/\/aromasentia.com\/es\/wp-json\/wp\/v2\/comments?post=242754"}],"version-history":[{"count":0,"href":"https:\/\/aromasentia.com\/es\/wp-json\/wp\/v2\/product\/242754\/revisions"}],"wp:featuredmedia":[{"embeddable":true,"href":"https:\/\/aromasentia.com\/es\/wp-json\/wp\/v2\/media\/267613"}],"wp:attachment":[{"href":"https:\/\/aromasentia.com\/es\/wp-json\/wp\/v2\/media?parent=242754"}],"wp:term":[{"taxonomy":"product_brand","embeddable":true,"href":"https:\/\/aromasentia.com\/es\/wp-json\/wp\/v2\/product_brand?post=242754"},{"taxonomy":"product_cat","embeddable":true,"href":"https:\/\/aromasentia.com\/es\/wp-json\/wp\/v2\/product_cat?post=242754"},{"taxonomy":"product_tag","embeddable":true,"href":"https:\/\/aromasentia.com\/es\/wp-json\/wp\/v2\/product_tag?post=242754"}],"curies":[{"name":"wp","href":"https:\/\/api.w.org\/{rel}","templated":true}]}}