{"id":242742,"date":"2025-03-20T15:13:48","date_gmt":"2025-03-20T15:13:48","guid":{"rendered":"https:\/\/aromasentia.com\/product\/cedarwood-atlas-organic-essential-oil-0-5kg\/"},"modified":"2025-06-28T22:24:00","modified_gmt":"2025-06-28T22:24:00","slug":"madera-de-cedro-atlas-aceite-esencial-organico-500ml","status":"publish","type":"product","link":"https:\/\/aromasentia.com\/es\/madera-de-cedro-atlas-aceite-esencial-organico-500ml\/","title":{"rendered":"Madera de Cedro Atlas Aceite Esencial Org\u00e1nico 500ml"},"content":{"rendered":"<p>Fortalezca y afiance con nuestro Aceite Esencial de Cedro Atlas Ecol\u00f3gico de 500 ml. Certificado org\u00e1nico, este aceite proporciona un aroma rico, amaderado, ligeramente dulce y bals\u00e1mico que es profundamente calmante y fortificante. El cedro del Atlas es conocido por su capacidad para calmar la tensi\u00f3n nerviosa, promover la estabilidad emocional y fomentar un estado meditativo. Tambi\u00e9n es beneficioso para la salud del cuero cabelludo y como repelente de insectos. Su pureza org\u00e1nica garantiza una conexi\u00f3n verdadera y enraizada con la fuerza perdurable de este majestuoso \u00e1rbol.<\/p>\n","protected":false},"excerpt":{"rendered":"<p>Fortalezca y afiance con nuestro Aceite Esencial de Cedro Atlas Ecol\u00f3gico de 500 ml. Certificado org\u00e1nico, este aceite proporciona un aroma rico, amaderado, ligeramente dulce y bals\u00e1mico que es profundamente calmante y fortificante. El cedro del Atlas es conocido por su capacidad para calmar la tensi\u00f3n nerviosa, promover la estabilidad emocional y fomentar un estado [&hellip;]<\/p>\n","protected":false},"featured_media":267586,"comment_status":"closed","ping_status":"open","template":"","meta":{"_angie_page":false},"product_brand":[27095],"product_cat":[26660,23652,26898,25844,16460,26123],"product_tag":[],"class_list":{"0":"post-242742","1":"product","2":"type-product","3":"status-publish","4":"has-post-thumbnail","6":"product_brand-ancient-wisdom","7":"product_cat-aceites-esenciales-ecologicos","8":"product_cat-aceites-esenciales","9":"product_cat-amaderado","10":"product_cat-aromas","11":"product_cat-aromaterapia-y-fragancias-para-hogar","12":"product_cat-cedro","13":"pa_collection-bulk-organic-essential-oils-es","14":"pa_made-in-marruecos","15":"pa_size-500ml","17":"first","18":"instock","19":"purchasable","20":"product-type-simple"},"supplier_id":null,"supplier_sku":"OrgEOB-17","barcode":null,"atum_controlled":true,"out_stock_date":null,"out_stock_threshold":null,"inheritable":false,"inbound_stock":null,"stock_on_hold":0,"sold_today":0,"sales_last_days":0,"reserved_stock":null,"customer_returns":null,"warehouse_damage":null,"lost_in_post":null,"other_logs":null,"out_stock_days":0,"lost_sales":0,"has_location":null,"update_date":"2026-04-27T07:17:12","atum_locations":[],"atum_stock_status":"instock","restock_status":false,"low_stock_amount":"","sales_update_date":"2025-09-05T00:17:39","calc_backorders":null,"_links":{"self":[{"href":"https:\/\/aromasentia.com\/es\/wp-json\/wp\/v2\/product\/242742","targetHints":{"allow":["GET"]}}],"collection":[{"href":"https:\/\/aromasentia.com\/es\/wp-json\/wp\/v2\/product"}],"about":[{"href":"https:\/\/aromasentia.com\/es\/wp-json\/wp\/v2\/types\/product"}],"replies":[{"embeddable":true,"href":"https:\/\/aromasentia.com\/es\/wp-json\/wp\/v2\/comments?post=242742"}],"version-history":[{"count":0,"href":"https:\/\/aromasentia.com\/es\/wp-json\/wp\/v2\/product\/242742\/revisions"}],"wp:featuredmedia":[{"embeddable":true,"href":"https:\/\/aromasentia.com\/es\/wp-json\/wp\/v2\/media\/267586"}],"wp:attachment":[{"href":"https:\/\/aromasentia.com\/es\/wp-json\/wp\/v2\/media?parent=242742"}],"wp:term":[{"taxonomy":"product_brand","embeddable":true,"href":"https:\/\/aromasentia.com\/es\/wp-json\/wp\/v2\/product_brand?post=242742"},{"taxonomy":"product_cat","embeddable":true,"href":"https:\/\/aromasentia.com\/es\/wp-json\/wp\/v2\/product_cat?post=242742"},{"taxonomy":"product_tag","embeddable":true,"href":"https:\/\/aromasentia.com\/es\/wp-json\/wp\/v2\/product_tag?post=242742"}],"curies":[{"name":"wp","href":"https:\/\/api.w.org\/{rel}","templated":true}]}}