{"id":242734,"date":"2025-03-20T15:13:48","date_gmt":"2025-03-20T15:13:48","guid":{"rendered":"https:\/\/aromasentia.com\/product\/grapefruit-organic-essential-oil-0-5kg\/"},"modified":"2025-06-28T22:23:59","modified_gmt":"2025-06-28T22:23:59","slug":"pomelo-aceite-esencial-organico-500ml","status":"publish","type":"product","link":"https:\/\/aromasentia.com\/es\/pomelo-aceite-esencial-organico-500ml\/","title":{"rendered":"Pomelo Aceite Esencial Org\u00e1nico 500ml"},"content":{"rendered":"<p>Refresque y levante el \u00e1nimo con nuestro Aceite Esencial de Pomelo Ecol\u00f3gico de 500 ml. Certificado org\u00e1nico, este aceite estalla con un aroma c\u00edtrico \u00e1cido, brillante y vigorizante que es maravillosamente energizante y levanta el \u00e1nimo. Es conocido por sus propiedades desintoxicantes y tonificantes, a menudo utilizado en mezclas para combatir la retenci\u00f3n de l\u00edquidos y apoyar un metabolismo saludable. Su alegre aroma ayuda a disipar la fatiga mental y promueve una actitud positiva. De origen org\u00e1nico para su pureza, es una delicia para la difusi\u00f3n y el cuidado revitalizante del cuerpo.<\/p>\n","protected":false},"excerpt":{"rendered":"<p>Refresque y levante el \u00e1nimo con nuestro Aceite Esencial de Pomelo Ecol\u00f3gico de 500 ml. Certificado org\u00e1nico, este aceite estalla con un aroma c\u00edtrico \u00e1cido, brillante y vigorizante que es maravillosamente energizante y levanta el \u00e1nimo. Es conocido por sus propiedades desintoxicantes y tonificantes, a menudo utilizado en mezclas para combatir la retenci\u00f3n de l\u00edquidos [&hellip;]<\/p>\n","protected":false},"featured_media":267568,"comment_status":"closed","ping_status":"open","template":"","meta":{"_angie_page":false},"product_brand":[27095],"product_cat":[26660,23652,25844,16460,26821,26205],"product_tag":[],"class_list":{"0":"post-242734","1":"product","2":"type-product","3":"status-publish","4":"has-post-thumbnail","6":"product_brand-ancient-wisdom","7":"product_cat-aceites-esenciales-ecologicos","8":"product_cat-aceites-esenciales","9":"product_cat-aromas","10":"product_cat-aromaterapia-y-fragancias-para-hogar","11":"product_cat-citrico","12":"product_cat-pomelo","13":"pa_collection-bulk-organic-essential-oils-es","14":"pa_made-in-estados-unidos","15":"pa_size-500ml","17":"first","18":"instock","19":"purchasable","20":"product-type-simple"},"supplier_id":null,"supplier_sku":"OrgEOB-15","barcode":null,"atum_controlled":true,"out_stock_date":null,"out_stock_threshold":null,"inheritable":false,"inbound_stock":0,"stock_on_hold":0,"sold_today":0,"sales_last_days":0,"reserved_stock":0,"customer_returns":0,"warehouse_damage":0,"lost_in_post":0,"other_logs":0,"out_stock_days":0,"lost_sales":0,"has_location":false,"update_date":"2026-04-27T07:17:04","atum_locations":[],"atum_stock_status":"instock","restock_status":false,"low_stock_amount":"","sales_update_date":"2025-09-05T00:17:38","calc_backorders":null,"_links":{"self":[{"href":"https:\/\/aromasentia.com\/es\/wp-json\/wp\/v2\/product\/242734","targetHints":{"allow":["GET"]}}],"collection":[{"href":"https:\/\/aromasentia.com\/es\/wp-json\/wp\/v2\/product"}],"about":[{"href":"https:\/\/aromasentia.com\/es\/wp-json\/wp\/v2\/types\/product"}],"replies":[{"embeddable":true,"href":"https:\/\/aromasentia.com\/es\/wp-json\/wp\/v2\/comments?post=242734"}],"version-history":[{"count":0,"href":"https:\/\/aromasentia.com\/es\/wp-json\/wp\/v2\/product\/242734\/revisions"}],"wp:featuredmedia":[{"embeddable":true,"href":"https:\/\/aromasentia.com\/es\/wp-json\/wp\/v2\/media\/267568"}],"wp:attachment":[{"href":"https:\/\/aromasentia.com\/es\/wp-json\/wp\/v2\/media?parent=242734"}],"wp:term":[{"taxonomy":"product_brand","embeddable":true,"href":"https:\/\/aromasentia.com\/es\/wp-json\/wp\/v2\/product_brand?post=242734"},{"taxonomy":"product_cat","embeddable":true,"href":"https:\/\/aromasentia.com\/es\/wp-json\/wp\/v2\/product_cat?post=242734"},{"taxonomy":"product_tag","embeddable":true,"href":"https:\/\/aromasentia.com\/es\/wp-json\/wp\/v2\/product_tag?post=242734"}],"curies":[{"name":"wp","href":"https:\/\/api.w.org\/{rel}","templated":true}]}}