{"id":242682,"date":"2025-03-20T15:13:59","date_gmt":"2025-03-20T15:13:59","guid":{"rendered":"https:\/\/aromasentia.com\/product\/basil-cut-leaf-1kg\/"},"modified":"2025-05-31T20:30:22","modified_gmt":"2025-05-31T20:30:22","slug":"albahaca-hoja-cortada-1kg","status":"publish","type":"product","link":"https:\/\/aromasentia.com\/es\/albahaca-hoja-cortada-1kg\/","title":{"rendered":"Albahaca (hoja cortada) 1KG"},"content":{"rendered":"<p>Impregne sus platos y rutinas de bienestar con el encanto arom\u00e1tico de la albahaca (hoja cortada) en esta oferta de 1Kg. Con sus notas dulces, ligeramente picantes y anisadas, la albahaca seca es un ingrediente culinario b\u00e1sico, perfecto para salsas italianas, pesto, sopas y ensaladas. Tradicionalmente, el t\u00e9 de albahaca tambi\u00e9n se consume por sus propiedades calmantes y su capacidad para facilitar la digesti\u00f3n. Este generoso envase le garantiza tener a mano una gran cantidad de esta vers\u00e1til hierba para sabrosas preparaciones culinarias y calmantes.<\/p>\n","protected":false},"excerpt":{"rendered":"<p>Impregne sus platos y rutinas de bienestar con el encanto arom\u00e1tico de la albahaca (hoja cortada) en esta oferta de 1Kg. Con sus notas dulces, ligeramente picantes y anisadas, la albahaca seca es un ingrediente culinario b\u00e1sico, perfecto para salsas italianas, pesto, sopas y ensaladas. Tradicionalmente, el t\u00e9 de albahaca tambi\u00e9n se consume por sus [&hellip;]<\/p>\n","protected":false},"featured_media":267725,"comment_status":"closed","ping_status":"open","template":"","meta":[],"product_brand":[],"product_cat":[26089,25844,16460,26863],"product_tag":[],"class_list":{"0":"post-242682","1":"product","2":"type-product","3":"status-publish","4":"has-post-thumbnail","6":"product_cat-albahaca","7":"product_cat-aromas","8":"product_cat-aromaterapia-y-fragancias-para-hogar","9":"product_cat-herbal-aromatico","10":"pa_collection-pure-floral-es","11":"pa_made-in-egipto","13":"first","14":"instock","15":"purchasable","16":"product-type-simple"},"supplier_id":null,"supplier_sku":"PF-20","barcode":null,"atum_controlled":true,"out_stock_date":null,"out_stock_threshold":null,"inheritable":false,"inbound_stock":0,"stock_on_hold":0,"sold_today":0,"sales_last_days":0,"reserved_stock":0,"customer_returns":0,"warehouse_damage":0,"lost_in_post":0,"other_logs":0,"out_stock_days":0,"lost_sales":0,"has_location":false,"update_date":"2026-01-30T01:25:32","atum_locations":[],"atum_stock_status":"instock","restock_status":false,"low_stock_amount":"","sales_update_date":"2026-01-30T01:25:32","calc_backorders":null,"_links":{"self":[{"href":"https:\/\/aromasentia.com\/es\/wp-json\/wp\/v2\/product\/242682","targetHints":{"allow":["GET"]}}],"collection":[{"href":"https:\/\/aromasentia.com\/es\/wp-json\/wp\/v2\/product"}],"about":[{"href":"https:\/\/aromasentia.com\/es\/wp-json\/wp\/v2\/types\/product"}],"replies":[{"embeddable":true,"href":"https:\/\/aromasentia.com\/es\/wp-json\/wp\/v2\/comments?post=242682"}],"version-history":[{"count":0,"href":"https:\/\/aromasentia.com\/es\/wp-json\/wp\/v2\/product\/242682\/revisions"}],"wp:featuredmedia":[{"embeddable":true,"href":"https:\/\/aromasentia.com\/es\/wp-json\/wp\/v2\/media\/267725"}],"wp:attachment":[{"href":"https:\/\/aromasentia.com\/es\/wp-json\/wp\/v2\/media?parent=242682"}],"wp:term":[{"taxonomy":"product_brand","embeddable":true,"href":"https:\/\/aromasentia.com\/es\/wp-json\/wp\/v2\/product_brand?post=242682"},{"taxonomy":"product_cat","embeddable":true,"href":"https:\/\/aromasentia.com\/es\/wp-json\/wp\/v2\/product_cat?post=242682"},{"taxonomy":"product_tag","embeddable":true,"href":"https:\/\/aromasentia.com\/es\/wp-json\/wp\/v2\/product_tag?post=242682"}],"curies":[{"name":"wp","href":"https:\/\/api.w.org\/{rel}","templated":true}]}}