{"id":242674,"date":"2025-03-20T15:13:59","date_gmt":"2025-03-20T15:13:59","guid":{"rendered":"https:\/\/aromasentia.com\/product\/birch-cut-leaf-1kg\/"},"modified":"2025-05-31T20:30:14","modified_gmt":"2025-05-31T20:30:14","slug":"birch-cut-leaf-1kg","status":"publish","type":"product","link":"https:\/\/aromasentia.com\/es\/birch-cut-leaf-1kg\/","title":{"rendered":"Birch (cut leaf) 1KG"},"content":{"rendered":"<p>Disfrute de los usos tradicionales del abedul (hoja cortada) en este generoso envase de 1 kg. Estas hojas secas de abedul, con su aroma sutil y fresco, tienen una larga historia en los remedios herbales, a menudo se utilizan para hacer infusiones o t\u00e9s conocidos por sus propiedades diur\u00e9ticas y purificantes, apoyando la salud de los ri\u00f1ones y el tracto urinario. Tambi\u00e9n se pueden utilizar en preparaciones relajantes para el ba\u00f1o o como componente natural en popurr\u00ed, aportando un toque de esencia del bosque y sabidur\u00eda popular a su hogar.<\/p>\n","protected":false},"excerpt":{"rendered":"<p>Disfrute de los usos tradicionales del abedul (hoja cortada) en este generoso envase de 1 kg. Estas hojas secas de abedul, con su aroma sutil y fresco, tienen una larga historia en los remedios herbales, a menudo se utilizan para hacer infusiones o t\u00e9s conocidos por sus propiedades diur\u00e9ticas y purificantes, apoyando la salud de [&hellip;]<\/p>\n","protected":false},"featured_media":267707,"comment_status":"closed","ping_status":"open","template":"","meta":{"_angie_page":false},"product_brand":[],"product_cat":[26426,26898,16460],"product_tag":[],"class_list":{"0":"post-242674","1":"product","2":"type-product","3":"status-publish","4":"has-post-thumbnail","6":"product_cat-abedul-blanco","7":"product_cat-amaderado","8":"product_cat-aromaterapia-y-fragancias-para-hogar","9":"pa_collection-pure-floral-es","10":"pa_made-in-polonia","12":"first","13":"instock","14":"purchasable","15":"product-type-simple"},"supplier_id":null,"supplier_sku":"PF-18","barcode":null,"atum_controlled":true,"out_stock_date":null,"out_stock_threshold":null,"inheritable":false,"inbound_stock":null,"stock_on_hold":0,"sold_today":0,"sales_last_days":0,"reserved_stock":null,"customer_returns":null,"warehouse_damage":null,"lost_in_post":null,"other_logs":null,"out_stock_days":0,"lost_sales":0,"has_location":null,"update_date":"2026-04-27T07:17:58","atum_locations":[],"atum_stock_status":"instock","restock_status":false,"low_stock_amount":"","sales_update_date":"2025-09-05T00:17:41","calc_backorders":null,"_links":{"self":[{"href":"https:\/\/aromasentia.com\/es\/wp-json\/wp\/v2\/product\/242674","targetHints":{"allow":["GET"]}}],"collection":[{"href":"https:\/\/aromasentia.com\/es\/wp-json\/wp\/v2\/product"}],"about":[{"href":"https:\/\/aromasentia.com\/es\/wp-json\/wp\/v2\/types\/product"}],"replies":[{"embeddable":true,"href":"https:\/\/aromasentia.com\/es\/wp-json\/wp\/v2\/comments?post=242674"}],"version-history":[{"count":0,"href":"https:\/\/aromasentia.com\/es\/wp-json\/wp\/v2\/product\/242674\/revisions"}],"wp:featuredmedia":[{"embeddable":true,"href":"https:\/\/aromasentia.com\/es\/wp-json\/wp\/v2\/media\/267707"}],"wp:attachment":[{"href":"https:\/\/aromasentia.com\/es\/wp-json\/wp\/v2\/media?parent=242674"}],"wp:term":[{"taxonomy":"product_brand","embeddable":true,"href":"https:\/\/aromasentia.com\/es\/wp-json\/wp\/v2\/product_brand?post=242674"},{"taxonomy":"product_cat","embeddable":true,"href":"https:\/\/aromasentia.com\/es\/wp-json\/wp\/v2\/product_cat?post=242674"},{"taxonomy":"product_tag","embeddable":true,"href":"https:\/\/aromasentia.com\/es\/wp-json\/wp\/v2\/product_tag?post=242674"}],"curies":[{"name":"wp","href":"https:\/\/api.w.org\/{rel}","templated":true}]}}