{"id":242654,"date":"2025-03-20T15:14:06","date_gmt":"2025-03-20T15:14:06","guid":{"rendered":"https:\/\/aromasentia.com\/product\/hypericum-cut-plant-1kg\/"},"modified":"2025-05-31T20:29:50","modified_gmt":"2025-05-31T20:29:50","slug":"hiperico-planta-cortada-1kg","status":"publish","type":"product","link":"https:\/\/aromasentia.com\/es\/hiperico-planta-cortada-1kg\/","title":{"rendered":"Hip\u00e9rico (planta cortada) 1KG"},"content":{"rendered":"<p>Explore los usos tradicionales del hip\u00e9rico (planta cortada), tambi\u00e9n conocido como hierba de San Juan, con este envase de 1Kg. Este preparado de hierbas cortadas tiene una larga historia en la medicina popular, sobre todo por sus conocidas propiedades para mejorar el estado de \u00e1nimo y su uso para tratar la depresi\u00f3n leve a moderada o la ansiedad (consulte a un profesional). Tambi\u00e9n se ha utilizado por v\u00eda t\u00f3pica para el dolor nervioso y la cicatrizaci\u00f3n de heridas. Esta oferta a granel est\u00e1 destinada a quienes est\u00e9n familiarizados con sus aplicaciones tradicionales para crear infusiones o tinturas.<\/p>\n","protected":false},"excerpt":{"rendered":"<p>Explore los usos tradicionales del hip\u00e9rico (planta cortada), tambi\u00e9n conocido como hierba de San Juan, con este envase de 1Kg. Este preparado de hierbas cortadas tiene una larga historia en la medicina popular, sobre todo por sus conocidas propiedades para mejorar el estado de \u00e1nimo y su uso para tratar la depresi\u00f3n leve a moderada [&hellip;]<\/p>\n","protected":false},"featured_media":267896,"comment_status":"closed","ping_status":"open","template":"","meta":{"_angie_page":false},"product_brand":[],"product_cat":[16460],"product_tag":[],"class_list":{"0":"post-242654","1":"product","2":"type-product","3":"status-publish","4":"has-post-thumbnail","6":"product_cat-aromaterapia-y-fragancias-para-hogar","7":"pa_collection-pure-floral-es","8":"pa_made-in-polonia","10":"first","11":"instock","12":"purchasable","13":"product-type-simple"},"supplier_id":null,"supplier_sku":"PF-40","barcode":null,"atum_controlled":true,"out_stock_date":null,"out_stock_threshold":null,"inheritable":false,"inbound_stock":null,"stock_on_hold":0,"sold_today":0,"sales_last_days":0,"reserved_stock":null,"customer_returns":null,"warehouse_damage":null,"lost_in_post":null,"other_logs":null,"out_stock_days":0,"lost_sales":0,"has_location":null,"update_date":"2026-04-27T07:18:04","atum_locations":[],"atum_stock_status":"instock","restock_status":false,"low_stock_amount":"","sales_update_date":"2026-01-30T01:25:32","calc_backorders":null,"_links":{"self":[{"href":"https:\/\/aromasentia.com\/es\/wp-json\/wp\/v2\/product\/242654","targetHints":{"allow":["GET"]}}],"collection":[{"href":"https:\/\/aromasentia.com\/es\/wp-json\/wp\/v2\/product"}],"about":[{"href":"https:\/\/aromasentia.com\/es\/wp-json\/wp\/v2\/types\/product"}],"replies":[{"embeddable":true,"href":"https:\/\/aromasentia.com\/es\/wp-json\/wp\/v2\/comments?post=242654"}],"version-history":[{"count":0,"href":"https:\/\/aromasentia.com\/es\/wp-json\/wp\/v2\/product\/242654\/revisions"}],"wp:featuredmedia":[{"embeddable":true,"href":"https:\/\/aromasentia.com\/es\/wp-json\/wp\/v2\/media\/267896"}],"wp:attachment":[{"href":"https:\/\/aromasentia.com\/es\/wp-json\/wp\/v2\/media?parent=242654"}],"wp:term":[{"taxonomy":"product_brand","embeddable":true,"href":"https:\/\/aromasentia.com\/es\/wp-json\/wp\/v2\/product_brand?post=242654"},{"taxonomy":"product_cat","embeddable":true,"href":"https:\/\/aromasentia.com\/es\/wp-json\/wp\/v2\/product_cat?post=242654"},{"taxonomy":"product_tag","embeddable":true,"href":"https:\/\/aromasentia.com\/es\/wp-json\/wp\/v2\/product_tag?post=242654"}],"curies":[{"name":"wp","href":"https:\/\/api.w.org\/{rel}","templated":true}]}}