{"id":242650,"date":"2025-03-20T15:14:06","date_gmt":"2025-03-20T15:14:06","guid":{"rendered":"https:\/\/aromasentia.com\/product\/fennel-grain-1kg\/"},"modified":"2025-05-31T20:29:48","modified_gmt":"2025-05-31T20:29:48","slug":"hinojo-en-grano-1kg","status":"publish","type":"product","link":"https:\/\/aromasentia.com\/es\/hinojo-en-grano-1kg\/","title":{"rendered":"Hinojo (en grano) 1KG"},"content":{"rendered":"<p>Apoye su salud digestiva con Hinojo (grano) en este paquete de 1Kg. Estas semillas arom\u00e1ticas ofrecen un sabor dulce, c\u00e1lido y anisado, y se han utilizado tradicionalmente durante siglos para facilitar la digesti\u00f3n, aliviar la hinchaz\u00f3n y refrescar el aliento. El t\u00e9 de hinojo es un popular carminativo, y las semillas tambi\u00e9n se utilizan mucho en la cocina, sobre todo en las cocinas india y mediterr\u00e1nea, as\u00ed como en mezclas de especias como las cinco especias chinas. Este suministro a granel es perfecto tanto para aplicaciones culinarias como herbales.<\/p>\n","protected":false},"excerpt":{"rendered":"<p>Apoye su salud digestiva con Hinojo (grano) en este paquete de 1Kg. Estas semillas arom\u00e1ticas ofrecen un sabor dulce, c\u00e1lido y anisado, y se han utilizado tradicionalmente durante siglos para facilitar la digesti\u00f3n, aliviar la hinchaz\u00f3n y refrescar el aliento. El t\u00e9 de hinojo es un popular carminativo, y las semillas tambi\u00e9n se utilizan mucho [&hellip;]<\/p>\n","protected":false},"featured_media":267887,"comment_status":"closed","ping_status":"open","template":"","meta":{"_angie_page":false},"product_brand":[],"product_cat":[25844,16460,26863,26182],"product_tag":[],"class_list":{"0":"post-242650","1":"product","2":"type-product","3":"status-publish","4":"has-post-thumbnail","6":"product_cat-aromas","7":"product_cat-aromaterapia-y-fragancias-para-hogar","8":"product_cat-herbal-aromatico","9":"product_cat-hinojo","10":"pa_collection-pure-floral-es","11":"pa_made-in-egipto","13":"first","14":"instock","15":"purchasable","16":"product-type-simple"},"supplier_id":null,"supplier_sku":"PF-39","barcode":null,"atum_controlled":true,"out_stock_date":null,"out_stock_threshold":null,"inheritable":false,"inbound_stock":null,"stock_on_hold":0,"sold_today":0,"sales_last_days":0,"reserved_stock":null,"customer_returns":null,"warehouse_damage":null,"lost_in_post":null,"other_logs":null,"out_stock_days":0,"lost_sales":0,"has_location":null,"update_date":"2026-04-27T07:18:04","atum_locations":[],"atum_stock_status":"instock","restock_status":false,"low_stock_amount":"","sales_update_date":"2026-02-06T00:01:18","calc_backorders":null,"_links":{"self":[{"href":"https:\/\/aromasentia.com\/es\/wp-json\/wp\/v2\/product\/242650","targetHints":{"allow":["GET"]}}],"collection":[{"href":"https:\/\/aromasentia.com\/es\/wp-json\/wp\/v2\/product"}],"about":[{"href":"https:\/\/aromasentia.com\/es\/wp-json\/wp\/v2\/types\/product"}],"replies":[{"embeddable":true,"href":"https:\/\/aromasentia.com\/es\/wp-json\/wp\/v2\/comments?post=242650"}],"version-history":[{"count":0,"href":"https:\/\/aromasentia.com\/es\/wp-json\/wp\/v2\/product\/242650\/revisions"}],"wp:featuredmedia":[{"embeddable":true,"href":"https:\/\/aromasentia.com\/es\/wp-json\/wp\/v2\/media\/267887"}],"wp:attachment":[{"href":"https:\/\/aromasentia.com\/es\/wp-json\/wp\/v2\/media?parent=242650"}],"wp:term":[{"taxonomy":"product_brand","embeddable":true,"href":"https:\/\/aromasentia.com\/es\/wp-json\/wp\/v2\/product_brand?post=242650"},{"taxonomy":"product_cat","embeddable":true,"href":"https:\/\/aromasentia.com\/es\/wp-json\/wp\/v2\/product_cat?post=242650"},{"taxonomy":"product_tag","embeddable":true,"href":"https:\/\/aromasentia.com\/es\/wp-json\/wp\/v2\/product_tag?post=242650"}],"curies":[{"name":"wp","href":"https:\/\/api.w.org\/{rel}","templated":true}]}}