{"id":242626,"date":"2025-03-20T15:14:06","date_gmt":"2025-03-20T15:14:06","guid":{"rendered":"https:\/\/aromasentia.com\/product\/rosehip-cut-rosehip-1kg\/"},"modified":"2025-05-31T20:29:33","modified_gmt":"2025-05-31T20:29:33","slug":"escaramujo-cortado-rosa-mosqueta-1kg","status":"publish","type":"product","link":"https:\/\/aromasentia.com\/es\/escaramujo-cortado-rosa-mosqueta-1kg\/","title":{"rendered":"Escaramujo (cortado) (Rosa mosqueta) 1KG"},"content":{"rendered":"<p>Aumente su bienestar con las bondades naturales de la Rosa Mosqueta (cortada) en este envase de 1Kg. Estos trozos desecados y cortados del fruto de la rosa mosqueta son famosos por su contenido excepcionalmente alto en vitamina C, junto con otros antioxidantes y vitaminas. El t\u00e9 de rosa mosqueta, con su sabor \u00e1cido y afrutado, es una opci\u00f3n popular para reforzar el sistema inmunol\u00f3gico, promover la salud de la piel y como t\u00f3nico general. Este generoso suministro permite realizar multitud de infusiones y preparados de hierbas saludables.<\/p>\n","protected":false},"excerpt":{"rendered":"<p>Aumente su bienestar con las bondades naturales de la Rosa Mosqueta (cortada) en este envase de 1Kg. Estos trozos desecados y cortados del fruto de la rosa mosqueta son famosos por su contenido excepcionalmente alto en vitamina C, junto con otros antioxidantes y vitaminas. El t\u00e9 de rosa mosqueta, con su sabor \u00e1cido y afrutado, [&hellip;]<\/p>\n","protected":false},"featured_media":267833,"comment_status":"closed","ping_status":"open","template":"","meta":{"_angie_page":false},"product_brand":[],"product_cat":[25844,16460,26499,26828],"product_tag":[],"class_list":{"0":"post-242626","1":"product","2":"type-product","3":"status-publish","4":"has-post-thumbnail","6":"product_cat-aromas","7":"product_cat-aromaterapia-y-fragancias-para-hogar","8":"product_cat-escaramujo","9":"product_cat-terroso-verde","10":"pa_collection-pure-floral-es","11":"pa_made-in-espana","13":"first","14":"instock","15":"purchasable","16":"product-type-simple"},"supplier_id":null,"supplier_sku":"PF-33","barcode":null,"atum_controlled":true,"out_stock_date":null,"out_stock_threshold":null,"inheritable":false,"inbound_stock":null,"stock_on_hold":0,"sold_today":0,"sales_last_days":0,"reserved_stock":null,"customer_returns":null,"warehouse_damage":null,"lost_in_post":null,"other_logs":null,"out_stock_days":0,"lost_sales":0,"has_location":false,"update_date":"2026-04-27T07:18:04","atum_locations":[],"atum_stock_status":"instock","restock_status":false,"low_stock_amount":"","sales_update_date":"2026-01-30T01:24:55","calc_backorders":null,"_links":{"self":[{"href":"https:\/\/aromasentia.com\/es\/wp-json\/wp\/v2\/product\/242626","targetHints":{"allow":["GET"]}}],"collection":[{"href":"https:\/\/aromasentia.com\/es\/wp-json\/wp\/v2\/product"}],"about":[{"href":"https:\/\/aromasentia.com\/es\/wp-json\/wp\/v2\/types\/product"}],"replies":[{"embeddable":true,"href":"https:\/\/aromasentia.com\/es\/wp-json\/wp\/v2\/comments?post=242626"}],"version-history":[{"count":0,"href":"https:\/\/aromasentia.com\/es\/wp-json\/wp\/v2\/product\/242626\/revisions"}],"wp:featuredmedia":[{"embeddable":true,"href":"https:\/\/aromasentia.com\/es\/wp-json\/wp\/v2\/media\/267833"}],"wp:attachment":[{"href":"https:\/\/aromasentia.com\/es\/wp-json\/wp\/v2\/media?parent=242626"}],"wp:term":[{"taxonomy":"product_brand","embeddable":true,"href":"https:\/\/aromasentia.com\/es\/wp-json\/wp\/v2\/product_brand?post=242626"},{"taxonomy":"product_cat","embeddable":true,"href":"https:\/\/aromasentia.com\/es\/wp-json\/wp\/v2\/product_cat?post=242626"},{"taxonomy":"product_tag","embeddable":true,"href":"https:\/\/aromasentia.com\/es\/wp-json\/wp\/v2\/product_tag?post=242626"}],"curies":[{"name":"wp","href":"https:\/\/api.w.org\/{rel}","templated":true}]}}