{"id":242610,"date":"2025-03-20T15:14:06","date_gmt":"2025-03-20T15:14:06","guid":{"rendered":"https:\/\/aromasentia.com\/product\/green-cardamom-grains-1kg\/"},"modified":"2025-05-31T20:29:20","modified_gmt":"2025-05-31T20:29:20","slug":"cardamomo-verde-en-grano-1kg","status":"publish","type":"product","link":"https:\/\/aromasentia.com\/es\/cardamomo-verde-en-grano-1kg\/","title":{"rendered":"Cardamomo Verde (en grano) 1KG"},"content":{"rendered":"<p>A\u00f1ada un toque ex\u00f3tico y arom\u00e1tico a su cocina con Cardamomo Verde (granos) en este paquete de 1Kg. Estos granos enteros (vainas que contienen semillas) proporcionan un sabor intensamente perfumado, dulce, picante y ligeramente c\u00edtrico parecido al eucalipto. El cardamomo, una especia muy apreciada en la cocina india, escandinava y de Oriente Medio, realza los platos dulces y salados, desde el curry y el arroz pilaf hasta la reposter\u00eda y los t\u00e9s especiados. Esta oferta a granel garantiza un suministro abundante de esta exquisita y vers\u00e1til \u00abReina de las especias\u00bb.<\/p>\n","protected":false},"excerpt":{"rendered":"<p>A\u00f1ada un toque ex\u00f3tico y arom\u00e1tico a su cocina con Cardamomo Verde (granos) en este paquete de 1Kg. Estos granos enteros (vainas que contienen semillas) proporcionan un sabor intensamente perfumado, dulce, picante y ligeramente c\u00edtrico parecido al eucalipto. El cardamomo, una especia muy apreciada en la cocina india, escandinava y de Oriente Medio, realza los [&hellip;]<\/p>\n","protected":false},"featured_media":267797,"comment_status":"closed","ping_status":"open","template":"","meta":{"_angie_page":false},"product_brand":[],"product_cat":[16460],"product_tag":[],"class_list":{"0":"post-242610","1":"product","2":"type-product","3":"status-publish","4":"has-post-thumbnail","6":"product_cat-aromaterapia-y-fragancias-para-hogar","7":"pa_collection-pure-floral-es","8":"pa_made-in-guatemala","10":"first","11":"instock","12":"purchasable","13":"product-type-simple"},"supplier_id":null,"supplier_sku":"PF-29","barcode":null,"atum_controlled":true,"out_stock_date":null,"out_stock_threshold":null,"inheritable":false,"inbound_stock":0,"stock_on_hold":0,"sold_today":0,"sales_last_days":0,"reserved_stock":0,"customer_returns":0,"warehouse_damage":0,"lost_in_post":0,"other_logs":0,"out_stock_days":0,"lost_sales":0,"has_location":false,"update_date":"2026-05-08T05:16:50","atum_locations":[],"atum_stock_status":"instock","restock_status":false,"low_stock_amount":"","sales_update_date":"2026-01-30T01:25:48","calc_backorders":null,"_links":{"self":[{"href":"https:\/\/aromasentia.com\/es\/wp-json\/wp\/v2\/product\/242610","targetHints":{"allow":["GET"]}}],"collection":[{"href":"https:\/\/aromasentia.com\/es\/wp-json\/wp\/v2\/product"}],"about":[{"href":"https:\/\/aromasentia.com\/es\/wp-json\/wp\/v2\/types\/product"}],"replies":[{"embeddable":true,"href":"https:\/\/aromasentia.com\/es\/wp-json\/wp\/v2\/comments?post=242610"}],"version-history":[{"count":0,"href":"https:\/\/aromasentia.com\/es\/wp-json\/wp\/v2\/product\/242610\/revisions"}],"wp:featuredmedia":[{"embeddable":true,"href":"https:\/\/aromasentia.com\/es\/wp-json\/wp\/v2\/media\/267797"}],"wp:attachment":[{"href":"https:\/\/aromasentia.com\/es\/wp-json\/wp\/v2\/media?parent=242610"}],"wp:term":[{"taxonomy":"product_brand","embeddable":true,"href":"https:\/\/aromasentia.com\/es\/wp-json\/wp\/v2\/product_brand?post=242610"},{"taxonomy":"product_cat","embeddable":true,"href":"https:\/\/aromasentia.com\/es\/wp-json\/wp\/v2\/product_cat?post=242610"},{"taxonomy":"product_tag","embeddable":true,"href":"https:\/\/aromasentia.com\/es\/wp-json\/wp\/v2\/product_tag?post=242610"}],"curies":[{"name":"wp","href":"https:\/\/api.w.org\/{rel}","templated":true}]}}