{"id":242558,"date":"2025-03-20T15:14:15","date_gmt":"2025-03-20T15:14:15","guid":{"rendered":"https:\/\/aromasentia.com\/product\/lemongrass-cut-1kg\/"},"modified":"2025-05-31T20:28:23","modified_gmt":"2025-05-31T20:28:23","slug":"lemongras-cortado-1kg","status":"publish","type":"product","link":"https:\/\/aromasentia.com\/es\/lemongras-cortado-1kg\/","title":{"rendered":"Lemongras (cortado) 1KG"},"content":{"rendered":"<p>Vigorice sus sentidos con Lemongrass (cortada) en este envase de 1Kg. Esta fragante hierba tropical ofrece un aroma y un sabor potentes, frescos, alimonados y ligeramente parecidos al jengibre. Muy utilizada en la cocina del sudeste asi\u00e1tico, la hierba lim\u00f3n aporta un toque picante al curry, las sopas y los adobos. Como t\u00e9, es estimulante y puede facilitar la digesti\u00f3n. Esta forma cortada es conveniente para infusiones y cocinar, proporcionando una explosi\u00f3n de refresco c\u00edtrico y un toque ex\u00f3tico a sus creaciones culinarias y arom\u00e1ticas.<\/p>\n","protected":false},"excerpt":{"rendered":"<p>Vigorice sus sentidos con Lemongrass (cortada) en este envase de 1Kg. Esta fragante hierba tropical ofrece un aroma y un sabor potentes, frescos, alimonados y ligeramente parecidos al jengibre. Muy utilizada en la cocina del sudeste asi\u00e1tico, la hierba lim\u00f3n aporta un toque picante al curry, las sopas y los adobos. Como t\u00e9, es estimulante [&hellip;]<\/p>\n","protected":false},"featured_media":267914,"comment_status":"closed","ping_status":"open","template":"","meta":{"_angie_page":false},"product_brand":[],"product_cat":[25844,16460,26821,26255],"product_tag":[],"class_list":{"0":"post-242558","1":"product","2":"type-product","3":"status-publish","4":"has-post-thumbnail","6":"product_cat-aromas","7":"product_cat-aromaterapia-y-fragancias-para-hogar","8":"product_cat-citrico","9":"product_cat-hierba-limon-lemongrass","10":"pa_collection-pure-floral-es","11":"pa_made-in-egipto","13":"first","14":"instock","15":"purchasable","16":"product-type-simple"},"supplier_id":null,"supplier_sku":"PF-43","barcode":null,"atum_controlled":true,"out_stock_date":null,"out_stock_threshold":null,"inheritable":false,"inbound_stock":null,"stock_on_hold":0,"sold_today":0,"sales_last_days":0,"reserved_stock":null,"customer_returns":null,"warehouse_damage":null,"lost_in_post":null,"other_logs":null,"out_stock_days":0,"lost_sales":0,"has_location":null,"update_date":"2026-04-27T07:18:04","atum_locations":[],"atum_stock_status":"instock","restock_status":false,"low_stock_amount":"","sales_update_date":"2026-01-30T01:25:49","calc_backorders":null,"_links":{"self":[{"href":"https:\/\/aromasentia.com\/es\/wp-json\/wp\/v2\/product\/242558","targetHints":{"allow":["GET"]}}],"collection":[{"href":"https:\/\/aromasentia.com\/es\/wp-json\/wp\/v2\/product"}],"about":[{"href":"https:\/\/aromasentia.com\/es\/wp-json\/wp\/v2\/types\/product"}],"replies":[{"embeddable":true,"href":"https:\/\/aromasentia.com\/es\/wp-json\/wp\/v2\/comments?post=242558"}],"version-history":[{"count":0,"href":"https:\/\/aromasentia.com\/es\/wp-json\/wp\/v2\/product\/242558\/revisions"}],"wp:featuredmedia":[{"embeddable":true,"href":"https:\/\/aromasentia.com\/es\/wp-json\/wp\/v2\/media\/267914"}],"wp:attachment":[{"href":"https:\/\/aromasentia.com\/es\/wp-json\/wp\/v2\/media?parent=242558"}],"wp:term":[{"taxonomy":"product_brand","embeddable":true,"href":"https:\/\/aromasentia.com\/es\/wp-json\/wp\/v2\/product_brand?post=242558"},{"taxonomy":"product_cat","embeddable":true,"href":"https:\/\/aromasentia.com\/es\/wp-json\/wp\/v2\/product_cat?post=242558"},{"taxonomy":"product_tag","embeddable":true,"href":"https:\/\/aromasentia.com\/es\/wp-json\/wp\/v2\/product_tag?post=242558"}],"curies":[{"name":"wp","href":"https:\/\/api.w.org\/{rel}","templated":true}]}}