{"id":242550,"date":"2025-03-20T15:14:21","date_gmt":"2025-03-20T15:14:21","guid":{"rendered":"https:\/\/aromasentia.com\/product\/lemon-50ml-essential-oil\/"},"modified":"2025-05-31T20:28:18","modified_gmt":"2025-05-31T20:28:18","slug":"aceite-esencial-50ml-limon","status":"publish","type":"product","link":"https:\/\/aromasentia.com\/es\/aceite-esencial-50ml-limon\/","title":{"rendered":"Aceite Esencial 50ml &#8211; Lim\u00f3n"},"content":{"rendered":"<p><strong>Nombre Latino:<\/strong> Citrus Limon<\/p>\n<p><strong>Parte de la planta utilizada: <\/strong>C\u00e1scara de Fruta<\/p>\n<p><strong>Origen:<\/strong> Italia<\/p>\n<p><strong>M\u00e9todo de Extracci\u00f3n: <\/strong>Expresi\u00f3n en Fr\u00edo<\/p>\n<p style=\"text-align: justify;\"><strong>El aceite esencial de lim\u00f3n tiene un olor fuerte y fresco<\/strong> y se extrae de la c\u00e1scara de fruta fresca de lim\u00f3n mediante expresi\u00f3n fr\u00eda. Este aceite es refrescante para la mente y agudiza la concentraci\u00f3n, por lo que a menudo se prefiere en ambientadores para oficinas y bancos. Se cree que ayuda con el reumatismo, la artritis y la gota. Se ha utilizado para curar problemas de la piel como abscesos, for\u00fanculos, carbuncos y acn\u00e9. Aumenta el sistema inmune y limpia el cuerpo.<\/p>\n<p><strong>Cuando se usa en un quemador de aceite (unas gotas en agua<\/strong>), los vapores del aceite de lim\u00f3n se usan para resfriados, laringitis, dolor de cabeza y gripe. Oler el aroma es \u00fatil para el hipo mental como depresi\u00f3n, irritaci\u00f3n, estr\u00e9s, letargo y fatiga. Levanta los esp\u00edritus y despeja la mente. Cuando se agregan unas gotas al ba\u00f1o o cuando se mezclan con un aceite de masaje, se dice que alivia los problemas digestivos, la falta de energ\u00eda, el cansancio, las infecciones, la obesidad, el reumatismo, la depresi\u00f3n y el estr\u00e9s. Tambi\u00e9n se usa para ayudar a deshacerse de las resacas.<\/p>\n<p><strong>La planta de lim\u00f3n es originaria de India y quiz\u00e1s de China<\/strong>, y fue tra\u00edda a Europa por los cruzados en la Edad Media. Dado que la fruta tiene una buena cantidad de vitaminas A, B y C, se les dio una onza al d\u00eda a los marineros para prevenir el escorbuto, problemas oculares y otras deficiencias de vitaminas. El primer cultivo real de lim\u00f3n en Europa comenz\u00f3 en G\u00e9nova a mediados del siglo XV. M\u00e1s tarde fue introducido en Am\u00e9rica por Crist\u00f3bal Col\u00f3n. Las conquistas espa\u00f1olas ayudaron a extender m\u00e1s las semillas de lim\u00f3n. El lim\u00f3n se usaba principalmente como adorno y como medicina. Fue solo mucho m\u00e1s tarde que comenz\u00f3 a usarse en la cocina.<\/p>\n","protected":false},"excerpt":{"rendered":"<p>Nombre Latino: Citrus Limon Parte de la planta utilizada: C\u00e1scara de Fruta Origen: Italia M\u00e9todo de Extracci\u00f3n: Expresi\u00f3n en Fr\u00edo El aceite esencial de lim\u00f3n tiene un olor fuerte y fresco y se extrae de la c\u00e1scara de fruta fresca de lim\u00f3n mediante expresi\u00f3n fr\u00eda. Este aceite es refrescante para la mente y agudiza la [&hellip;]<\/p>\n","protected":false},"featured_media":268130,"comment_status":"closed","ping_status":"open","template":"","meta":[],"product_brand":[27095],"product_cat":[23652,25844,16460,26821,26236],"product_tag":[],"class_list":{"0":"post-242550","1":"product","2":"type-product","3":"status-publish","4":"has-post-thumbnail","6":"product_brand-ancient-wisdom","7":"product_cat-aceites-esenciales","8":"product_cat-aromas","9":"product_cat-aromaterapia-y-fragancias-para-hogar","10":"product_cat-citrico","11":"product_cat-limon","12":"pa_collection-50ml-essential-oil-es","13":"pa_made-in-italia","14":"pa_size-50ml","16":"first","17":"instock","18":"purchasable","19":"product-type-simple"},"supplier_id":null,"supplier_sku":"PrEO-12","barcode":null,"atum_controlled":true,"out_stock_date":null,"out_stock_threshold":null,"inheritable":false,"inbound_stock":null,"stock_on_hold":0,"sold_today":0,"sales_last_days":0,"reserved_stock":null,"customer_returns":null,"warehouse_damage":null,"lost_in_post":null,"other_logs":null,"out_stock_days":0,"lost_sales":0,"has_location":null,"update_date":"2026-01-30T01:25:52","atum_locations":[],"atum_stock_status":"instock","restock_status":false,"low_stock_amount":"","sales_update_date":"2026-01-30T01:25:52","calc_backorders":null,"_links":{"self":[{"href":"https:\/\/aromasentia.com\/es\/wp-json\/wp\/v2\/product\/242550","targetHints":{"allow":["GET"]}}],"collection":[{"href":"https:\/\/aromasentia.com\/es\/wp-json\/wp\/v2\/product"}],"about":[{"href":"https:\/\/aromasentia.com\/es\/wp-json\/wp\/v2\/types\/product"}],"replies":[{"embeddable":true,"href":"https:\/\/aromasentia.com\/es\/wp-json\/wp\/v2\/comments?post=242550"}],"version-history":[{"count":0,"href":"https:\/\/aromasentia.com\/es\/wp-json\/wp\/v2\/product\/242550\/revisions"}],"wp:featuredmedia":[{"embeddable":true,"href":"https:\/\/aromasentia.com\/es\/wp-json\/wp\/v2\/media\/268130"}],"wp:attachment":[{"href":"https:\/\/aromasentia.com\/es\/wp-json\/wp\/v2\/media?parent=242550"}],"wp:term":[{"taxonomy":"product_brand","embeddable":true,"href":"https:\/\/aromasentia.com\/es\/wp-json\/wp\/v2\/product_brand?post=242550"},{"taxonomy":"product_cat","embeddable":true,"href":"https:\/\/aromasentia.com\/es\/wp-json\/wp\/v2\/product_cat?post=242550"},{"taxonomy":"product_tag","embeddable":true,"href":"https:\/\/aromasentia.com\/es\/wp-json\/wp\/v2\/product_tag?post=242550"}],"curies":[{"name":"wp","href":"https:\/\/api.w.org\/{rel}","templated":true}]}}