{"id":242546,"date":"2025-03-20T15:14:21","date_gmt":"2025-03-20T15:14:21","guid":{"rendered":"https:\/\/aromasentia.com\/product\/jasmine-dilute-50ml-essential-oil\/"},"modified":"2025-05-31T20:28:15","modified_gmt":"2025-05-31T20:28:15","slug":"aceite-esencial-50ml-jazmin-diluido","status":"publish","type":"product","link":"https:\/\/aromasentia.com\/es\/aceite-esencial-50ml-jazmin-diluido\/","title":{"rendered":"Aceite Esencial 50ml &#8211; Jazm\u00edn Diluido"},"content":{"rendered":"<p><strong>Nombre Latino:<\/strong> Jasminum Officinale<\/p>\n<p><strong>Parte de la planta utilizada:<\/strong> Hojas Secas<\/p>\n<p><strong>Origen:<\/strong> India<\/p>\n<p><strong>M\u00e9todo de extracci\u00f3n: <\/strong>Destilaci\u00f3n al Vapor<\/p>\n<p><strong>5% de diluci\u00f3n en aceite de semilla de uva<\/strong><\/p>\n<p style=\"text-align: justify;\">Pueden ser las propiedades afrodis\u00edacas las que colocaron el aceite de jazm\u00edn en una demanda tan alta a lo largo de la historia. El aceite esencial de jazm\u00edn se us\u00f3 en curaciones y ceremonias religiosas debido a esta calidad convincente. En China, el aceite de jazm\u00edn se usaba en habitaciones enfermas para hacer que el aire fuera fragante, pero tambi\u00e9n se pensaba que limpiaba el aire de contaminantes incluso antes del descubrimiento de bacterias. Los antiguos egipcios usaban aceite de jazm\u00edn para dolores de cabeza, trastornos nerviosos y para promover un sue\u00f1o reparador.<\/p>\n<p style=\"text-align: justify;\"><\/p>\n<p style=\"text-align: justify;\">Hoy, la esencia se produce a trav\u00e9s de un proceso llamado extracci\u00f3n por solvente. A primera vista, el jazm\u00edn tiene que ver con el olor. Su compleja energ\u00eda floral es un levantador de \u00e1nimo para la mayor\u00eda de las personas y, a menudo, proporciona cualidades afrodis\u00edacas. Los estudios han demostrado que solo el olor a jazm\u00edn puede aumentar el estado de alerta, la coordinaci\u00f3n mano-ojo, aumentar la autoconfianza y la felicidad, y reducir el estr\u00e9s.<\/p>\n<p style=\"text-align: justify;\"><\/p>\n<p style=\"text-align: justify;\">En un sentido terap\u00e9utico, el jazm\u00edn puede tratar la piel seca y envejecida. Se usa en bajas concentraciones para tratar el eccema y la dermatitis. Adem\u00e1s, el jazm\u00edn es \u00fatil para desvanecer cicatrices y tratar las estr\u00edas despu\u00e9s del parto. Jasmine puede aliviar la ira, la ansiedad y el estr\u00e9s sin actuar como sedante. Jasmine abre uno a las opciones disponibles a trav\u00e9s de un pensamiento m\u00e1s claro. Este poder calmante y equilibrante tambi\u00e9n puede reducir la inflamaci\u00f3n del estr\u00e9s emocional.<\/p>\n<p style=\"text-align: justify;\"><\/p>\n<p style=\"text-align: justify;\">Jasmine tiene una larga historia de mejorar la libido, liberar inhibiciones e inspirar deseo sexual. El jazm\u00edn tiene propiedades que regulan los ciclos menstruales, pueden reducir el dolor menstrual, el letargo y los cambios de humor. Tambi\u00e9n puede retrasar el inicio de la menopausia.<\/p>\n","protected":false},"excerpt":{"rendered":"<p>Nombre Latino: Jasminum Officinale Parte de la planta utilizada: Hojas Secas Origen: India M\u00e9todo de extracci\u00f3n: Destilaci\u00f3n al Vapor 5% de diluci\u00f3n en aceite de semilla de uva Pueden ser las propiedades afrodis\u00edacas las que colocaron el aceite de jazm\u00edn en una demanda tan alta a lo largo de la historia. El aceite esencial de [&hellip;]<\/p>\n","protected":false},"featured_media":268121,"comment_status":"closed","ping_status":"open","template":"","meta":{"_angie_page":false},"product_brand":[27095],"product_cat":[23652,25844,16460,26835,26223],"product_tag":[],"class_list":{"0":"post-242546","1":"product","2":"type-product","3":"status-publish","4":"has-post-thumbnail","6":"product_brand-ancient-wisdom","7":"product_cat-aceites-esenciales","8":"product_cat-aromas","9":"product_cat-aromaterapia-y-fragancias-para-hogar","10":"product_cat-floral","11":"product_cat-jazmin","12":"pa_collection-50ml-essential-oil-es","13":"pa_made-in-indonesia","14":"pa_size-50ml","16":"first","17":"instock","18":"purchasable","19":"product-type-simple"},"supplier_id":null,"supplier_sku":"PrEO-11","barcode":null,"atum_controlled":true,"out_stock_date":null,"out_stock_threshold":null,"inheritable":false,"inbound_stock":null,"stock_on_hold":0,"sold_today":0,"sales_last_days":0,"reserved_stock":null,"customer_returns":null,"warehouse_damage":null,"lost_in_post":null,"other_logs":null,"out_stock_days":0,"lost_sales":0,"has_location":null,"update_date":"2026-04-27T07:18:20","atum_locations":[],"atum_stock_status":"instock","restock_status":false,"low_stock_amount":"","sales_update_date":"2025-09-05T00:18:00","calc_backorders":null,"_links":{"self":[{"href":"https:\/\/aromasentia.com\/es\/wp-json\/wp\/v2\/product\/242546","targetHints":{"allow":["GET"]}}],"collection":[{"href":"https:\/\/aromasentia.com\/es\/wp-json\/wp\/v2\/product"}],"about":[{"href":"https:\/\/aromasentia.com\/es\/wp-json\/wp\/v2\/types\/product"}],"replies":[{"embeddable":true,"href":"https:\/\/aromasentia.com\/es\/wp-json\/wp\/v2\/comments?post=242546"}],"version-history":[{"count":0,"href":"https:\/\/aromasentia.com\/es\/wp-json\/wp\/v2\/product\/242546\/revisions"}],"wp:featuredmedia":[{"embeddable":true,"href":"https:\/\/aromasentia.com\/es\/wp-json\/wp\/v2\/media\/268121"}],"wp:attachment":[{"href":"https:\/\/aromasentia.com\/es\/wp-json\/wp\/v2\/media?parent=242546"}],"wp:term":[{"taxonomy":"product_brand","embeddable":true,"href":"https:\/\/aromasentia.com\/es\/wp-json\/wp\/v2\/product_brand?post=242546"},{"taxonomy":"product_cat","embeddable":true,"href":"https:\/\/aromasentia.com\/es\/wp-json\/wp\/v2\/product_cat?post=242546"},{"taxonomy":"product_tag","embeddable":true,"href":"https:\/\/aromasentia.com\/es\/wp-json\/wp\/v2\/product_tag?post=242546"}],"curies":[{"name":"wp","href":"https:\/\/api.w.org\/{rel}","templated":true}]}}